{"id":17337,"date":"2024-07-10T23:02:34","date_gmt":"2024-07-10T23:02:34","guid":{"rendered":"https:\/\/para-pharmacity.tn\/?product=hair-xl-phyto-lotion-anti-chute"},"modified":"2024-09-11T16:21:15","modified_gmt":"2024-09-11T16:21:15","slug":"hair-xl-phyto-lotion-anti-chute","status":"publish","type":"product","link":"https:\/\/para-pharmacity.tn\/?product=hair-xl-phyto-lotion-anti-chute","title":{"rendered":"HAIR XL PHYTO LOTION ANTI CHUTE"},"content":{"rendered":"<p>Hair Xl Phyto-Lotion antichute favorise la repousse des cheveux. Il est indique dans les cas de chute des cheveux (stress, fatigue, convales-cence).<\/p>\n<p>Efficacit\u00e9 et qualit\u00e9s cosm\u00e9tique: Il Diminue\/freine la chute des cheveux et lute efficacement contre la chute des cheveux.<\/p>\n<p>Favorise la repousse et la croissance du cheveu existant.<\/p>\n<p>Appliquer raie par raie sur le cuir chevelu.<\/p>\n<p>Masser l\u00e9g\u00e8rement du bout des doigts.<\/p>\n<p>Utiliser Hair Xl Anti-Chute 3 fois par semaine sur des cheveux propres, sec ou mouilles pendant 3 mois.<\/p>\n<p>Phyto-Lotion au extraits de plantes pour les hommes et les femmes. Tout types de cheveux.<\/p>\n","protected":false},"excerpt":{"rendered":"<div id=\"product-description-short-6880\" class=\"mb-25\">\n<p><strong>Hair Xl Phyto-Lotion antichute favorise la repousse des cheveux. Il est indique dans les cas de chute des cheveux (stress, fatigue, convales-cence).<\/strong><\/p>\n<\/div>\n<div class=\"product-prices\">\n<div class=\"product-price \"><\/div>\n<\/div>\n","protected":false},"featured_media":24773,"comment_status":"open","ping_status":"closed","template":"","meta":[],"product_cat":[20],"product_tag":[],"class_list":{"0":"post-17337","1":"product","2":"type-product","3":"status-publish","4":"has-post-thumbnail","6":"product_cat-accessories","8":"first","9":"instock","10":"shipping-taxable","11":"product-type-simple"},"jetpack_sharing_enabled":true,"_links":{"self":[{"href":"https:\/\/para-pharmacity.tn\/index.php?rest_route=\/wp\/v2\/product\/17337","targetHints":{"allow":["GET"]}}],"collection":[{"href":"https:\/\/para-pharmacity.tn\/index.php?rest_route=\/wp\/v2\/product"}],"about":[{"href":"https:\/\/para-pharmacity.tn\/index.php?rest_route=\/wp\/v2\/types\/product"}],"replies":[{"embeddable":true,"href":"https:\/\/para-pharmacity.tn\/index.php?rest_route=%2Fwp%2Fv2%2Fcomments&post=17337"}],"version-history":[{"count":2,"href":"https:\/\/para-pharmacity.tn\/index.php?rest_route=\/wp\/v2\/product\/17337\/revisions"}],"predecessor-version":[{"id":24774,"href":"https:\/\/para-pharmacity.tn\/index.php?rest_route=\/wp\/v2\/product\/17337\/revisions\/24774"}],"wp:featuredmedia":[{"embeddable":true,"href":"https:\/\/para-pharmacity.tn\/index.php?rest_route=\/wp\/v2\/media\/24773"}],"wp:attachment":[{"href":"https:\/\/para-pharmacity.tn\/index.php?rest_route=%2Fwp%2Fv2%2Fmedia&parent=17337"}],"wp:term":[{"taxonomy":"product_cat","embeddable":true,"href":"https:\/\/para-pharmacity.tn\/index.php?rest_route=%2Fwp%2Fv2%2Fproduct_cat&post=17337"},{"taxonomy":"product_tag","embeddable":true,"href":"https:\/\/para-pharmacity.tn\/index.php?rest_route=%2Fwp%2Fv2%2Fproduct_tag&post=17337"}],"curies":[{"name":"wp","href":"https:\/\/api.w.org\/{rel}","templated":true}]}}