{"id":17335,"date":"2024-07-10T23:02:33","date_gmt":"2024-07-10T23:02:33","guid":{"rendered":"https:\/\/para-pharmacity.tn\/?product=gynex-gel-lubrifiant-tube-50-ml"},"modified":"2024-09-11T16:08:53","modified_gmt":"2024-09-11T16:08:53","slug":"gynex-gel-lubrifiant-tube-50-ml","status":"publish","type":"product","link":"https:\/\/para-pharmacity.tn\/?product=gynex-gel-lubrifiant-tube-50-ml","title":{"rendered":"GYNEX GEL LUBRIFIANT TUBE 50 ML"},"content":{"rendered":"<p>Gynex gel lubrifiant gel intime pour\u00a0pimenter la vie sexuel des couples. Ce gel lubrifiant am\u00e9liore la lubrification des muqueuses. Cette propri\u00e9t\u00e9 pallie aux probl\u00e8mes de s\u00e9cheresse vaginale.<\/p>\n<p>Ce gel hydratatnt et lubrifiant poss\u00e8de une propri\u00e9t\u00e9 rafra\u00eechissante et \u00e9molliente procurant une sensation de confort.<\/p>\n<p><strong>Conseil d&rsquo;utilisation:<\/strong><\/p>\n<p>A utiliser \u00e0 chaque fois l&rsquo;utilisateur en ressentira le besoin. Il faut en appliquer une certaine quantit\u00e9 \u00e0 l&rsquo;entr\u00e9e du vagin de mani\u00e8re ponctuelle.<\/p>\n<p><strong>Contenance:<\/strong><\/p>\n<p>50mL<\/p>\n","protected":false},"excerpt":{"rendered":"<p>Gynex gel lubrifiant gel intime pour\u00a0pimenter la vie sexuel des couples. Ce gel lubrifiant am\u00e9liore la lubrification des muqueuses. Cette propri\u00e9t\u00e9 pallie aux probl\u00e8mes de s\u00e9cheresse vaginale.<\/p>\n","protected":false},"featured_media":24763,"comment_status":"open","ping_status":"closed","template":"","meta":[],"product_cat":[20],"product_tag":[],"class_list":{"0":"post-17335","1":"product","2":"type-product","3":"status-publish","4":"has-post-thumbnail","6":"product_cat-accessories","8":"first","9":"instock","10":"shipping-taxable","11":"product-type-simple"},"jetpack_sharing_enabled":true,"_links":{"self":[{"href":"https:\/\/para-pharmacity.tn\/index.php?rest_route=\/wp\/v2\/product\/17335","targetHints":{"allow":["GET"]}}],"collection":[{"href":"https:\/\/para-pharmacity.tn\/index.php?rest_route=\/wp\/v2\/product"}],"about":[{"href":"https:\/\/para-pharmacity.tn\/index.php?rest_route=\/wp\/v2\/types\/product"}],"replies":[{"embeddable":true,"href":"https:\/\/para-pharmacity.tn\/index.php?rest_route=%2Fwp%2Fv2%2Fcomments&post=17335"}],"version-history":[{"count":2,"href":"https:\/\/para-pharmacity.tn\/index.php?rest_route=\/wp\/v2\/product\/17335\/revisions"}],"predecessor-version":[{"id":24764,"href":"https:\/\/para-pharmacity.tn\/index.php?rest_route=\/wp\/v2\/product\/17335\/revisions\/24764"}],"wp:featuredmedia":[{"embeddable":true,"href":"https:\/\/para-pharmacity.tn\/index.php?rest_route=\/wp\/v2\/media\/24763"}],"wp:attachment":[{"href":"https:\/\/para-pharmacity.tn\/index.php?rest_route=%2Fwp%2Fv2%2Fmedia&parent=17335"}],"wp:term":[{"taxonomy":"product_cat","embeddable":true,"href":"https:\/\/para-pharmacity.tn\/index.php?rest_route=%2Fwp%2Fv2%2Fproduct_cat&post=17335"},{"taxonomy":"product_tag","embeddable":true,"href":"https:\/\/para-pharmacity.tn\/index.php?rest_route=%2Fwp%2Fv2%2Fproduct_tag&post=17335"}],"curies":[{"name":"wp","href":"https:\/\/api.w.org\/{rel}","templated":true}]}}