{"id":17332,"date":"2024-07-10T23:02:32","date_gmt":"2024-07-10T23:02:32","guid":{"rendered":"https:\/\/para-pharmacity.tn\/?product=gyna-girl-125-ml"},"modified":"2024-09-11T15:59:20","modified_gmt":"2024-09-11T15:59:20","slug":"gyna-girl-125-ml","status":"publish","type":"product","link":"https:\/\/para-pharmacity.tn\/?product=gyna-girl-125-ml","title":{"rendered":"GYNA GIRL &#8211; 125 ML"},"content":{"rendered":"<p class=\"p1\">Gel de toilette intime 4 GIRLS &#8211; 125 mL<\/p>\n<p class=\"p1\">Aux fibres pr\u00e9biotiques naturelles<\/p>\n<p class=\"p1\">DermoXEN gel de toilette intime 4GIRLS, sp\u00e9cialement con\u00e7u pour l\u2019hygi\u00e8ne intime quotidienne des jeunes filles en \u00e2ge pr\u00e9-pub\u00e8re, exerce une d\u00e9licate action nettoyante, protectrice et \u00e9molliente, gr\u00e2ce \u00e0 la pr\u00e9sence de l\u2019huile de<\/p>\n<p class=\"p1\">Neem, de l\u2019extrait de propolis et des fibres pr\u00e9biotiques.<\/p>\n<p class=\"p2\">Parfum sans allerg\u00e8nes.<\/p>\n<p class=\"p1\"><strong>Ingr\u00e9dients<\/strong><\/p>\n<p class=\"p1\">Extraits de propolis et huile de Neem: aident \u00e0 cr\u00e9er un environnement hostile \u00e0 l\u2019attaque de micro-organismes pathog\u00e8nes, en donnant soulagement et hydratation.<\/p>\n<p class=\"p1\">Fibres pr\u00e9biotiques: prot\u00e8gent le d\u00e9licat \u00e9cosyst\u00e8me vaginal des jeunes filles.<\/p>\n","protected":false},"excerpt":{"rendered":"<p>DermoXEN gel de toilette intime 4GIRLS est con\u00e7u pour l&rsquo;hygi\u00e8ne quotidienne des jeunes filles. Il nettoie d\u00e9licatement et prot\u00e8ge avec de l\u2019huile de Neem, de l\u2019extrait de propolis et des fibres pr\u00e9biotiques. Parfum sans allerg\u00e8nes.<\/p>\n","protected":false},"featured_media":24756,"comment_status":"open","ping_status":"closed","template":"","meta":[],"product_cat":[20],"product_tag":[],"class_list":{"0":"post-17332","1":"product","2":"type-product","3":"status-publish","4":"has-post-thumbnail","6":"product_cat-accessories","8":"first","9":"instock","10":"shipping-taxable","11":"product-type-simple"},"jetpack_sharing_enabled":true,"_links":{"self":[{"href":"https:\/\/para-pharmacity.tn\/index.php?rest_route=\/wp\/v2\/product\/17332","targetHints":{"allow":["GET"]}}],"collection":[{"href":"https:\/\/para-pharmacity.tn\/index.php?rest_route=\/wp\/v2\/product"}],"about":[{"href":"https:\/\/para-pharmacity.tn\/index.php?rest_route=\/wp\/v2\/types\/product"}],"replies":[{"embeddable":true,"href":"https:\/\/para-pharmacity.tn\/index.php?rest_route=%2Fwp%2Fv2%2Fcomments&post=17332"}],"version-history":[{"count":1,"href":"https:\/\/para-pharmacity.tn\/index.php?rest_route=\/wp\/v2\/product\/17332\/revisions"}],"predecessor-version":[{"id":24757,"href":"https:\/\/para-pharmacity.tn\/index.php?rest_route=\/wp\/v2\/product\/17332\/revisions\/24757"}],"wp:featuredmedia":[{"embeddable":true,"href":"https:\/\/para-pharmacity.tn\/index.php?rest_route=\/wp\/v2\/media\/24756"}],"wp:attachment":[{"href":"https:\/\/para-pharmacity.tn\/index.php?rest_route=%2Fwp%2Fv2%2Fmedia&parent=17332"}],"wp:term":[{"taxonomy":"product_cat","embeddable":true,"href":"https:\/\/para-pharmacity.tn\/index.php?rest_route=%2Fwp%2Fv2%2Fproduct_cat&post=17332"},{"taxonomy":"product_tag","embeddable":true,"href":"https:\/\/para-pharmacity.tn\/index.php?rest_route=%2Fwp%2Fv2%2Fproduct_tag&post=17332"}],"curies":[{"name":"wp","href":"https:\/\/api.w.org\/{rel}","templated":true}]}}