{"id":17328,"date":"2024-07-10T23:02:29","date_gmt":"2024-07-10T23:02:29","guid":{"rendered":"https:\/\/para-pharmacity.tn\/?product=gum-bad-original-white-souple-561"},"modified":"2024-09-11T15:47:36","modified_gmt":"2024-09-11T15:47:36","slug":"gum-bad-original-white-souple-561","status":"publish","type":"product","link":"https:\/\/para-pharmacity.tn\/?product=gum-bad-original-white-souple-561","title":{"rendered":"GUM BAD ORIGINAL WHITE SOUPLE 561"},"content":{"rendered":"<p>GUM Original White Brosse \u00e0 Dents Souple 561 \u00e9limine plus facilement les colorations dentaires que d&rsquo;autres brosses \u00e0 dents classiques Les brins recouverts d&rsquo;un \u00e9lastom\u00e8re sp\u00e9cial, aident les dents \u00e0 retrouver leur blancheur naturelle, \u00e9liminant efficacement et en douceur la plaque et les colorations de la surface de la dent, tout en favorisant la sant\u00e9 bucco-dentaire Il est conseill\u00e9 d&rsquo;utiliser le dentifrice GUM Original White en compl\u00e9ment Efficacit\u00e9 test\u00e9e cliniquement Il est recommand\u00e9 de se brosser les dents apr\u00e8s chaque repas.<\/p>\n","protected":false},"excerpt":{"rendered":"<p>Brosse \u00e0 Dents Souple 561 GUM Original White | Hygi\u00e8ne dentaire | Pour \u00e9liminer les colorations dentaires &#8211; Elimine plus facilement les colorations dentaires que d&rsquo;autres brosses \u00e0 dents classiques &#8211; Les brins recouverts d&rsquo;un \u00e9lastom\u00e8re sp\u00e9cial, aident les dents \u00e0 retrouver leur blancheur naturelle<\/p>\n","protected":false},"featured_media":24748,"comment_status":"open","ping_status":"closed","template":"","meta":[],"product_cat":[20],"product_tag":[],"class_list":{"0":"post-17328","1":"product","2":"type-product","3":"status-publish","4":"has-post-thumbnail","6":"product_cat-accessories","8":"first","9":"instock","10":"shipping-taxable","11":"product-type-simple"},"jetpack_sharing_enabled":true,"_links":{"self":[{"href":"https:\/\/para-pharmacity.tn\/index.php?rest_route=\/wp\/v2\/product\/17328","targetHints":{"allow":["GET"]}}],"collection":[{"href":"https:\/\/para-pharmacity.tn\/index.php?rest_route=\/wp\/v2\/product"}],"about":[{"href":"https:\/\/para-pharmacity.tn\/index.php?rest_route=\/wp\/v2\/types\/product"}],"replies":[{"embeddable":true,"href":"https:\/\/para-pharmacity.tn\/index.php?rest_route=%2Fwp%2Fv2%2Fcomments&post=17328"}],"version-history":[{"count":2,"href":"https:\/\/para-pharmacity.tn\/index.php?rest_route=\/wp\/v2\/product\/17328\/revisions"}],"predecessor-version":[{"id":24749,"href":"https:\/\/para-pharmacity.tn\/index.php?rest_route=\/wp\/v2\/product\/17328\/revisions\/24749"}],"wp:featuredmedia":[{"embeddable":true,"href":"https:\/\/para-pharmacity.tn\/index.php?rest_route=\/wp\/v2\/media\/24748"}],"wp:attachment":[{"href":"https:\/\/para-pharmacity.tn\/index.php?rest_route=%2Fwp%2Fv2%2Fmedia&parent=17328"}],"wp:term":[{"taxonomy":"product_cat","embeddable":true,"href":"https:\/\/para-pharmacity.tn\/index.php?rest_route=%2Fwp%2Fv2%2Fproduct_cat&post=17328"},{"taxonomy":"product_tag","embeddable":true,"href":"https:\/\/para-pharmacity.tn\/index.php?rest_route=%2Fwp%2Fv2%2Fproduct_tag&post=17328"}],"curies":[{"name":"wp","href":"https:\/\/api.w.org\/{rel}","templated":true}]}}