{"id":17325,"date":"2024-07-10T23:02:29","date_gmt":"2024-07-10T23:02:29","guid":{"rendered":"https:\/\/para-pharmacity.tn\/?product=grenat-vaseline-salicylee-20"},"modified":"2024-09-11T14:26:23","modified_gmt":"2024-09-11T14:26:23","slug":"grenat-vaseline-salicylee-20","status":"publish","type":"product","link":"https:\/\/para-pharmacity.tn\/?product=grenat-vaseline-salicylee-20","title":{"rendered":"GRENAT VASELINE SALICYLEE 20%"},"content":{"rendered":"<p>Pr\u00e9paration pharmaceutique, faite d\u2019acide salicylique dilu\u00e9 dans de la vaseline utilis\u00e9e pour traiter les dermatoses hyperk\u00e9ratosiques.<\/p>\n<p>Selon l\u2019efficacit\u00e9 d\u00e9sir\u00e9e, la concentration d\u2019acide salicylique peut varier de 1% pour les peaux s\u00e8ches et les fines squames \u00e0 plus de 50% pour les verrues.<\/p>\n<p>Les concentrations de 5 \u00e0 10% sont utilis\u00e9es pour les psoriasis hyperk\u00e9ratosiques<\/p>\n<ul>\n<li>Ramollit et \u00e9limine par exfoliation les cellules mortes de la couche corn\u00e9e de l\u2019\u00e9piderme et \u00e9limine les squames.<\/li>\n<li>Traite et soulage fissures, rugosit\u00e9s au niveau des pieds, des genoux et des mains.<\/li>\n<\/ul>\n","protected":false},"excerpt":{"rendered":"<p>Pr\u00e9paration d&rsquo;acide salicylique dilu\u00e9 dans de la vaseline pour traiter les dermatoses hyperk\u00e9ratosiques. La concentration varie de 1% (peaux s\u00e8ches) \u00e0 plus de 50% (verrues).<\/p>\n","protected":false},"featured_media":24742,"comment_status":"open","ping_status":"closed","template":"","meta":[],"product_cat":[20],"product_tag":[],"class_list":{"0":"post-17325","1":"product","2":"type-product","3":"status-publish","4":"has-post-thumbnail","6":"product_cat-accessories","8":"first","9":"instock","10":"shipping-taxable","11":"product-type-simple"},"jetpack_sharing_enabled":true,"_links":{"self":[{"href":"https:\/\/para-pharmacity.tn\/index.php?rest_route=\/wp\/v2\/product\/17325","targetHints":{"allow":["GET"]}}],"collection":[{"href":"https:\/\/para-pharmacity.tn\/index.php?rest_route=\/wp\/v2\/product"}],"about":[{"href":"https:\/\/para-pharmacity.tn\/index.php?rest_route=\/wp\/v2\/types\/product"}],"replies":[{"embeddable":true,"href":"https:\/\/para-pharmacity.tn\/index.php?rest_route=%2Fwp%2Fv2%2Fcomments&post=17325"}],"version-history":[{"count":2,"href":"https:\/\/para-pharmacity.tn\/index.php?rest_route=\/wp\/v2\/product\/17325\/revisions"}],"predecessor-version":[{"id":24743,"href":"https:\/\/para-pharmacity.tn\/index.php?rest_route=\/wp\/v2\/product\/17325\/revisions\/24743"}],"wp:featuredmedia":[{"embeddable":true,"href":"https:\/\/para-pharmacity.tn\/index.php?rest_route=\/wp\/v2\/media\/24742"}],"wp:attachment":[{"href":"https:\/\/para-pharmacity.tn\/index.php?rest_route=%2Fwp%2Fv2%2Fmedia&parent=17325"}],"wp:term":[{"taxonomy":"product_cat","embeddable":true,"href":"https:\/\/para-pharmacity.tn\/index.php?rest_route=%2Fwp%2Fv2%2Fproduct_cat&post=17325"},{"taxonomy":"product_tag","embeddable":true,"href":"https:\/\/para-pharmacity.tn\/index.php?rest_route=%2Fwp%2Fv2%2Fproduct_tag&post=17325"}],"curies":[{"name":"wp","href":"https:\/\/api.w.org\/{rel}","templated":true}]}}