{"id":17323,"date":"2024-07-10T23:02:28","date_gmt":"2024-07-10T23:02:28","guid":{"rendered":"https:\/\/para-pharmacity.tn\/?product=grenat-vaseline-originale-100ml"},"modified":"2024-09-11T14:21:12","modified_gmt":"2024-09-11T14:21:12","slug":"grenat-vaseline-originale-100ml","status":"publish","type":"product","link":"https:\/\/para-pharmacity.tn\/?product=grenat-vaseline-originale-100ml","title":{"rendered":"GRENAT VASELINE ORIGINALE 100ML"},"content":{"rendered":"<p>La vaseline originale est un produit qui a pour principale fonction de pr\u00e9venir la d\u00e9shydratation et de prot\u00e9ger la barri\u00e8re cutan\u00e9e.<\/p>\n<p>La peau a tendance \u00e0 se d\u00e9shydrater facilement. L\u2019application de la vaseline sur la peau aide \u00e0 pr\u00e9venir cette d\u00e9shydratation. Son action principale est de cr\u00e9er une barri\u00e8re physique qui limite la perte d\u2019eau de la peau, aidant ainsi \u00e0 maintenir son hydratation naturelle.<\/p>\n<p>Pour l\u2019utilisation de la vaseline cosm\u00e9tique, il est recommand\u00e9 de l\u2019appliquer localement, directement avec les mains, sur les zones de la peau sujettes \u00e0 la s\u00e9cheresse. Cela peut inclure les zones s\u00e8ches ou rugueuses de la peau, o\u00f9 la vaseline agit en formant une couche protectrice pour aider \u00e0 retenir l\u2019humidit\u00e9.<\/p>\n","protected":false},"excerpt":{"rendered":"<p>La vaseline pr\u00e9vient la d\u00e9shydratation en prot\u00e9geant la barri\u00e8re cutan\u00e9e, cr\u00e9ant une barri\u00e8re physique qui aide \u00e0 retenir l&rsquo;hydratation naturelle de la peau.<\/p>\n","protected":false},"featured_media":24740,"comment_status":"open","ping_status":"closed","template":"","meta":[],"product_cat":[20],"product_tag":[],"class_list":{"0":"post-17323","1":"product","2":"type-product","3":"status-publish","4":"has-post-thumbnail","6":"product_cat-accessories","8":"first","9":"instock","10":"shipping-taxable","11":"product-type-simple"},"jetpack_sharing_enabled":true,"_links":{"self":[{"href":"https:\/\/para-pharmacity.tn\/index.php?rest_route=\/wp\/v2\/product\/17323","targetHints":{"allow":["GET"]}}],"collection":[{"href":"https:\/\/para-pharmacity.tn\/index.php?rest_route=\/wp\/v2\/product"}],"about":[{"href":"https:\/\/para-pharmacity.tn\/index.php?rest_route=\/wp\/v2\/types\/product"}],"replies":[{"embeddable":true,"href":"https:\/\/para-pharmacity.tn\/index.php?rest_route=%2Fwp%2Fv2%2Fcomments&post=17323"}],"version-history":[{"count":2,"href":"https:\/\/para-pharmacity.tn\/index.php?rest_route=\/wp\/v2\/product\/17323\/revisions"}],"predecessor-version":[{"id":24737,"href":"https:\/\/para-pharmacity.tn\/index.php?rest_route=\/wp\/v2\/product\/17323\/revisions\/24737"}],"wp:featuredmedia":[{"embeddable":true,"href":"https:\/\/para-pharmacity.tn\/index.php?rest_route=\/wp\/v2\/media\/24740"}],"wp:attachment":[{"href":"https:\/\/para-pharmacity.tn\/index.php?rest_route=%2Fwp%2Fv2%2Fmedia&parent=17323"}],"wp:term":[{"taxonomy":"product_cat","embeddable":true,"href":"https:\/\/para-pharmacity.tn\/index.php?rest_route=%2Fwp%2Fv2%2Fproduct_cat&post=17323"},{"taxonomy":"product_tag","embeddable":true,"href":"https:\/\/para-pharmacity.tn\/index.php?rest_route=%2Fwp%2Fv2%2Fproduct_tag&post=17323"}],"curies":[{"name":"wp","href":"https:\/\/api.w.org\/{rel}","templated":true}]}}