{"id":17322,"date":"2024-07-10T23:02:28","date_gmt":"2024-07-10T23:02:28","guid":{"rendered":"https:\/\/para-pharmacity.tn\/?product=grenat-vaseline-lavande-90-gr"},"modified":"2024-09-11T14:00:12","modified_gmt":"2024-09-11T14:00:12","slug":"grenat-vaseline-lavande-90-gr","status":"publish","type":"product","link":"https:\/\/para-pharmacity.tn\/?product=grenat-vaseline-lavande-90-gr","title":{"rendered":"GRENAT VASELINE LAVANDE 90 GR"},"content":{"rendered":"<p>Cr\u00e8me hydratante type Vaseline \u00e0 la lavande (khouzama).<\/p>\n<p>Usage mains, visage, l\u00e8vres, pieds et corps. Pour une peau douce et en bonne sant\u00e9.<\/p>\n<p>Cette cr\u00e8me riche en vitamine A et E peut \u00e9galement servir de baume \u00e0 l\u00e8vres, tr\u00e8s efficace pour les personnes qui souffrent durant l\u2019hiver des l\u00e8vres gerc\u00e9es.<\/p>\n","protected":false},"excerpt":{"rendered":"<p>Cr\u00e8me hydratante \u00e0 la lavande pour mains, visage, l\u00e8vres, pieds et corps. Riche en vitamines A et E, id\u00e9ale pour une peau douce et hydrat\u00e9e, et contre les l\u00e8vres gerc\u00e9es en hiver.<\/p>\n","protected":false},"featured_media":24733,"comment_status":"open","ping_status":"closed","template":"","meta":[],"product_cat":[20],"product_tag":[],"class_list":{"0":"post-17322","1":"product","2":"type-product","3":"status-publish","4":"has-post-thumbnail","6":"product_cat-accessories","8":"first","9":"instock","10":"shipping-taxable","11":"product-type-simple"},"jetpack_sharing_enabled":true,"_links":{"self":[{"href":"https:\/\/para-pharmacity.tn\/index.php?rest_route=\/wp\/v2\/product\/17322","targetHints":{"allow":["GET"]}}],"collection":[{"href":"https:\/\/para-pharmacity.tn\/index.php?rest_route=\/wp\/v2\/product"}],"about":[{"href":"https:\/\/para-pharmacity.tn\/index.php?rest_route=\/wp\/v2\/types\/product"}],"replies":[{"embeddable":true,"href":"https:\/\/para-pharmacity.tn\/index.php?rest_route=%2Fwp%2Fv2%2Fcomments&post=17322"}],"version-history":[{"count":2,"href":"https:\/\/para-pharmacity.tn\/index.php?rest_route=\/wp\/v2\/product\/17322\/revisions"}],"predecessor-version":[{"id":24734,"href":"https:\/\/para-pharmacity.tn\/index.php?rest_route=\/wp\/v2\/product\/17322\/revisions\/24734"}],"wp:featuredmedia":[{"embeddable":true,"href":"https:\/\/para-pharmacity.tn\/index.php?rest_route=\/wp\/v2\/media\/24733"}],"wp:attachment":[{"href":"https:\/\/para-pharmacity.tn\/index.php?rest_route=%2Fwp%2Fv2%2Fmedia&parent=17322"}],"wp:term":[{"taxonomy":"product_cat","embeddable":true,"href":"https:\/\/para-pharmacity.tn\/index.php?rest_route=%2Fwp%2Fv2%2Fproduct_cat&post=17322"},{"taxonomy":"product_tag","embeddable":true,"href":"https:\/\/para-pharmacity.tn\/index.php?rest_route=%2Fwp%2Fv2%2Fproduct_tag&post=17322"}],"curies":[{"name":"wp","href":"https:\/\/api.w.org\/{rel}","templated":true}]}}