{"id":17321,"date":"2024-07-10T23:02:28","date_gmt":"2024-07-10T23:02:28","guid":{"rendered":"https:\/\/para-pharmacity.tn\/?product=grenat-vaseline-aloe-vera-90g"},"modified":"2024-09-11T13:53:02","modified_gmt":"2024-09-11T13:53:02","slug":"grenat-vaseline-aloe-vera-90g","status":"publish","type":"product","link":"https:\/\/para-pharmacity.tn\/?product=grenat-vaseline-aloe-vera-90g","title":{"rendered":"GRENAT VASELINE ALOE VERA 90G"},"content":{"rendered":"<p>La vaseline est un produit qui limite la d\u00e9shydratation et prot\u00e8ge la barri\u00e8re cutan\u00e9e.<\/p>\n<p>La peau se d\u00e9shydrate rapidement. Appliquer de la vaseline sur la peau, emp\u00eache cette d\u00e9shydratation. Elle limite la perte insensible d\u2019eau par son effet m\u00e9canique de barri\u00e8re.<\/p>\n<p>Comment l\u2019utiliser ?<\/p>\n<p>La vaseline cosm\u00e9tique, s\u2019applique localement, \u00e0 la main, sur les zones de s\u00e9cheresses.<\/p>\n","protected":false},"excerpt":{"rendered":"<p>La vaseline pr\u00e9vient la d\u00e9shydratation et prot\u00e8ge la barri\u00e8re cutan\u00e9e en limitant la perte d&rsquo;eau gr\u00e2ce \u00e0 son effet barri\u00e8re.<\/p>\n","protected":false},"featured_media":24730,"comment_status":"open","ping_status":"closed","template":"","meta":[],"product_cat":[20],"product_tag":[],"class_list":{"0":"post-17321","1":"product","2":"type-product","3":"status-publish","4":"has-post-thumbnail","6":"product_cat-accessories","8":"first","9":"instock","10":"shipping-taxable","11":"product-type-simple"},"jetpack_sharing_enabled":true,"_links":{"self":[{"href":"https:\/\/para-pharmacity.tn\/index.php?rest_route=\/wp\/v2\/product\/17321","targetHints":{"allow":["GET"]}}],"collection":[{"href":"https:\/\/para-pharmacity.tn\/index.php?rest_route=\/wp\/v2\/product"}],"about":[{"href":"https:\/\/para-pharmacity.tn\/index.php?rest_route=\/wp\/v2\/types\/product"}],"replies":[{"embeddable":true,"href":"https:\/\/para-pharmacity.tn\/index.php?rest_route=%2Fwp%2Fv2%2Fcomments&post=17321"}],"version-history":[{"count":2,"href":"https:\/\/para-pharmacity.tn\/index.php?rest_route=\/wp\/v2\/product\/17321\/revisions"}],"predecessor-version":[{"id":24731,"href":"https:\/\/para-pharmacity.tn\/index.php?rest_route=\/wp\/v2\/product\/17321\/revisions\/24731"}],"wp:featuredmedia":[{"embeddable":true,"href":"https:\/\/para-pharmacity.tn\/index.php?rest_route=\/wp\/v2\/media\/24730"}],"wp:attachment":[{"href":"https:\/\/para-pharmacity.tn\/index.php?rest_route=%2Fwp%2Fv2%2Fmedia&parent=17321"}],"wp:term":[{"taxonomy":"product_cat","embeddable":true,"href":"https:\/\/para-pharmacity.tn\/index.php?rest_route=%2Fwp%2Fv2%2Fproduct_cat&post=17321"},{"taxonomy":"product_tag","embeddable":true,"href":"https:\/\/para-pharmacity.tn\/index.php?rest_route=%2Fwp%2Fv2%2Fproduct_tag&post=17321"}],"curies":[{"name":"wp","href":"https:\/\/api.w.org\/{rel}","templated":true}]}}