{"id":17315,"date":"2024-07-10T23:02:26","date_gmt":"2024-07-10T23:02:26","guid":{"rendered":"https:\/\/para-pharmacity.tn\/?product=grenat-huile-d-amande-douce-1l"},"modified":"2024-09-11T11:15:27","modified_gmt":"2024-09-11T11:15:27","slug":"grenat-huile-d-amande-douce-1l","status":"publish","type":"product","link":"https:\/\/para-pharmacity.tn\/?product=grenat-huile-d-amande-douce-1l","title":{"rendered":"GRENAT HUILE D AMANDE DOUCE 1L"},"content":{"rendered":"<p>L\u2019huile d\u2019amande douce a de nombreuses propri\u00e9t\u00e9s b\u00e9n\u00e9fiques, en voici quelques-unes\u00a0: *Hydrater la peau s\u00e8che du visage et du corps. * Vous pouvez par exemple le tartiner \u00e0 la place de la cr\u00e8me apr\u00e8s la douche. * R\u00e9duire les vergetures (surtout celles dues \u00e0 la grossesse)\u00a0: dans ce cas, il faut appliquer quotidiennement sur le ventre, les fesses, les cuisses et les seins avec des mouvements circulaires et lents. *Favoriser la gu\u00e9rison des irritations cutan\u00e9es de diff\u00e9rents genres, m\u00eame les boutons de la varicelle et d\u2019autres maladies pr\u00e9existantes. * Comme alternative au d\u00e9maquillant (mais pas pour les peaux grasses). * Raviver les cheveux froiss\u00e9s et ternes. * Sur les l\u00e8vres au lieu du beurre de cacao. * Pour des massages relaxants ou comme base \u00e0 laquelle ajouter des huiles essentielles pour une s\u00e9ance d\u2019aromath\u00e9rapie. * Pour le massage n\u00e9onatal. * Apr\u00e8s l\u2019\u00e9pilation, pour \u00e9liminer les r\u00e9sidus d\u2019\u00e9pilation et calmer la rougeur et l\u2019irritation de la peau. Il est \u00e9galement 100% v\u00e9g\u00e9tal. INGR\u00c9DIENTS (Inci)\u00a0: Prunus amygdalus dulcis oil, 100% v\u00e9g\u00e9tal. PR\u00c9CAUTIONS D\u2019UTILISATION Ne pas disperser dans l\u2019environnement. \u00c9viter les chutes, les chocs et les manipulations inappropri\u00e9es qui peuvent provoquer des fuites du produit. Conserver dans un endroit frais, sec et \u00e0 l\u2019abri de la chaleur. Date limite d\u2019utilisation (PAO)\u00a0: 12 mois apr\u00e8s ouverture.<\/p>\n","protected":false},"excerpt":{"rendered":"<p>HUILE D&rsquo;AMANDE DOUCE 1000 ml (au parfum inspir\u00e9 du GRENAT INDIEN<\/p>\n","protected":false},"featured_media":24727,"comment_status":"open","ping_status":"closed","template":"","meta":[],"product_cat":[20],"product_tag":[],"class_list":{"0":"post-17315","1":"product","2":"type-product","3":"status-publish","4":"has-post-thumbnail","6":"product_cat-accessories","8":"first","9":"instock","10":"shipping-taxable","11":"product-type-simple"},"jetpack_sharing_enabled":true,"_links":{"self":[{"href":"https:\/\/para-pharmacity.tn\/index.php?rest_route=\/wp\/v2\/product\/17315","targetHints":{"allow":["GET"]}}],"collection":[{"href":"https:\/\/para-pharmacity.tn\/index.php?rest_route=\/wp\/v2\/product"}],"about":[{"href":"https:\/\/para-pharmacity.tn\/index.php?rest_route=\/wp\/v2\/types\/product"}],"replies":[{"embeddable":true,"href":"https:\/\/para-pharmacity.tn\/index.php?rest_route=%2Fwp%2Fv2%2Fcomments&post=17315"}],"version-history":[{"count":2,"href":"https:\/\/para-pharmacity.tn\/index.php?rest_route=\/wp\/v2\/product\/17315\/revisions"}],"predecessor-version":[{"id":24728,"href":"https:\/\/para-pharmacity.tn\/index.php?rest_route=\/wp\/v2\/product\/17315\/revisions\/24728"}],"wp:featuredmedia":[{"embeddable":true,"href":"https:\/\/para-pharmacity.tn\/index.php?rest_route=\/wp\/v2\/media\/24727"}],"wp:attachment":[{"href":"https:\/\/para-pharmacity.tn\/index.php?rest_route=%2Fwp%2Fv2%2Fmedia&parent=17315"}],"wp:term":[{"taxonomy":"product_cat","embeddable":true,"href":"https:\/\/para-pharmacity.tn\/index.php?rest_route=%2Fwp%2Fv2%2Fproduct_cat&post=17315"},{"taxonomy":"product_tag","embeddable":true,"href":"https:\/\/para-pharmacity.tn\/index.php?rest_route=%2Fwp%2Fv2%2Fproduct_tag&post=17315"}],"curies":[{"name":"wp","href":"https:\/\/api.w.org\/{rel}","templated":true}]}}