{"id":17307,"date":"2024-07-10T23:02:23","date_gmt":"2024-07-10T23:02:23","guid":{"rendered":"https:\/\/para-pharmacity.tn\/?product=glycogyn-creme-apaisante"},"modified":"2024-09-11T10:54:10","modified_gmt":"2024-09-11T10:54:10","slug":"glycogyn-creme-apaisante","status":"publish","type":"product","link":"https:\/\/para-pharmacity.tn\/?product=glycogyn-creme-apaisante","title":{"rendered":"GLYCOGYN CREME APAISANTE"},"content":{"rendered":"<p>Propri\u00e9t\u00e9s: anti-t\u00e2che pigmentaire, Eclaircissant<\/p>\n<p>&nbsp;<\/p>\n<p>Indication: Masque de grossesse, t\u00e2che de vieillesse, t\u00e2che cicatricielles<\/p>\n<p>&nbsp;<\/p>\n<p>Mode d\u2019utilisation: 2 applications par jour.<\/p>\n","protected":false},"excerpt":{"rendered":"<p>Masque de grossesse, t\u00e2che de vieillesse, t\u00e2che cicatricielles<\/p>\n","protected":false},"featured_media":24715,"comment_status":"open","ping_status":"closed","template":"","meta":[],"product_cat":[20],"product_tag":[],"class_list":{"0":"post-17307","1":"product","2":"type-product","3":"status-publish","4":"has-post-thumbnail","6":"product_cat-accessories","8":"first","9":"instock","10":"shipping-taxable","11":"product-type-simple"},"jetpack_sharing_enabled":true,"_links":{"self":[{"href":"https:\/\/para-pharmacity.tn\/index.php?rest_route=\/wp\/v2\/product\/17307","targetHints":{"allow":["GET"]}}],"collection":[{"href":"https:\/\/para-pharmacity.tn\/index.php?rest_route=\/wp\/v2\/product"}],"about":[{"href":"https:\/\/para-pharmacity.tn\/index.php?rest_route=\/wp\/v2\/types\/product"}],"replies":[{"embeddable":true,"href":"https:\/\/para-pharmacity.tn\/index.php?rest_route=%2Fwp%2Fv2%2Fcomments&post=17307"}],"version-history":[{"count":2,"href":"https:\/\/para-pharmacity.tn\/index.php?rest_route=\/wp\/v2\/product\/17307\/revisions"}],"predecessor-version":[{"id":24716,"href":"https:\/\/para-pharmacity.tn\/index.php?rest_route=\/wp\/v2\/product\/17307\/revisions\/24716"}],"wp:featuredmedia":[{"embeddable":true,"href":"https:\/\/para-pharmacity.tn\/index.php?rest_route=\/wp\/v2\/media\/24715"}],"wp:attachment":[{"href":"https:\/\/para-pharmacity.tn\/index.php?rest_route=%2Fwp%2Fv2%2Fmedia&parent=17307"}],"wp:term":[{"taxonomy":"product_cat","embeddable":true,"href":"https:\/\/para-pharmacity.tn\/index.php?rest_route=%2Fwp%2Fv2%2Fproduct_cat&post=17307"},{"taxonomy":"product_tag","embeddable":true,"href":"https:\/\/para-pharmacity.tn\/index.php?rest_route=%2Fwp%2Fv2%2Fproduct_tag&post=17307"}],"curies":[{"name":"wp","href":"https:\/\/api.w.org\/{rel}","templated":true}]}}