{"id":17306,"date":"2024-07-10T23:02:23","date_gmt":"2024-07-10T23:02:23","guid":{"rendered":"https:\/\/para-pharmacity.tn\/?product=glycerine-a-la-vitamine-e-90-ml"},"modified":"2024-09-11T10:51:18","modified_gmt":"2024-09-11T10:51:18","slug":"glycerine-a-la-vitamine-e-90-ml","status":"publish","type":"product","link":"https:\/\/para-pharmacity.tn\/?product=glycerine-a-la-vitamine-e-90-ml","title":{"rendered":"GLYCERINE A LA VITAMINE E 90 ML"},"content":{"rendered":"<p>l&rsquo;application de la glyc\u00e9rine enrichie de la vitamine E am\u00e9liore les propri\u00e9t\u00e9s de la peau \u00e0 travers diff\u00e9rents action:<\/p>\n<p>&#8211; anti-vieillissement cutan\u00e9e<\/p>\n<p>&#8211; Bonne hydratation de la peau<\/p>\n<p>-lutte contre des probl\u00e8mes dermatologiques<\/p>\n<p>-cicatrisation et r\u00e9g\u00e9n\u00e9ration de la peau<\/p>\n","protected":false},"excerpt":{"rendered":"<p>Un humectant et hydratant, mais c&rsquo;est \u00e9galement un agent d\u00e9naturant, un solvant, un conditionneur capillaire, un agent de protection de la peau et un ingr\u00e9dient utilis\u00e9 pour l&rsquo;hygi\u00e8ne buccale, contient de la vitamine E<\/p>\n","protected":false},"featured_media":24712,"comment_status":"open","ping_status":"closed","template":"","meta":[],"product_cat":[20],"product_tag":[],"class_list":{"0":"post-17306","1":"product","2":"type-product","3":"status-publish","4":"has-post-thumbnail","6":"product_cat-accessories","8":"first","9":"instock","10":"shipping-taxable","11":"product-type-simple"},"jetpack_sharing_enabled":true,"_links":{"self":[{"href":"https:\/\/para-pharmacity.tn\/index.php?rest_route=\/wp\/v2\/product\/17306","targetHints":{"allow":["GET"]}}],"collection":[{"href":"https:\/\/para-pharmacity.tn\/index.php?rest_route=\/wp\/v2\/product"}],"about":[{"href":"https:\/\/para-pharmacity.tn\/index.php?rest_route=\/wp\/v2\/types\/product"}],"replies":[{"embeddable":true,"href":"https:\/\/para-pharmacity.tn\/index.php?rest_route=%2Fwp%2Fv2%2Fcomments&post=17306"}],"version-history":[{"count":2,"href":"https:\/\/para-pharmacity.tn\/index.php?rest_route=\/wp\/v2\/product\/17306\/revisions"}],"predecessor-version":[{"id":24713,"href":"https:\/\/para-pharmacity.tn\/index.php?rest_route=\/wp\/v2\/product\/17306\/revisions\/24713"}],"wp:featuredmedia":[{"embeddable":true,"href":"https:\/\/para-pharmacity.tn\/index.php?rest_route=\/wp\/v2\/media\/24712"}],"wp:attachment":[{"href":"https:\/\/para-pharmacity.tn\/index.php?rest_route=%2Fwp%2Fv2%2Fmedia&parent=17306"}],"wp:term":[{"taxonomy":"product_cat","embeddable":true,"href":"https:\/\/para-pharmacity.tn\/index.php?rest_route=%2Fwp%2Fv2%2Fproduct_cat&post=17306"},{"taxonomy":"product_tag","embeddable":true,"href":"https:\/\/para-pharmacity.tn\/index.php?rest_route=%2Fwp%2Fv2%2Fproduct_tag&post=17306"}],"curies":[{"name":"wp","href":"https:\/\/api.w.org\/{rel}","templated":true}]}}