{"id":17305,"date":"2024-07-10T23:02:23","date_gmt":"2024-07-10T23:02:23","guid":{"rendered":"https:\/\/para-pharmacity.tn\/?product=glycerine-a-l-aloe-vera-90-ml"},"modified":"2024-09-11T10:48:13","modified_gmt":"2024-09-11T10:48:13","slug":"glycerine-a-l-aloe-vera-90-ml","status":"publish","type":"product","link":"https:\/\/para-pharmacity.tn\/?product=glycerine-a-l-aloe-vera-90-ml","title":{"rendered":"GLYCERINE A L ALOE VERA 90 ML"},"content":{"rendered":"<p>La glyc\u00e9rine est avant tout utilis\u00e9e en cosm\u00e9tique pour son pouvoir humectant et hydratant. Mais c&rsquo;est \u00e9galement un agent d\u00e9naturant, un solvant, un conditionneur capillaire, un agent de protection de la peau et un ingr\u00e9dient utilis\u00e9 pour l&rsquo;hygi\u00e8ne buccale (on en retrouve dans certains dentifrices pour remplacer le sorbitol). C&rsquo;est \u00e9galement un tr\u00e8s bon \u00e9mollient, un agent occlusif.<\/p>\n","protected":false},"excerpt":{"rendered":"<p>Un humectant et hydratant, mais c&rsquo;est \u00e9galement un agent d\u00e9naturant, un solvant, un conditionneur capillaire, un agent de protection de la peau et un ingr\u00e9dient utilis\u00e9 pour l&rsquo;hygi\u00e8ne buccale, contient de l&rsquo;alo\u00e9 vera<\/p>\n","protected":false},"featured_media":24709,"comment_status":"open","ping_status":"closed","template":"","meta":[],"product_cat":[20],"product_tag":[],"class_list":{"0":"post-17305","1":"product","2":"type-product","3":"status-publish","4":"has-post-thumbnail","6":"product_cat-accessories","8":"first","9":"instock","10":"shipping-taxable","11":"product-type-simple"},"jetpack_sharing_enabled":true,"_links":{"self":[{"href":"https:\/\/para-pharmacity.tn\/index.php?rest_route=\/wp\/v2\/product\/17305","targetHints":{"allow":["GET"]}}],"collection":[{"href":"https:\/\/para-pharmacity.tn\/index.php?rest_route=\/wp\/v2\/product"}],"about":[{"href":"https:\/\/para-pharmacity.tn\/index.php?rest_route=\/wp\/v2\/types\/product"}],"replies":[{"embeddable":true,"href":"https:\/\/para-pharmacity.tn\/index.php?rest_route=%2Fwp%2Fv2%2Fcomments&post=17305"}],"version-history":[{"count":2,"href":"https:\/\/para-pharmacity.tn\/index.php?rest_route=\/wp\/v2\/product\/17305\/revisions"}],"predecessor-version":[{"id":24710,"href":"https:\/\/para-pharmacity.tn\/index.php?rest_route=\/wp\/v2\/product\/17305\/revisions\/24710"}],"wp:featuredmedia":[{"embeddable":true,"href":"https:\/\/para-pharmacity.tn\/index.php?rest_route=\/wp\/v2\/media\/24709"}],"wp:attachment":[{"href":"https:\/\/para-pharmacity.tn\/index.php?rest_route=%2Fwp%2Fv2%2Fmedia&parent=17305"}],"wp:term":[{"taxonomy":"product_cat","embeddable":true,"href":"https:\/\/para-pharmacity.tn\/index.php?rest_route=%2Fwp%2Fv2%2Fproduct_cat&post=17305"},{"taxonomy":"product_tag","embeddable":true,"href":"https:\/\/para-pharmacity.tn\/index.php?rest_route=%2Fwp%2Fv2%2Fproduct_tag&post=17305"}],"curies":[{"name":"wp","href":"https:\/\/api.w.org\/{rel}","templated":true}]}}