{"id":17303,"date":"2024-07-10T23:02:22","date_gmt":"2024-07-10T23:02:22","guid":{"rendered":"https:\/\/para-pharmacity.tn\/?product=glycerial-serum-a-la-keratine-50-ml"},"modified":"2024-09-11T10:43:55","modified_gmt":"2024-09-11T10:43:55","slug":"glycerial-serum-a-la-keratine-50-ml","status":"publish","type":"product","link":"https:\/\/para-pharmacity.tn\/?product=glycerial-serum-a-la-keratine-50-ml","title":{"rendered":"GLYCERIAL SERUM A LA KERATINE 50 ML"},"content":{"rendered":"<h4>Les bienfaits du S\u00e9rum \u00e0 la K\u00e9ratine Glyceriall :<\/h4>\n<ul>\n<li><strong>R\u00e9paration:<\/strong>\u00a0La k\u00e9ratine, prot\u00e9ine naturelle du cheveu, reconstruit la fibre capillaire de l&rsquo;int\u00e9rieur, r\u00e9duisant ainsi les fourches et les cassures.<\/li>\n<li><strong>Lissage:<\/strong>\u00a0Le s\u00e9rum lisse les \u00e9cailles du cheveu, disciplinant ainsi la chevelure et facilitant le coiffage.<\/li>\n<li><strong>Brillance:<\/strong>\u00a0Il apporte une brillance intense aux cheveux, les rendant soyeux et lumineux.<\/li>\n<li><strong>Protection:<\/strong>\u00a0Il cr\u00e9e une barri\u00e8re protectrice autour du cheveu, le prot\u00e9geant des agressions ext\u00e9rieures (chaleur, pollution&#8230;).<\/li>\n<li><strong>Souplesse:<\/strong>\u00a0Il redonne souplesse et mouvement aux cheveux, m\u00eame les plus \u00e9pais.<\/li>\n<\/ul>\n","protected":false},"excerpt":{"rendered":"<div id=\"product-description-short-7089\" class=\"tvproduct-page-decs\">\n<p>Le\u00a0<strong>S\u00e9rum Capillaire \u00e0 la K\u00e9ratine 50ml de Glyceriall<\/strong>\u00a0est un soin cibl\u00e9 pour les cheveux ab\u00eem\u00e9s,\u00a0secs et difficiles \u00e0 coiffer.\u00a0Enrichi en k\u00e9ratine,\u00a0il p\u00e9n\u00e8tre en profondeur dans la fibre capillaire pour r\u00e9parer les dommages,\u00a0lisser les cuticules et apporter une brillance \u00e9clatante.<\/p>\n<\/div>\n","protected":false},"featured_media":24705,"comment_status":"open","ping_status":"closed","template":"","meta":[],"product_cat":[20],"product_tag":[],"class_list":{"0":"post-17303","1":"product","2":"type-product","3":"status-publish","4":"has-post-thumbnail","6":"product_cat-accessories","8":"first","9":"instock","10":"shipping-taxable","11":"product-type-simple"},"jetpack_sharing_enabled":true,"_links":{"self":[{"href":"https:\/\/para-pharmacity.tn\/index.php?rest_route=\/wp\/v2\/product\/17303","targetHints":{"allow":["GET"]}}],"collection":[{"href":"https:\/\/para-pharmacity.tn\/index.php?rest_route=\/wp\/v2\/product"}],"about":[{"href":"https:\/\/para-pharmacity.tn\/index.php?rest_route=\/wp\/v2\/types\/product"}],"replies":[{"embeddable":true,"href":"https:\/\/para-pharmacity.tn\/index.php?rest_route=%2Fwp%2Fv2%2Fcomments&post=17303"}],"version-history":[{"count":2,"href":"https:\/\/para-pharmacity.tn\/index.php?rest_route=\/wp\/v2\/product\/17303\/revisions"}],"predecessor-version":[{"id":24707,"href":"https:\/\/para-pharmacity.tn\/index.php?rest_route=\/wp\/v2\/product\/17303\/revisions\/24707"}],"wp:featuredmedia":[{"embeddable":true,"href":"https:\/\/para-pharmacity.tn\/index.php?rest_route=\/wp\/v2\/media\/24705"}],"wp:attachment":[{"href":"https:\/\/para-pharmacity.tn\/index.php?rest_route=%2Fwp%2Fv2%2Fmedia&parent=17303"}],"wp:term":[{"taxonomy":"product_cat","embeddable":true,"href":"https:\/\/para-pharmacity.tn\/index.php?rest_route=%2Fwp%2Fv2%2Fproduct_cat&post=17303"},{"taxonomy":"product_tag","embeddable":true,"href":"https:\/\/para-pharmacity.tn\/index.php?rest_route=%2Fwp%2Fv2%2Fproduct_tag&post=17303"}],"curies":[{"name":"wp","href":"https:\/\/api.w.org\/{rel}","templated":true}]}}