{"id":17302,"date":"2024-07-10T23:02:21","date_gmt":"2024-07-10T23:02:21","guid":{"rendered":"https:\/\/para-pharmacity.tn\/?product=glycerial-dissolvant-glycerial-100ml"},"modified":"2024-09-11T10:39:47","modified_gmt":"2024-09-11T10:39:47","slug":"glycerial-dissolvant-glycerial-100ml","status":"publish","type":"product","link":"https:\/\/para-pharmacity.tn\/?product=glycerial-dissolvant-glycerial-100ml","title":{"rendered":"GLYCERIAL DISSOLVANT GLYCERIAL 100ML"},"content":{"rendered":"<p>Prot\u00e9ge+ est un dissolvant efficace et rapide, il \u00e9limine parfaitement et instantan\u00e9ment le vernis.<\/p>\n<p>Parfait pour tout types d&rsquo;ongles.<\/p>\n<p>A la glyc\u00e9rine, pour d\u00e9maquiller les ongles en douceur, sans les d\u00e9ssecher.<\/p>\n","protected":false},"excerpt":{"rendered":"<p>RONCEY GLYCERIALL DISSOLVANT SANS ACETONE enl\u00e8ve le vernis \u00e0 ongles et ne dess\u00e8che pas le contour de l&rsquo;ongle et le d\u00e9maquille rapidement.<\/p>\n","protected":false},"featured_media":24702,"comment_status":"open","ping_status":"closed","template":"","meta":[],"product_cat":[20],"product_tag":[],"class_list":{"0":"post-17302","1":"product","2":"type-product","3":"status-publish","4":"has-post-thumbnail","6":"product_cat-accessories","8":"first","9":"instock","10":"shipping-taxable","11":"product-type-simple"},"jetpack_sharing_enabled":true,"_links":{"self":[{"href":"https:\/\/para-pharmacity.tn\/index.php?rest_route=\/wp\/v2\/product\/17302","targetHints":{"allow":["GET"]}}],"collection":[{"href":"https:\/\/para-pharmacity.tn\/index.php?rest_route=\/wp\/v2\/product"}],"about":[{"href":"https:\/\/para-pharmacity.tn\/index.php?rest_route=\/wp\/v2\/types\/product"}],"replies":[{"embeddable":true,"href":"https:\/\/para-pharmacity.tn\/index.php?rest_route=%2Fwp%2Fv2%2Fcomments&post=17302"}],"version-history":[{"count":2,"href":"https:\/\/para-pharmacity.tn\/index.php?rest_route=\/wp\/v2\/product\/17302\/revisions"}],"predecessor-version":[{"id":24703,"href":"https:\/\/para-pharmacity.tn\/index.php?rest_route=\/wp\/v2\/product\/17302\/revisions\/24703"}],"wp:featuredmedia":[{"embeddable":true,"href":"https:\/\/para-pharmacity.tn\/index.php?rest_route=\/wp\/v2\/media\/24702"}],"wp:attachment":[{"href":"https:\/\/para-pharmacity.tn\/index.php?rest_route=%2Fwp%2Fv2%2Fmedia&parent=17302"}],"wp:term":[{"taxonomy":"product_cat","embeddable":true,"href":"https:\/\/para-pharmacity.tn\/index.php?rest_route=%2Fwp%2Fv2%2Fproduct_cat&post=17302"},{"taxonomy":"product_tag","embeddable":true,"href":"https:\/\/para-pharmacity.tn\/index.php?rest_route=%2Fwp%2Fv2%2Fproduct_tag&post=17302"}],"curies":[{"name":"wp","href":"https:\/\/api.w.org\/{rel}","templated":true}]}}