{"id":17300,"date":"2024-07-10T23:02:21","date_gmt":"2024-07-10T23:02:21","guid":{"rendered":"https:\/\/para-pharmacity.tn\/?product=glycerial-baume-a-levre-vanille"},"modified":"2024-09-11T10:36:11","modified_gmt":"2024-09-11T10:36:11","slug":"glycerial-baume-a-levre-vanille","status":"publish","type":"product","link":"https:\/\/para-pharmacity.tn\/?product=glycerial-baume-a-levre-vanille","title":{"rendered":"GLYCERIAL BAUME A LEVRE VANILLE"},"content":{"rendered":"<p><strong>Baume \u00e0 l\u00e8vres &#8211; Glyceriall &#8211; senteur vanille &#8211; 4gr<\/strong><\/p>\n<p>Offrez \u00e0 vos l\u00e8vres le soin qu&rsquo;elles m\u00e9ritent avec le Baume \u00e0 L\u00e8vres Glyceriall, sp\u00e9cialement con\u00e7u pour hydrater, prot\u00e9ger et sublimer vos l\u00e8vres tout en leur procurant une sensation de douceur in\u00e9gal\u00e9e.<\/p>\n<p>&nbsp;<\/p>\n<p><strong>Caract\u00e9ristiques principales :<\/strong><\/p>\n<p>Hydratation Intense<\/p>\n<p>Texture L\u00e9g\u00e8re et Non-Collante<\/p>\n<p>Effet Sublimateur<\/p>\n<p>Ar\u00f4me Envo\u00fbtant de vanille : Profitez de l&rsquo;exp\u00e9rience sensorielle agr\u00e9able avec notre parfum envo\u00fbtant, qui ajoute une note subtile et d\u00e9licate \u00e0 chaque application.<\/p>\n<p><strong>Conseils d&rsquo;utilisation :<\/strong><\/p>\n<p>Appliquez g\u00e9n\u00e9reusement le Baume \u00e0 L\u00e8vres Glyceriall sur vos l\u00e8vres propres et s\u00e8ches d\u00e8s que n\u00e9cessaire. Pour une hydratation maximale, utilisez-le matin et soir ou avant l&rsquo;application de votre rouge \u00e0 l\u00e8vres pr\u00e9f\u00e9r\u00e9.<\/p>\n<p>&nbsp;<\/p>\n<p>Ingr\u00e9dients :<\/p>\n<p>Petrolatum, Butyropermumparkii Butter, Ricinus Communis.Cera, Alba.Paraffinum Liquidium, Isopropyl Myrestate, Benzophenone-3, Tocopheryl Acelate, Methylchlooroisothiazolinone, Methylisothiazolinone, aroma.<\/p>\n","protected":false},"excerpt":{"rendered":"<ul>\n<li>Prot\u00e8ge durablement<\/li>\n<li>Calme, assouplie &amp; prot\u00e8ge<\/li>\n<li>Pour les l\u00e8vres abim\u00e9es<\/li>\n<\/ul>\n","protected":false},"featured_media":24699,"comment_status":"open","ping_status":"closed","template":"","meta":[],"product_cat":[20],"product_tag":[],"class_list":{"0":"post-17300","1":"product","2":"type-product","3":"status-publish","4":"has-post-thumbnail","6":"product_cat-accessories","8":"first","9":"instock","10":"shipping-taxable","11":"product-type-simple"},"jetpack_sharing_enabled":true,"_links":{"self":[{"href":"https:\/\/para-pharmacity.tn\/index.php?rest_route=\/wp\/v2\/product\/17300","targetHints":{"allow":["GET"]}}],"collection":[{"href":"https:\/\/para-pharmacity.tn\/index.php?rest_route=\/wp\/v2\/product"}],"about":[{"href":"https:\/\/para-pharmacity.tn\/index.php?rest_route=\/wp\/v2\/types\/product"}],"replies":[{"embeddable":true,"href":"https:\/\/para-pharmacity.tn\/index.php?rest_route=%2Fwp%2Fv2%2Fcomments&post=17300"}],"version-history":[{"count":2,"href":"https:\/\/para-pharmacity.tn\/index.php?rest_route=\/wp\/v2\/product\/17300\/revisions"}],"predecessor-version":[{"id":24700,"href":"https:\/\/para-pharmacity.tn\/index.php?rest_route=\/wp\/v2\/product\/17300\/revisions\/24700"}],"wp:featuredmedia":[{"embeddable":true,"href":"https:\/\/para-pharmacity.tn\/index.php?rest_route=\/wp\/v2\/media\/24699"}],"wp:attachment":[{"href":"https:\/\/para-pharmacity.tn\/index.php?rest_route=%2Fwp%2Fv2%2Fmedia&parent=17300"}],"wp:term":[{"taxonomy":"product_cat","embeddable":true,"href":"https:\/\/para-pharmacity.tn\/index.php?rest_route=%2Fwp%2Fv2%2Fproduct_cat&post=17300"},{"taxonomy":"product_tag","embeddable":true,"href":"https:\/\/para-pharmacity.tn\/index.php?rest_route=%2Fwp%2Fv2%2Fproduct_tag&post=17300"}],"curies":[{"name":"wp","href":"https:\/\/api.w.org\/{rel}","templated":true}]}}