{"id":17293,"date":"2024-07-10T23:02:17","date_gmt":"2024-07-10T23:02:17","guid":{"rendered":"https:\/\/para-pharmacity.tn\/?product=glow-masque-nila-bleu-200-gr"},"modified":"2024-09-11T09:49:54","modified_gmt":"2024-09-11T09:49:54","slug":"glow-masque-nila-bleu-200-gr","status":"publish","type":"product","link":"https:\/\/para-pharmacity.tn\/?product=glow-masque-nila-bleu-200-gr","title":{"rendered":"GLOW MASQUE NILA BLEU 200 GR"},"content":{"rendered":"<p>Le masque au Nila bleu poss\u00e8de de nombreuses vertus et bienfaits :<\/p>\n<p>\u00c9claircit la peau et r\u00e9duit les effets de la lumi\u00e8re du soleil<\/p>\n<p>Resserre et raffermit la peau<\/p>\n<p>Permet de r\u00e9duire les t\u00e2ches brunes<\/p>\n<p>R\u00e9duit les zones de peau rugueuses telles que les aisselles, les coudes et les genoux<\/p>\n<p>Aide \u00e0 rester La peau jeune et lumineuse<\/p>\n<p>Hydratante<\/p>\n<p>Antioxydante<\/p>\n<p>Donne \u00e0 la peau un parfum attrayant et une douceur velout\u00e9e<\/p>\n<p><strong>Composition<\/strong><\/p>\n<p>EXTRAIT DE NILA \u2013 ARGILE BLANCHE \u2013 EAU DE ROSE \u2013 HUILE D\u2019AMANDE DOUCE \u2013 HUILE DE LA FIGUE DE BARBARIE \u2013 PHENOXYTHANOL \u2013 ETHYLHEXYLGLYCERIN.<\/p>\n<p><strong>Conseils d\u2019utilisation:\u00a0<\/strong><\/p>\n<p>\u00c0 appliquer comme un masque en couche sur le visage, le cou et les parties sombres en \u00e9vitant le contour des yeux et l\u00e8vres.<\/p>\n<p>Laisser pos\u00e9 15min.<\/p>\n<p>Rincer \u00e0 l\u2019eau ti\u00e8de et s\u00e9cher la peau avec une serviette.<\/p>\n<p>\u00c0 utiliser 2 \u00e0 3 fois par semaine.<\/p>\n<p><strong>Pr\u00e9cautions<\/strong><\/p>\n<p>D\u00e9conseill\u00e9 aux femmes enceintes et allaitante et aux enfants de moins de 6 ans<\/p>\n<p>Eviter le contact avec les yeux<\/p>\n<p>D\u00e9conseill\u00e9 aux peaux sensibles<\/p>\n","protected":false},"excerpt":{"rendered":"<p><strong>Ce masque aide \u00e0 \u00e9claircir le teint, adoucie les zones rugueuses (genoux, coudes, pieds). Hydratante, il laisse la peau tr\u00e8s douce et contribue \u00e0 r\u00e9duire les t\u00e2ches brunes et les signes de l\u2019\u00e2ge.<\/strong><\/p>\n","protected":false},"featured_media":24672,"comment_status":"open","ping_status":"closed","template":"","meta":[],"product_cat":[20],"product_tag":[],"class_list":{"0":"post-17293","1":"product","2":"type-product","3":"status-publish","4":"has-post-thumbnail","6":"product_cat-accessories","8":"first","9":"instock","10":"shipping-taxable","11":"product-type-simple"},"jetpack_sharing_enabled":true,"_links":{"self":[{"href":"https:\/\/para-pharmacity.tn\/index.php?rest_route=\/wp\/v2\/product\/17293","targetHints":{"allow":["GET"]}}],"collection":[{"href":"https:\/\/para-pharmacity.tn\/index.php?rest_route=\/wp\/v2\/product"}],"about":[{"href":"https:\/\/para-pharmacity.tn\/index.php?rest_route=\/wp\/v2\/types\/product"}],"replies":[{"embeddable":true,"href":"https:\/\/para-pharmacity.tn\/index.php?rest_route=%2Fwp%2Fv2%2Fcomments&post=17293"}],"version-history":[{"count":2,"href":"https:\/\/para-pharmacity.tn\/index.php?rest_route=\/wp\/v2\/product\/17293\/revisions"}],"predecessor-version":[{"id":24675,"href":"https:\/\/para-pharmacity.tn\/index.php?rest_route=\/wp\/v2\/product\/17293\/revisions\/24675"}],"wp:featuredmedia":[{"embeddable":true,"href":"https:\/\/para-pharmacity.tn\/index.php?rest_route=\/wp\/v2\/media\/24672"}],"wp:attachment":[{"href":"https:\/\/para-pharmacity.tn\/index.php?rest_route=%2Fwp%2Fv2%2Fmedia&parent=17293"}],"wp:term":[{"taxonomy":"product_cat","embeddable":true,"href":"https:\/\/para-pharmacity.tn\/index.php?rest_route=%2Fwp%2Fv2%2Fproduct_cat&post=17293"},{"taxonomy":"product_tag","embeddable":true,"href":"https:\/\/para-pharmacity.tn\/index.php?rest_route=%2Fwp%2Fv2%2Fproduct_tag&post=17293"}],"curies":[{"name":"wp","href":"https:\/\/api.w.org\/{rel}","templated":true}]}}