{"id":17292,"date":"2024-07-10T23:02:17","date_gmt":"2024-07-10T23:02:17","guid":{"rendered":"https:\/\/para-pharmacity.tn\/?product=glow-huile-de-ricin-100-ml"},"modified":"2024-09-10T12:56:25","modified_gmt":"2024-09-10T12:56:25","slug":"glow-huile-de-ricin-100-ml","status":"publish","type":"product","link":"https:\/\/para-pharmacity.tn\/?product=glow-huile-de-ricin-100-ml","title":{"rendered":"GLOW HUILE DE RICIN 100 ML"},"content":{"rendered":"<p>L\u2019huile de ricin dispose, de par ses propri\u00e9t\u00e9s (riche en acide gras, en vitamine E\u2026) d\u2019un fort pouvoir protecteur et nourrissant.<\/p>\n<p>Aide \u00e0 faire pousser les cils et nourrit les sourcils, redonne force et brillance aux cheveux pour gagner en \u00e9paisseur et en densit\u00e9.<\/p>\n<p>Permet \u00e0 la\u00a0barbe de repousser plus vite en donnant au poil un aspect harmonieux et brillant<\/p>\n<p>Cheveux:<\/p>\n<p>Appliquer l\u2019huile de ricin ou le m\u00e9lange d\u2019huile sur les racines en couvrant toute la t\u00eate. Massez bien le cuir chevelu pour faire p\u00e9n\u00e9trer l\u2019huile.<\/p>\n<p>Cils et sourcils:<\/p>\n<p>Pour faire une cure pour vos cils et sourcils, en soin quotidien, vous pouvez ajouter 2 gouttes d\u2019huile de ricin\u00a0 \u00e0 votre tube de mascara pr\u00e9f\u00e9r\u00e9.<\/p>\n<p>Barbe:<\/p>\n<p>Appliquer directement l\u2019huile de ricin, diviser la barbe en deux et d\u2019appliquer l\u2019huile de ricin chaude depuis la racine jusqu\u2019\u00e0 la pointe de la barbe.<\/p>\n<p>Conserver votre huile vierge dans un endroit frais et sec, \u00e0 l\u2019abri de la lumi\u00e8re<\/p>\n","protected":false},"excerpt":{"rendered":"<p>L\u2019huile de ricin dispose, de par ses propri\u00e9t\u00e9s (riche en acide gras, en vitamine E\u2026) d\u2019un fort pouvoir protecteur et nourrissant.<\/p>\n<p>Aide \u00e0 faire pousser les cils et nourrit les sourcils, redonne force et brillance aux cheveux pour gagner en \u00e9paisseur et en densit\u00e9.<\/p>\n<p>Permet \u00e0 la\u00a0barbe de repousser plus vite en donnant au poil un aspect harmonieux et brillant<\/p>\n","protected":false},"featured_media":24668,"comment_status":"open","ping_status":"closed","template":"","meta":[],"product_cat":[20],"product_tag":[],"class_list":{"0":"post-17292","1":"product","2":"type-product","3":"status-publish","4":"has-post-thumbnail","6":"product_cat-accessories","8":"first","9":"instock","10":"shipping-taxable","11":"product-type-simple"},"jetpack_sharing_enabled":true,"_links":{"self":[{"href":"https:\/\/para-pharmacity.tn\/index.php?rest_route=\/wp\/v2\/product\/17292","targetHints":{"allow":["GET"]}}],"collection":[{"href":"https:\/\/para-pharmacity.tn\/index.php?rest_route=\/wp\/v2\/product"}],"about":[{"href":"https:\/\/para-pharmacity.tn\/index.php?rest_route=\/wp\/v2\/types\/product"}],"replies":[{"embeddable":true,"href":"https:\/\/para-pharmacity.tn\/index.php?rest_route=%2Fwp%2Fv2%2Fcomments&post=17292"}],"version-history":[{"count":2,"href":"https:\/\/para-pharmacity.tn\/index.php?rest_route=\/wp\/v2\/product\/17292\/revisions"}],"predecessor-version":[{"id":24670,"href":"https:\/\/para-pharmacity.tn\/index.php?rest_route=\/wp\/v2\/product\/17292\/revisions\/24670"}],"wp:featuredmedia":[{"embeddable":true,"href":"https:\/\/para-pharmacity.tn\/index.php?rest_route=\/wp\/v2\/media\/24668"}],"wp:attachment":[{"href":"https:\/\/para-pharmacity.tn\/index.php?rest_route=%2Fwp%2Fv2%2Fmedia&parent=17292"}],"wp:term":[{"taxonomy":"product_cat","embeddable":true,"href":"https:\/\/para-pharmacity.tn\/index.php?rest_route=%2Fwp%2Fv2%2Fproduct_cat&post=17292"},{"taxonomy":"product_tag","embeddable":true,"href":"https:\/\/para-pharmacity.tn\/index.php?rest_route=%2Fwp%2Fv2%2Fproduct_tag&post=17292"}],"curies":[{"name":"wp","href":"https:\/\/api.w.org\/{rel}","templated":true}]}}