{"id":17290,"date":"2024-07-10T23:02:16","date_gmt":"2024-07-10T23:02:16","guid":{"rendered":"https:\/\/para-pharmacity.tn\/?product=glow-huile-d-amande-douce-100-ml"},"modified":"2024-09-10T12:42:33","modified_gmt":"2024-09-10T12:42:33","slug":"glow-huile-d-amande-douce-100-ml","status":"publish","type":"product","link":"https:\/\/para-pharmacity.tn\/?product=glow-huile-d-amande-douce-100-ml","title":{"rendered":"GLOW HUILE D AMANDE DOUCE 100 ML"},"content":{"rendered":"<p><strong>Corps :\u00a0<\/strong>Peau dess\u00e9ch\u00e9e, irrit\u00e9e, l\u2019huile d\u2019amande douce appliqu\u00e9e pure va la fortifier et la rendre plus douce. N\u2019h\u00e9sitez pas \u00e0 l\u2019utiliser si vous avez des crevasses, des ger\u00e7ures ou des coups de soleil. En toutes saisons, cette huile prot\u00e8ge la peau en renfor\u00e7ant son film hydrolipidique. Avec du sucre de canne, vous pourrez vous en servir pour faire un gommage. Enfin, quelques gouttes d\u2019huile d\u2019amande douce dans le bain redonneront de la douceur aux peaux s\u00e8ches.<\/p>\n<p><strong>Cheveux :<\/strong>\u00a0M\u00e9langer 4 cuill\u00e8res \u00e0 soupe d\u2019huile d\u2019amande douce avec 1 cuill\u00e8re \u00e0 soupe de poudre de miel, un jaune d\u2019\u0153uf et un peu de jus de citron. Ajouter ensuite du vinaigre de cidre pour obtenir une p\u00e2te homog\u00e8ne \u00e0 appliquer sur les cheveux et \u00e0 laisser poser pendant 15 minutes avant de rincer et\/ou de faire un shampoing doux.<\/p>\n<p>Conserver votre huile vierge dans un endroit frais et sec, \u00e0 l\u2019abri de la lumi\u00e8re<\/p>\n","protected":false},"excerpt":{"rendered":"<p>Convient\u00a0 \u00e0 tous les types de cheveux, pour lesquels elle est un v\u00e9ritable soin douceur, conseill\u00e9e pour les cheveux secs, fourchus, cassants, fris\u00e9s et afros. Elle les nourrit en profondeur gr\u00e2ce \u00e0 des baumes et masques capillaires. R\u00e9gule la production de s\u00e9bum et \u00e9limine les impuret\u00e9s, permettant Lutte\u00a0 contre les pellicules et calme les d\u00e9mangeaisons du cuir chevelu.<\/p>\n","protected":false},"featured_media":24662,"comment_status":"open","ping_status":"closed","template":"","meta":[],"product_cat":[20],"product_tag":[],"class_list":{"0":"post-17290","1":"product","2":"type-product","3":"status-publish","4":"has-post-thumbnail","6":"product_cat-accessories","8":"first","9":"instock","10":"shipping-taxable","11":"product-type-simple"},"jetpack_sharing_enabled":true,"_links":{"self":[{"href":"https:\/\/para-pharmacity.tn\/index.php?rest_route=\/wp\/v2\/product\/17290","targetHints":{"allow":["GET"]}}],"collection":[{"href":"https:\/\/para-pharmacity.tn\/index.php?rest_route=\/wp\/v2\/product"}],"about":[{"href":"https:\/\/para-pharmacity.tn\/index.php?rest_route=\/wp\/v2\/types\/product"}],"replies":[{"embeddable":true,"href":"https:\/\/para-pharmacity.tn\/index.php?rest_route=%2Fwp%2Fv2%2Fcomments&post=17290"}],"version-history":[{"count":2,"href":"https:\/\/para-pharmacity.tn\/index.php?rest_route=\/wp\/v2\/product\/17290\/revisions"}],"predecessor-version":[{"id":24663,"href":"https:\/\/para-pharmacity.tn\/index.php?rest_route=\/wp\/v2\/product\/17290\/revisions\/24663"}],"wp:featuredmedia":[{"embeddable":true,"href":"https:\/\/para-pharmacity.tn\/index.php?rest_route=\/wp\/v2\/media\/24662"}],"wp:attachment":[{"href":"https:\/\/para-pharmacity.tn\/index.php?rest_route=%2Fwp%2Fv2%2Fmedia&parent=17290"}],"wp:term":[{"taxonomy":"product_cat","embeddable":true,"href":"https:\/\/para-pharmacity.tn\/index.php?rest_route=%2Fwp%2Fv2%2Fproduct_cat&post=17290"},{"taxonomy":"product_tag","embeddable":true,"href":"https:\/\/para-pharmacity.tn\/index.php?rest_route=%2Fwp%2Fv2%2Fproduct_tag&post=17290"}],"curies":[{"name":"wp","href":"https:\/\/api.w.org\/{rel}","templated":true}]}}