{"id":17288,"date":"2024-07-10T23:02:15","date_gmt":"2024-07-10T23:02:15","guid":{"rendered":"https:\/\/para-pharmacity.tn\/?product=glow-exfoliant-150-g"},"modified":"2024-09-10T12:31:02","modified_gmt":"2024-09-10T12:31:02","slug":"glow-exfoliant-150-g","status":"publish","type":"product","link":"https:\/\/para-pharmacity.tn\/?product=glow-exfoliant-150-g","title":{"rendered":"GLOW EXFOLIANT 150 G"},"content":{"rendered":"<p><strong>Utilisation:<\/strong><\/p>\n<p>Appliquer l&rsquo;exfoliant\u00a0Glow en l\u00e9gers massages circulaires sur la peau du visage, du cou ou des mains l\u00e9g\u00e8rement\u00a0humide. Laisser poser 2 \u00e0 3 minutes afin de permettre aux huiles d&rsquo;agir sur les cellules puis rincer abondamment \u00e0 l&rsquo;eau claire. Eviter le contour des yeux et des l\u00e8vres.<\/p>\n<p><strong>A Utiliser 1 \u00e0 2 fois par semaine selon votre type de peau<\/strong><\/p>\n<p><strong>Destin\u00e9 \u00e0 tout type de peau.<\/strong><\/p>\n<p><strong>Composition:<\/strong><\/p>\n<p>Argile blanche, poudre de riz, poudre de p\u00e9pins de figue de barbarie, huile d&rsquo;amande douce, vitamine E, huile de p\u00e9pins de figue de barbarie, fragrance &lsquo;Rose&rsquo;.<\/p>\n<p><strong>99% du total des ingr\u00e9dients sont d&rsquo;origine naturelle pH\u00a0[5.5; 6.5].<\/strong><\/p>\n<p><strong>Conservation:<\/strong><\/p>\n<p>Le produit peut \u00eatre stock\u00e9 24 mois apr\u00e8s ouverture dans des conditions bien d\u00e9finies de temp\u00e9rature (inf\u00e9rieure \u00e0 35\u00b0C), d&rsquo;humidit\u00e9 et \u00e0 l&rsquo;abri de la lumi\u00e8re.<\/p>\n<p><strong>Pr\u00e9caution:<\/strong><\/p>\n<p>Contient des compos\u00e9s naturels qui peuvent pr\u00e9senter un risque allergique chez certaines personnes sensibles.<\/p>\n","protected":false},"excerpt":{"rendered":"<p>L&rsquo;exfoliant Glow stimule la r\u00e9g\u00e9n\u00e9ration cellulaire, \u00e9limine en douceur les cellules mortes et active le renouvellement cellulaire.<\/p>\n","protected":false},"featured_media":24655,"comment_status":"open","ping_status":"closed","template":"","meta":[],"product_cat":[20],"product_tag":[],"class_list":{"0":"post-17288","1":"product","2":"type-product","3":"status-publish","4":"has-post-thumbnail","6":"product_cat-accessories","8":"first","9":"instock","10":"shipping-taxable","11":"product-type-simple"},"jetpack_sharing_enabled":true,"_links":{"self":[{"href":"https:\/\/para-pharmacity.tn\/index.php?rest_route=\/wp\/v2\/product\/17288","targetHints":{"allow":["GET"]}}],"collection":[{"href":"https:\/\/para-pharmacity.tn\/index.php?rest_route=\/wp\/v2\/product"}],"about":[{"href":"https:\/\/para-pharmacity.tn\/index.php?rest_route=\/wp\/v2\/types\/product"}],"replies":[{"embeddable":true,"href":"https:\/\/para-pharmacity.tn\/index.php?rest_route=%2Fwp%2Fv2%2Fcomments&post=17288"}],"version-history":[{"count":2,"href":"https:\/\/para-pharmacity.tn\/index.php?rest_route=\/wp\/v2\/product\/17288\/revisions"}],"predecessor-version":[{"id":24654,"href":"https:\/\/para-pharmacity.tn\/index.php?rest_route=\/wp\/v2\/product\/17288\/revisions\/24654"}],"wp:featuredmedia":[{"embeddable":true,"href":"https:\/\/para-pharmacity.tn\/index.php?rest_route=\/wp\/v2\/media\/24655"}],"wp:attachment":[{"href":"https:\/\/para-pharmacity.tn\/index.php?rest_route=%2Fwp%2Fv2%2Fmedia&parent=17288"}],"wp:term":[{"taxonomy":"product_cat","embeddable":true,"href":"https:\/\/para-pharmacity.tn\/index.php?rest_route=%2Fwp%2Fv2%2Fproduct_cat&post=17288"},{"taxonomy":"product_tag","embeddable":true,"href":"https:\/\/para-pharmacity.tn\/index.php?rest_route=%2Fwp%2Fv2%2Fproduct_tag&post=17288"}],"curies":[{"name":"wp","href":"https:\/\/api.w.org\/{rel}","templated":true}]}}