{"id":17283,"date":"2024-07-10T23:02:14","date_gmt":"2024-07-10T23:02:14","guid":{"rendered":"https:\/\/para-pharmacity.tn\/?product=glow-beurre-de-karite-100-g"},"modified":"2024-09-10T12:05:13","modified_gmt":"2024-09-10T12:05:13","slug":"glow-beurre-de-karite-100-g","status":"publish","type":"product","link":"https:\/\/para-pharmacity.tn\/?product=glow-beurre-de-karite-100-g","title":{"rendered":"GLOW BEURRE DE KARITE 100 G"},"content":{"rendered":"<p>Massage Comme pour les laits hydratants, le beurre de karit\u00e9 peut s\u2019appliquer en massage pour d\u00e9contracter les muscles. A appliquer principalement sur les bras et les cuisses. L\u2019effet est imm\u00e9diat en cas de courbatures. Apr\u00e8s l\u2019\u00e9pilation Le karit\u00e9 permet de soulager la peau gr\u00e2ce \u00e0 ses vertus apaisantes et relaxantes.<\/p>\n<p>Corps: Anti-vergetures: Appliquer le beurre de karit\u00e9 sur les zones sensibles aux pertes et gains de poids comme les cuisses ou le ventre pour une action pr\u00e9ventive contre les vergetures.<\/p>\n<p>Cheveux: M\u00e9langez une noisette de beurre de karit\u00e9 pur \u00e0 une huile vierge, selon votre besoin. Appliquez la mixture sur l&rsquo;ensemble de la chevelure en insistant sur les pointes. Enroulez vos cheveux dans une serviette. Au r\u00e9veil, rincez vos cheveux \u00e0 l&rsquo;eau froide pour retirer l&rsquo;exc\u00e8s de gras<\/p>\n<p>Conservation: Le Beurre de karit\u00e9 se conserve pendant un an environ \u00e0 temp\u00e9rature frais \u00e0 ambiante dans un endroit sec.<\/p>\n","protected":false},"excerpt":{"rendered":"<p>Assouplit et hydrate la peau en profondeur Riche en actifs hydratants, en vitamines A, D, E, F, nourri les cheveux secs et apaise le cuir chevelu<\/p>\n","protected":false},"featured_media":24641,"comment_status":"open","ping_status":"closed","template":"","meta":[],"product_cat":[20],"product_tag":[],"class_list":{"0":"post-17283","1":"product","2":"type-product","3":"status-publish","4":"has-post-thumbnail","6":"product_cat-accessories","8":"first","9":"instock","10":"shipping-taxable","11":"product-type-simple"},"jetpack_sharing_enabled":true,"_links":{"self":[{"href":"https:\/\/para-pharmacity.tn\/index.php?rest_route=\/wp\/v2\/product\/17283","targetHints":{"allow":["GET"]}}],"collection":[{"href":"https:\/\/para-pharmacity.tn\/index.php?rest_route=\/wp\/v2\/product"}],"about":[{"href":"https:\/\/para-pharmacity.tn\/index.php?rest_route=\/wp\/v2\/types\/product"}],"replies":[{"embeddable":true,"href":"https:\/\/para-pharmacity.tn\/index.php?rest_route=%2Fwp%2Fv2%2Fcomments&post=17283"}],"version-history":[{"count":2,"href":"https:\/\/para-pharmacity.tn\/index.php?rest_route=\/wp\/v2\/product\/17283\/revisions"}],"predecessor-version":[{"id":24644,"href":"https:\/\/para-pharmacity.tn\/index.php?rest_route=\/wp\/v2\/product\/17283\/revisions\/24644"}],"wp:featuredmedia":[{"embeddable":true,"href":"https:\/\/para-pharmacity.tn\/index.php?rest_route=\/wp\/v2\/media\/24641"}],"wp:attachment":[{"href":"https:\/\/para-pharmacity.tn\/index.php?rest_route=%2Fwp%2Fv2%2Fmedia&parent=17283"}],"wp:term":[{"taxonomy":"product_cat","embeddable":true,"href":"https:\/\/para-pharmacity.tn\/index.php?rest_route=%2Fwp%2Fv2%2Fproduct_cat&post=17283"},{"taxonomy":"product_tag","embeddable":true,"href":"https:\/\/para-pharmacity.tn\/index.php?rest_route=%2Fwp%2Fv2%2Fproduct_tag&post=17283"}],"curies":[{"name":"wp","href":"https:\/\/api.w.org\/{rel}","templated":true}]}}