{"id":17277,"date":"2024-07-10T23:02:12","date_gmt":"2024-07-10T23:02:12","guid":{"rendered":"https:\/\/para-pharmacity.tn\/?product=galactogil-lactation-24-sachets"},"modified":"2024-09-10T11:20:20","modified_gmt":"2024-09-10T11:20:20","slug":"galactogil-lactation-24-sachets","status":"publish","type":"product","link":"https:\/\/para-pharmacity.tn\/?product=galactogil-lactation-24-sachets","title":{"rendered":"GALACTOGIL LACTATION 24 SACHETS"},"content":{"rendered":"<p>Pendant les premiers moments de la vie d\u2019un b\u00e9b\u00e9, il est important qu\u2019il puisse se nourrir du lait maternel. Celui-ci est le plus adapt\u00e9 pour les besoins de votre nourrisson, notamment jusqu\u2019\u00e0 ce qu\u2019il atteigne au moins 6 mois. Dans ce cas de figure, le produit Galactogil Lactation au format 24 sachets est un bon recours pour la m\u00e8re.<\/p>\n<p>&nbsp;<\/p>\n<p>C\u2019est un produit dont le but est de permettre une bonne qualit\u00e9 de la production de lait pour le b\u00e9b\u00e9. Le tout a \u00e9t\u00e9 bien test\u00e9 et approuv\u00e9 avant que sa vente ne soit effective sur le march\u00e9.<\/p>\n<ul>\n<li>\n<h3>UN BON SOUTIEN POUR LA PRODUCTION DE LAIT<\/h3>\n<\/li>\n<\/ul>\n<p>Divers \u00e9l\u00e9ments viennent intervenir pour ce qui est de la production de lait par l\u00e0 une m\u00e8re pour son b\u00e9b\u00e9. Il y a un facteur g\u00e9n\u00e9tique, mais aussi un autre se rapportant \u00e0 l\u2019alimentation, qui doit bien \u00eatre compl\u00e8te. Ing\u00e9rer ce produit quotidiennement\u00a0permet \u00e0 la femme de booster sa production de lait pour une bonne alimentation du nourrisson.<\/p>\n<p>&nbsp;<\/p>\n<p>Pour qu\u2019il soit efficace, on doit en prendre 3 fois par jour pendant 8 jours, et des changements seront notables. La production de lait sera plus abondante, et la qualit\u00e9 en sera \u00e9galement am\u00e9lior\u00e9e dans une mesure hautement appr\u00e9ciable.<\/p>\n","protected":false},"excerpt":{"rendered":"<p>Galactogil lactation Iprad est un compl\u00e9ment alimentaire \u00e0 base d\u2019extrait naturelle de fenouil, utilis\u00e9 pour soutenir la production de lait maternel.<\/p>\n","protected":false},"featured_media":24633,"comment_status":"open","ping_status":"closed","template":"","meta":[],"product_cat":[20],"product_tag":[],"class_list":{"0":"post-17277","1":"product","2":"type-product","3":"status-publish","4":"has-post-thumbnail","6":"product_cat-accessories","8":"first","9":"instock","10":"shipping-taxable","11":"product-type-simple"},"jetpack_sharing_enabled":true,"_links":{"self":[{"href":"https:\/\/para-pharmacity.tn\/index.php?rest_route=\/wp\/v2\/product\/17277","targetHints":{"allow":["GET"]}}],"collection":[{"href":"https:\/\/para-pharmacity.tn\/index.php?rest_route=\/wp\/v2\/product"}],"about":[{"href":"https:\/\/para-pharmacity.tn\/index.php?rest_route=\/wp\/v2\/types\/product"}],"replies":[{"embeddable":true,"href":"https:\/\/para-pharmacity.tn\/index.php?rest_route=%2Fwp%2Fv2%2Fcomments&post=17277"}],"version-history":[{"count":2,"href":"https:\/\/para-pharmacity.tn\/index.php?rest_route=\/wp\/v2\/product\/17277\/revisions"}],"predecessor-version":[{"id":24635,"href":"https:\/\/para-pharmacity.tn\/index.php?rest_route=\/wp\/v2\/product\/17277\/revisions\/24635"}],"wp:featuredmedia":[{"embeddable":true,"href":"https:\/\/para-pharmacity.tn\/index.php?rest_route=\/wp\/v2\/media\/24633"}],"wp:attachment":[{"href":"https:\/\/para-pharmacity.tn\/index.php?rest_route=%2Fwp%2Fv2%2Fmedia&parent=17277"}],"wp:term":[{"taxonomy":"product_cat","embeddable":true,"href":"https:\/\/para-pharmacity.tn\/index.php?rest_route=%2Fwp%2Fv2%2Fproduct_cat&post=17277"},{"taxonomy":"product_tag","embeddable":true,"href":"https:\/\/para-pharmacity.tn\/index.php?rest_route=%2Fwp%2Fv2%2Fproduct_tag&post=17277"}],"curies":[{"name":"wp","href":"https:\/\/api.w.org\/{rel}","templated":true}]}}