{"id":17274,"date":"2024-07-10T23:02:11","date_gmt":"2024-07-10T23:02:11","guid":{"rendered":"https:\/\/para-pharmacity.tn\/?product=forte-pharma-xtra-slim-coupe-faim-60g"},"modified":"2024-09-09T15:49:29","modified_gmt":"2024-09-09T15:49:29","slug":"forte-pharma-xtra-slim-coupe-faim-60g","status":"publish","type":"product","link":"https:\/\/para-pharmacity.tn\/?product=forte-pharma-xtra-slim-coupe-faim-60g","title":{"rendered":"FORTE PHARMA XTRA SLIM COUPE FAIM 60G"},"content":{"rendered":"<p><b>FORTE PHARMA XTRASLIM COUPE-FAIM 60 G\u00e9lules<\/b><\/p>\n<p>FORTE PHARMA XTRASLIM COUPE FAIM est dispositif\u00a0alli\u00e9 minceur\u00a0qui aide \u00e0 stopper la sensation de faim et \u00e0 contr\u00f4ler les grignotages.<\/p>\n<p>XTRASLIM COUPE FAIM est une aide pour r\u00e9duire l&rsquo;app\u00e9tit\u00a0et \u00e9viter les\u00a0grignotages\u00a0entre les repas. Sa formule avec un complexe d&rsquo;ingr\u00e9dient \u00e0 l&rsquo;efficacit\u00e9 prouv\u00e9e\u00a0(complexe Lipo-App) vous accompagnera dans votre quotidien pour ne pas baisser les bras et garder le contr\u00f4le de votre\u00a0poids.<\/p>\n<p>XtraSlim Coupe Faim, un complexe 100% naturel pour vous aider \u00e0 :<\/p>\n<ul>\n<li>limiter les envies de\u00a0grignotages\u00a0gr\u00e2ce \u00e0 la pr\u00e9sence de la caroube qui contribue \u00e0 r\u00e9duire l\u2019app\u00e9tit et les grignotages. La caroube contribue \u00e0 augmenter la sensation de sati\u00e9t\u00e9 et de pl\u00e9nitude<\/li>\n<li>r\u00e9duire votre\u00a0app\u00e9tit\u00a0pendant les repas gr\u00e2ce \u00e0 notre complexe d&rsquo;ingr\u00e9dient Lipo-App<\/li>\n<\/ul>\n<p><b><u>Composition :\u00a0<\/u><\/b><\/p>\n<ul>\n<li>KONJAC :\u00a0Gonfle en pr\u00e9sence d\u2019eau remplissant ainsi l\u2019estomac. Il agit comme un \u00ab\u00a0coupe-faim\u00a0\u00bb.<\/li>\n<li>CAROUBE :\u00a0Il permet d&rsquo;augmenter la sensation de sati\u00e9t\u00e9 et limiter les fringales<\/li>\n<\/ul>\n<p>Ingr\u00e9dients par dose journali\u00e8re :\u00a0agent de charge (citrate de calcium), complexe Lipo-App [extraits de konjac (Amorphophallus konjac K. Koch) (455 mg) et de basilic sacr\u00e9 (Ocimum basilicum L.) (45 mg)], farine de graines de caroube (Ceratonia siliqua L.) (500 mg), enveloppe de la g\u00e9lule (g\u00e9latine, colorants : oxydes de fer jaune et rouge), antiagglom\u00e9rant (sels de magn\u00e9sium d\u2019acides gras), vitamine B3 (nicotinamide), vitamine B5 (D-pantoth\u00e9nate de calcium), vitamine B2 (riboflavine 5\u2019-phosphate (sodium)), vitamine B6 (chlorhydrate de pyridoxine)<\/p>\n<p><b><u>Conseils d&rsquo;utilisation :\u00a0<\/u><\/b><\/p>\n<ul>\n<li>2 fois par jour. Soit 2 g\u00e9lules avant les 2 principaux repas avec un grand verre d\u2019eau.<\/li>\n<li>15 jours. Recommand\u00e9 pendant 1 mois. A renouveler jusqu&rsquo;\u00e0 3 mois cons\u00e9cutifs.<\/li>\n<li>Ne doit pas se substituer \u00e0 une alimentation vari\u00e9e et \u00e9quilibr\u00e9e et \u00e0 un mode de vie sain.<\/li>\n<li>Ne pas d\u00e9passer la dose journali\u00e8re conseill\u00e9e. Tenir hors de la port\u00e9e des jeunes enfants.<\/li>\n<li>D\u00e9conseill\u00e9 aux femmes enceintes ou qui allaitent et aux enfants de moins de 12 ans sans avis m\u00e9dical.<\/li>\n<li>Demande l&rsquo;avis d&rsquo;un professionnel de sant\u00e9 pour une utilisation prolong\u00e9e.<\/li>\n<li>D\u00e9conseill\u00e9 chez les personnes sous traitement anti-diab\u00e9tique.<\/li>\n<li>A conserver \u00e0 une temp\u00e9rature inf\u00e9rieure \u00e0 25\u00b0C et \u00e0 l\u2019abri de l\u2019humidit\u00e9 dans son emballage herm\u00e9tiquement ferm\u00e9.<\/li>\n<\/ul>\n","protected":false},"excerpt":{"rendered":"<p><strong>XtraSlim Coupe-Faim<\/strong>\u00a0est une aide pr\u00e9cieuse pour celles et ceux qui souhaitent r\u00e9duire leur\u00a0<strong>app\u00e9tit<\/strong>\u00a0et \u00e9viter les\u00a0<strong>grignotages<\/strong>\u00a0entre les repas.<\/p>\n<p>Sa formule avec un complexe d&rsquo;ingr\u00e9dient \u00e0 l&rsquo;<strong>efficacit\u00e9 prouv\u00e9e<\/strong>\u00a0(complexe Lipo-App) vous accompagnera dans votre quotidien pour ne pas baisser les bras et garder le contr\u00f4le de votre\u00a0<strong>poids<\/strong>.<\/p>\n","protected":false},"featured_media":24626,"comment_status":"open","ping_status":"closed","template":"","meta":[],"product_cat":[20],"product_tag":[],"class_list":{"0":"post-17274","1":"product","2":"type-product","3":"status-publish","4":"has-post-thumbnail","6":"product_cat-accessories","8":"first","9":"instock","10":"shipping-taxable","11":"product-type-simple"},"jetpack_sharing_enabled":true,"_links":{"self":[{"href":"https:\/\/para-pharmacity.tn\/index.php?rest_route=\/wp\/v2\/product\/17274","targetHints":{"allow":["GET"]}}],"collection":[{"href":"https:\/\/para-pharmacity.tn\/index.php?rest_route=\/wp\/v2\/product"}],"about":[{"href":"https:\/\/para-pharmacity.tn\/index.php?rest_route=\/wp\/v2\/types\/product"}],"replies":[{"embeddable":true,"href":"https:\/\/para-pharmacity.tn\/index.php?rest_route=%2Fwp%2Fv2%2Fcomments&post=17274"}],"version-history":[{"count":2,"href":"https:\/\/para-pharmacity.tn\/index.php?rest_route=\/wp\/v2\/product\/17274\/revisions"}],"predecessor-version":[{"id":24625,"href":"https:\/\/para-pharmacity.tn\/index.php?rest_route=\/wp\/v2\/product\/17274\/revisions\/24625"}],"wp:featuredmedia":[{"embeddable":true,"href":"https:\/\/para-pharmacity.tn\/index.php?rest_route=\/wp\/v2\/media\/24626"}],"wp:attachment":[{"href":"https:\/\/para-pharmacity.tn\/index.php?rest_route=%2Fwp%2Fv2%2Fmedia&parent=17274"}],"wp:term":[{"taxonomy":"product_cat","embeddable":true,"href":"https:\/\/para-pharmacity.tn\/index.php?rest_route=%2Fwp%2Fv2%2Fproduct_cat&post=17274"},{"taxonomy":"product_tag","embeddable":true,"href":"https:\/\/para-pharmacity.tn\/index.php?rest_route=%2Fwp%2Fv2%2Fproduct_tag&post=17274"}],"curies":[{"name":"wp","href":"https:\/\/api.w.org\/{rel}","templated":true}]}}