{"id":17272,"date":"2024-07-10T23:02:10","date_gmt":"2024-07-10T23:02:10","guid":{"rendered":"https:\/\/para-pharmacity.tn\/?product=forte-pharma-xtra-slim-capteur-3en1-60g"},"modified":"2024-09-09T14:56:25","modified_gmt":"2024-09-09T14:56:25","slug":"forte-pharma-xtra-slim-capteur-3en1-60g","status":"publish","type":"product","link":"https:\/\/para-pharmacity.tn\/?product=forte-pharma-xtra-slim-capteur-3en1-60g","title":{"rendered":"FORTE PHARMA XTRA SLIM CAPTEUR 3EN1 60G"},"content":{"rendered":"<p><b>FORTE PHARMA XTRASLIM CAPTEUR 3 EN 1 60g\u00e9lules<\/b><\/p>\n<p>FORTE PHARMA XTRASLIM CAPTEUR 3 EN 1 est une formule triple action qui vous aidera \u00e0 perdre du poids et capter les graisses efficacement.\u00a0XTRASLIM CAPTEUR 3 EN 1 est id\u00e9al pour un programme perte de poids complet ou pour une prise ponctuelle.<\/p>\n<p>XtraSlim Capteur 3 en 1 agit de mani\u00e8re polyvalente pour vous aider \u00e0 :<\/p>\n<ol>\n<li>Capter une partie des graisses ing\u00e9r\u00e9es lors des repas gr\u00e2ce \u00e0 LipoCapt : un actif naturel \u00e0 base de fibres naturelles de polysaccharides de champignons.<\/li>\n<li>Bloquer les sucres gr\u00e2ce \u00e0 une plante unique, le Gymnema Sylvestris : il agit en bloquant les sucres et en diminuant l\u2019envie d\u2019aliments sucr\u00e9s. Le Chrome vient renforcer l\u2019action du Gymnema en maintenant une glyc\u00e9mie normale.<\/li>\n<li>R\u00e9duire les calories avec le LipoCapt et le Gymnema Sylvestris : ils permettent de r\u00e9duire l\u2019apport calorique et contribuent \u00e0 perdre du poids. Le Gymnema Sylvestris bloque les sucres et diminue l\u2019envie de sucr\u00e9. Il aide \u00e0 la perte de poids en r\u00e9duisant l\u2019apport calorique et l\u2019app\u00e9tit.<\/li>\n<\/ol>\n<p><u><b>Composition :\u00a0<\/b><\/u><\/p>\n<p>extrait de Gymnema sylvestre (Marsdenia sylvestris (Retz.) P.I. Forst.) (6000 mg \u00e9quivalent plantes), complexe LipoCapt (Agaricus bisporus (Lange)) (400 mg), enveloppe de la g\u00e9lule (g\u00e9latine, colorant : oxyde de fer rouge), agent de charge (cellulose microcristalline), antiagglom\u00e9rants (dioxyde de silicium, sels de magn\u00e9sium d\u2019acide gras), chlorure de chrome.<\/p>\n<p><b><u>Conseils d&rsquo;utilisation :\u00a0<\/u><\/b><\/p>\n<ul>\n<li>2 fois par jour : Soit 2 g\u00e9lules avant les 2 principaux repas avec un grand verre d\u2019eau<\/li>\n<li>15 jours ou ponctuellement pour all\u00e9ger votre repas.<\/li>\n<li>1 mois recommand\u00e9 \u00e0 renouveler jusqu&rsquo;\u00e0 3 mois cons\u00e9cutifs.<\/li>\n<li>Ne doit pas se substituer \u00e0 une alimentation vari\u00e9e et \u00e9quilibr\u00e9e et \u00e0 un mode de vie sain.<\/li>\n<li>Ne pas d\u00e9passer la dose journali\u00e8re conseill\u00e9e.<\/li>\n<li>Tenir hors de la port\u00e9e des jeunes enfants.<\/li>\n<li>D\u00e9conseill\u00e9 aux femmes enceintes ou qui allaitent et aux enfants de moins de 12 ans sans avis m\u00e9dical.<\/li>\n<li>D\u00e9conseill\u00e9 chez les personnes sous traitement anti-diab\u00e9tique.<\/li>\n<li>A conserver \u00e0 une temp\u00e9rature inf\u00e9rieure \u00e0 25\u00b0C et \u00e0 l\u2019abri de l\u2019humidit\u00e9 dans son emballage herm\u00e9tiquement ferm\u00e9.<\/li>\n<\/ul>\n","protected":false},"excerpt":{"rendered":"<p>Vous souhaitez un capteur de graisse pour\u00a0<strong>all\u00e9ger vos repas<\/strong>\u00a0de tous les jours ?<br \/>\n<strong>XtraSlim Capteur 3 en 1<\/strong>\u00a0est une formule triple action qui vous aidera \u00e0\u00a0<strong>perdre du poids<\/strong>\u00a0et\u00a0<strong>capter les graisses<\/strong>\u00a0efficacement.<\/p>\n<p>Notre capteur de graisse 3 en 1 est id\u00e9al pour un\u00a0<strong>programme perte de poids<\/strong>\u00a0complet ou pour une\u00a0<strong>prise ponctuelle<\/strong>.<\/p>\n","protected":false},"featured_media":24618,"comment_status":"open","ping_status":"closed","template":"","meta":[],"product_cat":[20],"product_tag":[],"class_list":{"0":"post-17272","1":"product","2":"type-product","3":"status-publish","4":"has-post-thumbnail","6":"product_cat-accessories","8":"first","9":"instock","10":"shipping-taxable","11":"product-type-simple"},"jetpack_sharing_enabled":true,"_links":{"self":[{"href":"https:\/\/para-pharmacity.tn\/index.php?rest_route=\/wp\/v2\/product\/17272","targetHints":{"allow":["GET"]}}],"collection":[{"href":"https:\/\/para-pharmacity.tn\/index.php?rest_route=\/wp\/v2\/product"}],"about":[{"href":"https:\/\/para-pharmacity.tn\/index.php?rest_route=\/wp\/v2\/types\/product"}],"replies":[{"embeddable":true,"href":"https:\/\/para-pharmacity.tn\/index.php?rest_route=%2Fwp%2Fv2%2Fcomments&post=17272"}],"version-history":[{"count":2,"href":"https:\/\/para-pharmacity.tn\/index.php?rest_route=\/wp\/v2\/product\/17272\/revisions"}],"predecessor-version":[{"id":24623,"href":"https:\/\/para-pharmacity.tn\/index.php?rest_route=\/wp\/v2\/product\/17272\/revisions\/24623"}],"wp:featuredmedia":[{"embeddable":true,"href":"https:\/\/para-pharmacity.tn\/index.php?rest_route=\/wp\/v2\/media\/24618"}],"wp:attachment":[{"href":"https:\/\/para-pharmacity.tn\/index.php?rest_route=%2Fwp%2Fv2%2Fmedia&parent=17272"}],"wp:term":[{"taxonomy":"product_cat","embeddable":true,"href":"https:\/\/para-pharmacity.tn\/index.php?rest_route=%2Fwp%2Fv2%2Fproduct_cat&post=17272"},{"taxonomy":"product_tag","embeddable":true,"href":"https:\/\/para-pharmacity.tn\/index.php?rest_route=%2Fwp%2Fv2%2Fproduct_tag&post=17272"}],"curies":[{"name":"wp","href":"https:\/\/api.w.org\/{rel}","templated":true}]}}