{"id":17270,"date":"2024-07-10T23:02:09","date_gmt":"2024-07-10T23:02:09","guid":{"rendered":"https:\/\/para-pharmacity.tn\/?product=forte-pharma-vitalite-4g-10-doses-2"},"modified":"2024-09-09T14:25:37","modified_gmt":"2024-09-09T14:25:37","slug":"forte-pharma-vitalite-4g-10-doses-2","status":"publish","type":"product","link":"https:\/\/para-pharmacity.tn\/?product=forte-pharma-vitalite-4g-10-doses-2","title":{"rendered":"FORTE PHARMA VITALITE 4G 10 DOSES"},"content":{"rendered":"<div class=\"product-tabs\">\n<div class=\"title-border\">\n<h2 class=\"h2\">Description<\/h2>\n<\/div>\n<div class=\"std\">\n<p>Vous ressentez une fatigue passag\u00e8re, un mande de tonus, du surmenage&#8230;Vous recherchez une solution imm\u00e9diate, efficace et naturelle pour vous donner un coup de fouet.<\/p>\n<p>Avec son complexe 4G encore plus concentr\u00e9 en actifs dynamisants, la nouvelle formule de Vitalit\u00e9 4G a \u00e9t\u00e9 sp\u00e9cialement d\u00e9velopp\u00e9e par le d\u00e9partement Recherche et D\u00e9veloppement des Laboratoires Fort\u00e9 Pharma pour booster votre \u00e9nergie !<\/p>\n<p>Plus concentr\u00e9e et plus naturelle, sa formule sans colorant, sans conservateur ni \u00e9dulcolorant de synth\u00e8se vous aide \u00e0 combattre naturellement les baisses de tonus.<\/p>\n<\/div>\n<\/div>\n<div class=\"product-tabs\">\n<div class=\"title-border\">\n<h2 class=\"h2\">Conseils d&rsquo;utilisation<\/h2>\n<\/div>\n<div class=\"std\">\n<p>Prendre une ampoule par jour, pure ou dilu\u00e9e dans un verre d&rsquo;eau.<\/p>\n<p>Pour une action durable : 1 ampoule de Vitalit\u00e9G dynamisant tous les matins pendant 1 mois<br \/>\nPour une action imm\u00e9diate : 1 ampoule de Vitalit\u00e94G dynamisant en cas de coup de fatigue.<\/p>\n<p>Agiter l&rsquo;ampoule avant emploi car un l\u00e9ger d\u00e9p\u00f4t peut appara\u00eetre du fait du caract\u00e8re naturel du produit.<br \/>\nAfin d&rsquo;\u00e9viter la chute \u00e9ventuelle de d\u00e9bris d&rsquo;ampoule dans le liquide, ne pas casser l&rsquo;ampoule au dessus du verre;<\/p>\n<p>Un compl\u00e9ment alimentaire ne doit pas se substituer \u00e0 une alimentation vari\u00e9e et \u00e9quilibr\u00e9e et \u00e0 un mode de vie sain.<br \/>\nSe conformer aux conseils d&rsquo;utilisation.<\/p>\n<p>Ne pas d\u00e9passer la dose journali\u00e8re conseill\u00e9e.<br \/>\nTenis hors de port\u00e9e des jeunes enfants.<\/p>\n<p>D\u00e9conseill\u00e9 aux femmes enceintes ou qui allaitent et aux enfants de moins de 8 ans sans avis m\u00e9dical.<\/p>\n<p>A conserver dans un endroit sec et frais.<br \/>\nCe compl\u00e9ment alimentaire n&rsquo;est pas un m\u00e9dicament.<\/p>\n<\/div>\n<\/div>\n<div class=\"product-tabs\">\n<div class=\"title-border\">\n<h2 class=\"h2\">Composition<\/h2>\n<\/div>\n<div class=\"std\">\n<p>Ingr\u00e9dients : eau purifi\u00e9e, extrait aqueux de ginseng (panax ginseng CA Meyer), miel liquide, extrait aqueux de gingembre (zingiber officinalis), jus concentr\u00e9 d&rsquo;orange et d&rsquo;ac\u00e9rola, extrait sec de guarana (paullinia sorbilis) titr\u00e9 \u00e0 10% en caf\u00e9ine native, ar\u00f4mes orange et citron, extrait sec d&rsquo;ac\u00e9rola (malpighia punicifolia) titr\u00e9 \u00e0 17% en vitamine C naturelle, gel\u00e9e royale lyophilis\u00e9e \u00e9quivalent \u00e0 200mg de gel\u00e9e royale fra\u00eeche.<\/p>\n<\/div>\n<\/div>\n","protected":false},"excerpt":{"rendered":"<p>Avec son complexe 4G encore plus concentr\u00e9 en actifs dynamisants, la nouvelle formule de Vitalit\u00e9 4G a \u00e9t\u00e9 sp\u00e9cialement d\u00e9velopp\u00e9e par le d\u00e9partement Recherche et D\u00e9veloppement des Laboratoires Fort\u00e9 Pharma pour booster votre \u00e9nergie.<\/p>\n","protected":false},"featured_media":24613,"comment_status":"open","ping_status":"closed","template":"","meta":[],"product_cat":[20],"product_tag":[],"class_list":{"0":"post-17270","1":"product","2":"type-product","3":"status-publish","4":"has-post-thumbnail","6":"product_cat-accessories","8":"first","9":"instock","10":"shipping-taxable","11":"product-type-simple"},"jetpack_sharing_enabled":true,"_links":{"self":[{"href":"https:\/\/para-pharmacity.tn\/index.php?rest_route=\/wp\/v2\/product\/17270","targetHints":{"allow":["GET"]}}],"collection":[{"href":"https:\/\/para-pharmacity.tn\/index.php?rest_route=\/wp\/v2\/product"}],"about":[{"href":"https:\/\/para-pharmacity.tn\/index.php?rest_route=\/wp\/v2\/types\/product"}],"replies":[{"embeddable":true,"href":"https:\/\/para-pharmacity.tn\/index.php?rest_route=%2Fwp%2Fv2%2Fcomments&post=17270"}],"version-history":[{"count":2,"href":"https:\/\/para-pharmacity.tn\/index.php?rest_route=\/wp\/v2\/product\/17270\/revisions"}],"predecessor-version":[{"id":24617,"href":"https:\/\/para-pharmacity.tn\/index.php?rest_route=\/wp\/v2\/product\/17270\/revisions\/24617"}],"wp:featuredmedia":[{"embeddable":true,"href":"https:\/\/para-pharmacity.tn\/index.php?rest_route=\/wp\/v2\/media\/24613"}],"wp:attachment":[{"href":"https:\/\/para-pharmacity.tn\/index.php?rest_route=%2Fwp%2Fv2%2Fmedia&parent=17270"}],"wp:term":[{"taxonomy":"product_cat","embeddable":true,"href":"https:\/\/para-pharmacity.tn\/index.php?rest_route=%2Fwp%2Fv2%2Fproduct_cat&post=17270"},{"taxonomy":"product_tag","embeddable":true,"href":"https:\/\/para-pharmacity.tn\/index.php?rest_route=%2Fwp%2Fv2%2Fproduct_tag&post=17270"}],"curies":[{"name":"wp","href":"https:\/\/api.w.org\/{rel}","templated":true}]}}