{"id":17268,"date":"2024-07-10T23:02:07","date_gmt":"2024-07-10T23:02:07","guid":{"rendered":"https:\/\/para-pharmacity.tn\/?product=forte-pharma-ultra-boost-eff-20-cpr"},"modified":"2024-09-09T14:14:50","modified_gmt":"2024-09-09T14:14:50","slug":"forte-pharma-ultra-boost-eff-20-cpr","status":"publish","type":"product","link":"https:\/\/para-pharmacity.tn\/?product=forte-pharma-ultra-boost-eff-20-cpr","title":{"rendered":"FORTE PHARMA ULTRA BOOST EFF 20 CPR"},"content":{"rendered":"<p><strong>FORTE PHARMA ULTRA BOOST 4G (EFFERVESCENT)<\/strong><\/p>\n<p>Ultra Boost 4G est un stimulant physique et mental \u00e0 action rapide pour rester performant tout au long de la journ\u00e9e.<br \/>\nExiste aussi en format comprim\u00e9s \u00e0 avaler.<\/p>\n<p>La formule de Ultra Boost 4G associe l&rsquo;efficacit\u00e9 du complexe 4G (Ginseng, Guarana, Gel\u00e9e royale, Gingembre) \u00e0 la caf\u00e9ine d&rsquo;origine naturelle (80mg), dans un format effervescent pour un effet boost imm\u00e9diat<\/p>\n<p><u><strong>Composition:<\/strong><\/u><br \/>\nLe Ginseng<\/p>\n<p>\u00c9galement appel\u00e9 \u00ab racine de vie \u00bb, le Ginseng est sans doute la plante la plus c\u00e9l\u00e8bre de la m\u00e9decine traditionnelle chinoise. Gr\u00e2ce \u00e0 sa richesse en gins\u00e9nosides et ses propri\u00e9t\u00e9s anti-fatigue incontournables, le Ginseng permet d\u2019accro\u00eetre naturellement la r\u00e9sistance physique de l\u2019organisme.<\/p>\n<p>La Gel\u00e9e Royale<\/p>\n<p>Fabriqu\u00e9e par les abeilles \u00e0 partir du pollen, la gel\u00e9e royale sert de nourriture exclusive \u00e0 la Reine pendant toute son existence, lui offrant une long\u00e9vit\u00e9 consid\u00e9rable. La gel\u00e9e royale est un formidable concentr\u00e9 nutritif !<\/p>\n<p>Le Gingembre<\/p>\n<p>Depuis des mill\u00e9naires, le gingembre est consomm\u00e9 aux quatre coins du monde pour soulager de nombreux maux.<\/p>\n<p>Le Guarana<\/p>\n<p>Plante originaire de la for\u00eat amazonienne, le Guarana est connu depuis tr\u00e8s longtemps par les indiens pour augmenter la r\u00e9sistance et stimuler la vitalit\u00e9 de l\u2019organisme. Naturellement riche en caf\u00e9ine, le Guarana est un puissant stimulant du syst\u00e8me nerveux<\/p>\n<p>La Caf\u00e9ine<\/p>\n<p>Puissant stimulant du syst\u00e8me nerveux, la caf\u00e9ine maintient l\u2019\u00e9tat de veille, stimule les facult\u00e9s d\u2019attention et recule les limites de la fatigue intellectuelle.<\/p>\n<p><u><strong>Conseils d&rsquo;Utilisation:<\/strong><\/u><\/p>\n<ul>\n<li>Il est recommand\u00e9 de Prendre un comprim\u00e9 effervescent d&rsquo;Ultra Boost 4G par jour, \u00e0 diluer dans un grand verre d&rsquo;eau (200 ml), de pr\u00e9f\u00e9rence le matin.<\/li>\n<\/ul>\n","protected":false},"excerpt":{"rendered":"<p>les comprim\u00e9s d\u2019Energie Vitalit\u00e9 4G lib\u00e8rent les actifs dans l\u2019organisme en seulement 15 minutes, pour un effet booster imm\u00e9diat et ainsi Combattre la fatigue et les baisses de tonus.<\/p>\n","protected":false},"featured_media":24605,"comment_status":"open","ping_status":"closed","template":"","meta":[],"product_cat":[20],"product_tag":[],"class_list":{"0":"post-17268","1":"product","2":"type-product","3":"status-publish","4":"has-post-thumbnail","6":"product_cat-accessories","8":"first","9":"instock","10":"shipping-taxable","11":"product-type-simple"},"jetpack_sharing_enabled":true,"_links":{"self":[{"href":"https:\/\/para-pharmacity.tn\/index.php?rest_route=\/wp\/v2\/product\/17268","targetHints":{"allow":["GET"]}}],"collection":[{"href":"https:\/\/para-pharmacity.tn\/index.php?rest_route=\/wp\/v2\/product"}],"about":[{"href":"https:\/\/para-pharmacity.tn\/index.php?rest_route=\/wp\/v2\/types\/product"}],"replies":[{"embeddable":true,"href":"https:\/\/para-pharmacity.tn\/index.php?rest_route=%2Fwp%2Fv2%2Fcomments&post=17268"}],"version-history":[{"count":2,"href":"https:\/\/para-pharmacity.tn\/index.php?rest_route=\/wp\/v2\/product\/17268\/revisions"}],"predecessor-version":[{"id":24611,"href":"https:\/\/para-pharmacity.tn\/index.php?rest_route=\/wp\/v2\/product\/17268\/revisions\/24611"}],"wp:featuredmedia":[{"embeddable":true,"href":"https:\/\/para-pharmacity.tn\/index.php?rest_route=\/wp\/v2\/media\/24605"}],"wp:attachment":[{"href":"https:\/\/para-pharmacity.tn\/index.php?rest_route=%2Fwp%2Fv2%2Fmedia&parent=17268"}],"wp:term":[{"taxonomy":"product_cat","embeddable":true,"href":"https:\/\/para-pharmacity.tn\/index.php?rest_route=%2Fwp%2Fv2%2Fproduct_cat&post=17268"},{"taxonomy":"product_tag","embeddable":true,"href":"https:\/\/para-pharmacity.tn\/index.php?rest_route=%2Fwp%2Fv2%2Fproduct_tag&post=17268"}],"curies":[{"name":"wp","href":"https:\/\/api.w.org\/{rel}","templated":true}]}}