{"id":17267,"date":"2024-07-10T23:02:07","date_gmt":"2024-07-10T23:02:07","guid":{"rendered":"https:\/\/para-pharmacity.tn\/?product=forte-pharma-ultra-boost-4-g-30-gel"},"modified":"2024-09-09T14:03:03","modified_gmt":"2024-09-09T14:03:03","slug":"forte-pharma-ultra-boost-4-g-30-gel","status":"publish","type":"product","link":"https:\/\/para-pharmacity.tn\/?product=forte-pharma-ultra-boost-4-g-30-gel","title":{"rendered":"FORTE PHARMA ULTRA BOOST 4 G 30 GEL"},"content":{"rendered":"<p><strong>UltraBoost 4G<\/strong>\u00a0est id\u00e9al pour\u00a0<strong>rester performant tout au long de la journ\u00e9e<\/strong>. Pratique et rapide, il vous aidera \u00e0 \u00eatre \u00e0 100% de vos capacit\u00e9s malgr\u00e9 le stress et la fatigue.<\/p>\n<h3><strong>Une composition id\u00e9ale pour booster votre \u00e9nergie :<\/strong><\/h3>\n<p>&#8211; Le\u00a0<strong>complexe 4G<\/strong>\u00a0: Ginseng, Gingembre, Guarana et Gel\u00e9e Royale ;<br \/>\n&#8211; Un boost de\u00a0<strong>ginseng<\/strong>\u00a0avec 1000 mg d&rsquo;\u00e9quivalent plantes ;<br \/>\n&#8211; De la\u00a0<strong>vitamine B5<\/strong>\u00a0qui contribue \u00e0 r\u00e9duire la fatigue<\/p>\n<p><strong>UltraBoost 4G<\/strong>\u00a0contient 0,9 mg de vitamine B5 par comprim\u00e9. Cela repr\u00e9sente 15% des valeurs nutritionnelles de r\u00e9f\u00e9rences.<\/p>\n<p>Hautement dos\u00e9 en actifs,\u00a0<strong>UltraBoost 4G<\/strong>\u00a0est actif en seulement\u00a0<strong>15 minutes<\/strong>\u00a0pour un\u00a0<strong>coup de fouet rapide<\/strong>.<br \/>\nTout ce qu&rsquo;il faut pour faire face aux \u00e9preuves du quotidien !<\/p>\n<p><span style=\"color: #000000\"><u><strong>Conseils d&rsquo;Utilisation:<\/strong><\/u><br \/>\n<\/span><br \/>\nIl est recommand\u00e9 de Prendre un comprim\u00e9 d&rsquo;Ultra Boost 4G par jour le matin au petit d\u00e9jeuner avec un verre d&rsquo;eau ou de jus de fruits (200 ml).<\/p>\n","protected":false},"excerpt":{"rendered":"<p>Besoin d\u2019\u00eatre \u00e0\u00a0<strong>100% de vos capacit\u00e9s<\/strong>\u00a0malgr\u00e9 la fatigue et le stress ?<br \/>\nNotre formule\u00a0<strong>UltraBoost 4G<\/strong>\u00a0vous accompagne pour<strong>\u00a0rester au top de votre forme<\/strong>\u00a0et ce, en toutes circonstances !<\/p>\n<p>Hautement dos\u00e9 en actifs, il vous permettra de rester performant tout au long de la journ\u00e9e gr\u00e2ce \u00e0 l&rsquo;alliance entre les\u00a0<strong>4G<\/strong>\u00a0et le boost de\u00a0<strong>ginseng<\/strong>\u00a0contenu dans la formule.<\/p>\n<p><strong>30 comprim\u00e9s.<\/strong><\/p>\n","protected":false},"featured_media":24600,"comment_status":"open","ping_status":"closed","template":"","meta":[],"product_cat":[20],"product_tag":[],"class_list":{"0":"post-17267","1":"product","2":"type-product","3":"status-publish","4":"has-post-thumbnail","6":"product_cat-accessories","8":"first","9":"instock","10":"shipping-taxable","11":"product-type-simple"},"jetpack_sharing_enabled":true,"_links":{"self":[{"href":"https:\/\/para-pharmacity.tn\/index.php?rest_route=\/wp\/v2\/product\/17267","targetHints":{"allow":["GET"]}}],"collection":[{"href":"https:\/\/para-pharmacity.tn\/index.php?rest_route=\/wp\/v2\/product"}],"about":[{"href":"https:\/\/para-pharmacity.tn\/index.php?rest_route=\/wp\/v2\/types\/product"}],"replies":[{"embeddable":true,"href":"https:\/\/para-pharmacity.tn\/index.php?rest_route=%2Fwp%2Fv2%2Fcomments&post=17267"}],"version-history":[{"count":2,"href":"https:\/\/para-pharmacity.tn\/index.php?rest_route=\/wp\/v2\/product\/17267\/revisions"}],"predecessor-version":[{"id":24603,"href":"https:\/\/para-pharmacity.tn\/index.php?rest_route=\/wp\/v2\/product\/17267\/revisions\/24603"}],"wp:featuredmedia":[{"embeddable":true,"href":"https:\/\/para-pharmacity.tn\/index.php?rest_route=\/wp\/v2\/media\/24600"}],"wp:attachment":[{"href":"https:\/\/para-pharmacity.tn\/index.php?rest_route=%2Fwp%2Fv2%2Fmedia&parent=17267"}],"wp:term":[{"taxonomy":"product_cat","embeddable":true,"href":"https:\/\/para-pharmacity.tn\/index.php?rest_route=%2Fwp%2Fv2%2Fproduct_cat&post=17267"},{"taxonomy":"product_tag","embeddable":true,"href":"https:\/\/para-pharmacity.tn\/index.php?rest_route=%2Fwp%2Fv2%2Fproduct_tag&post=17267"}],"curies":[{"name":"wp","href":"https:\/\/api.w.org\/{rel}","templated":true}]}}