{"id":17266,"date":"2024-07-10T23:02:06","date_gmt":"2024-07-10T23:02:06","guid":{"rendered":"https:\/\/para-pharmacity.tn\/?product=forte-pharma-turboslim-minceur"},"modified":"2024-09-09T13:55:13","modified_gmt":"2024-09-09T13:55:13","slug":"forte-pharma-turboslim-minceur","status":"publish","type":"product","link":"https:\/\/para-pharmacity.tn\/?product=forte-pharma-turboslim-minceur","title":{"rendered":"FORTE PHARMA TURBOSLIM MINCEUR"},"content":{"rendered":"<p>Pas facile de perdre du poids lorsque l&rsquo;app\u00e9tit est cons\u00e9quent et que les fringales sont fr\u00e9quentes ! Pour vous accompagner avec succ\u00e8s dans votre d\u00e9marche minceur, la formule de TurboSlim combine deux actions compl\u00e9mentaires et synergiques pour vous aider \u00e0 : Contr\u00f4ler votre app\u00e9tit. Optimiser la combustion des calories. TurboSlim, \u00e9labor\u00e9 par les laboratoires FORT\u00e0 \u2030 PHARMA, contient du th\u00e9 vert et du zinc, participant au m\u00e9tabolisme des acides gras. Leur action est renforc\u00e9e par celle du chrome, contribuant au maintien d&rsquo;une glyc\u00e9mie normale. Prenez 2 g\u00e9lules le matin, pendant le petit-d\u00e9jeuner, avec un verre d&rsquo;eau. Il est recommand\u00e9 d&rsquo;adopter id\u00e9alement TurboSlim pendant un mois, renouvelable au besoin. Un compl\u00e9ment alimentaire ne saurait remplacer une alimentation vari\u00e9e et \u00e9quilibr\u00e9e, ainsi qu&rsquo;un mode de vie sain. Suivez les conseils d&rsquo;utilisation et ne d\u00e9passez pas la dose quotidienne recommand\u00e9e. Assurez-vous de le tenir hors de la port\u00e9e des enfants. D\u00e9conseill\u00e9 aux femmes enceintes, allaitantes et aux enfants de moins de 8 ans sans avis m\u00e9dical. Il est important de noter que ce compl\u00e9ment alimentaire n&rsquo;est pas un m\u00e9dicament. N&rsquo;h\u00e9sitez pas \u00e0 consulter votre pharmacien pour obtenir des conseils. Stockez-le dans un endroit sec et frais.<\/p>\n","protected":false},"excerpt":{"rendered":"<p>TurboSlim, \u00e9labor\u00e9 par les laboratoires FORT\u00c9 PHARMA, contient du th\u00e9 vert et du zinc, participant au m\u00e9tabolisme des acides gras. Leur action est renforc\u00e9e par celle du chrome, contribuant au maintien d&rsquo;une glyc\u00e9mie normale.<\/p>\n","protected":false},"featured_media":24600,"comment_status":"open","ping_status":"closed","template":"","meta":[],"product_cat":[20],"product_tag":[],"class_list":{"0":"post-17266","1":"product","2":"type-product","3":"status-publish","4":"has-post-thumbnail","6":"product_cat-accessories","8":"first","9":"instock","10":"shipping-taxable","11":"product-type-simple"},"jetpack_sharing_enabled":true,"_links":{"self":[{"href":"https:\/\/para-pharmacity.tn\/index.php?rest_route=\/wp\/v2\/product\/17266","targetHints":{"allow":["GET"]}}],"collection":[{"href":"https:\/\/para-pharmacity.tn\/index.php?rest_route=\/wp\/v2\/product"}],"about":[{"href":"https:\/\/para-pharmacity.tn\/index.php?rest_route=\/wp\/v2\/types\/product"}],"replies":[{"embeddable":true,"href":"https:\/\/para-pharmacity.tn\/index.php?rest_route=%2Fwp%2Fv2%2Fcomments&post=17266"}],"version-history":[{"count":2,"href":"https:\/\/para-pharmacity.tn\/index.php?rest_route=\/wp\/v2\/product\/17266\/revisions"}],"predecessor-version":[{"id":24601,"href":"https:\/\/para-pharmacity.tn\/index.php?rest_route=\/wp\/v2\/product\/17266\/revisions\/24601"}],"wp:featuredmedia":[{"embeddable":true,"href":"https:\/\/para-pharmacity.tn\/index.php?rest_route=\/wp\/v2\/media\/24600"}],"wp:attachment":[{"href":"https:\/\/para-pharmacity.tn\/index.php?rest_route=%2Fwp%2Fv2%2Fmedia&parent=17266"}],"wp:term":[{"taxonomy":"product_cat","embeddable":true,"href":"https:\/\/para-pharmacity.tn\/index.php?rest_route=%2Fwp%2Fv2%2Fproduct_cat&post=17266"},{"taxonomy":"product_tag","embeddable":true,"href":"https:\/\/para-pharmacity.tn\/index.php?rest_route=%2Fwp%2Fv2%2Fproduct_tag&post=17266"}],"curies":[{"name":"wp","href":"https:\/\/api.w.org\/{rel}","templated":true}]}}