{"id":17264,"date":"2024-07-10T23:02:06","date_gmt":"2024-07-10T23:02:06","guid":{"rendered":"https:\/\/para-pharmacity.tn\/?product=forte-pharma-turbodraine-framb-500"},"modified":"2024-09-09T13:32:33","modified_gmt":"2024-09-09T13:32:33","slug":"forte-pharma-turbodraine-framb-500","status":"publish","type":"product","link":"https:\/\/para-pharmacity.tn\/?product=forte-pharma-turbodraine-framb-500","title":{"rendered":"FORTE PHARMA TURBODRAINE FRAMB 500"},"content":{"rendered":"<p class=\"prodtexte\"><strong>Description :<\/strong><\/p>\n<p class=\"prodtexte\">FORTE PHARMA TurboDraine est une d\u00e9licieuse boisson minceur drainante, au go\u00fbt framboise, \u00e0 boire tout au long de la journ\u00e9e. 3 actions minceurs : Br\u00fble et \u00e9limine les graisses tout en remodelant la silhouette, draine et purifie l&rsquo;organisme et r\u00e9min\u00e9ralise l&rsquo;organisme.<\/p>\n<p class=\"prodsubtitle\"><strong>Conseils d&rsquo;utilisation :<\/strong><\/p>\n<p class=\"prodtexte\">Versez 10ml dans un grand verre d&rsquo;eau. D\u00e9gustez la boisson tout au long de la journ\u00e9e. Cure de 10 jours, \u00e0 renouveler si besoin pour continuer \u00e0 remodeler sa ligne. Prendre en cure de 3 semaines \u00e0 chaque changement de saison.<\/p>\n<p class=\"prodsubtitle\">Pr\u00e9cautions d&#8217;emploi : D\u00e9conseill\u00e9 aux femmes enceintes ou qui allaitent et aux enfants de moins de 8 ans sans avis m\u00e9dical.<\/p>\n<p class=\"prodsubtitle\"><strong>Composition :<\/strong><\/p>\n<p class=\"prodtexte\">Eau purifi\u00e9e, extrait de th\u00e9 vert correspondant \u00e0 240 mg de polyph\u00e9nols, reine des pr\u00e9s (2000mg), cactin\u00e9a (1000mg), acidifiant (acide citrique), hibiscus (600mg), queue de cerise (300mg), colorants : anthocyanes, ponceau 4R, conservateurs : sorbate de po<\/p>\n","protected":false},"excerpt":{"rendered":"<p>FORTE PHARMA TurboDraine est une d\u00e9licieuse boisson minceur drainante, au go\u00fbt framboise, \u00e0 boire tout au long de la journ\u00e9e. 3 actions minceurs : Br\u00fble et \u00e9limine les graisses.<\/p>\n","protected":false},"featured_media":24523,"comment_status":"open","ping_status":"closed","template":"","meta":[],"product_cat":[20],"product_tag":[],"class_list":{"0":"post-17264","1":"product","2":"type-product","3":"status-publish","4":"has-post-thumbnail","6":"product_cat-accessories","8":"first","9":"instock","10":"shipping-taxable","11":"product-type-simple"},"jetpack_sharing_enabled":true,"_links":{"self":[{"href":"https:\/\/para-pharmacity.tn\/index.php?rest_route=\/wp\/v2\/product\/17264","targetHints":{"allow":["GET"]}}],"collection":[{"href":"https:\/\/para-pharmacity.tn\/index.php?rest_route=\/wp\/v2\/product"}],"about":[{"href":"https:\/\/para-pharmacity.tn\/index.php?rest_route=\/wp\/v2\/types\/product"}],"replies":[{"embeddable":true,"href":"https:\/\/para-pharmacity.tn\/index.php?rest_route=%2Fwp%2Fv2%2Fcomments&post=17264"}],"version-history":[{"count":2,"href":"https:\/\/para-pharmacity.tn\/index.php?rest_route=\/wp\/v2\/product\/17264\/revisions"}],"predecessor-version":[{"id":24596,"href":"https:\/\/para-pharmacity.tn\/index.php?rest_route=\/wp\/v2\/product\/17264\/revisions\/24596"}],"wp:featuredmedia":[{"embeddable":true,"href":"https:\/\/para-pharmacity.tn\/index.php?rest_route=\/wp\/v2\/media\/24523"}],"wp:attachment":[{"href":"https:\/\/para-pharmacity.tn\/index.php?rest_route=%2Fwp%2Fv2%2Fmedia&parent=17264"}],"wp:term":[{"taxonomy":"product_cat","embeddable":true,"href":"https:\/\/para-pharmacity.tn\/index.php?rest_route=%2Fwp%2Fv2%2Fproduct_cat&post=17264"},{"taxonomy":"product_tag","embeddable":true,"href":"https:\/\/para-pharmacity.tn\/index.php?rest_route=%2Fwp%2Fv2%2Fproduct_tag&post=17264"}],"curies":[{"name":"wp","href":"https:\/\/api.w.org\/{rel}","templated":true}]}}