{"id":17263,"date":"2024-07-10T23:02:05","date_gmt":"2024-07-10T23:02:05","guid":{"rendered":"https:\/\/para-pharmacity.tn\/?product=forte-pharma-tigramen"},"modified":"2024-09-09T13:24:08","modified_gmt":"2024-09-09T13:24:08","slug":"forte-pharma-tigramen","status":"publish","type":"product","link":"https:\/\/para-pharmacity.tn\/?product=forte-pharma-tigramen","title":{"rendered":"FORTE PHARMA TIGRA+MEN"},"content":{"rendered":"<h3 class=\"title-brand\"><span class=\"text-gray-darker\" title=\"Lien vers une image du produit Energie Tigra+ Men 28 Comprim\u00e9s en haute r\u00e9solution\">Description<\/span><\/h3>\n<div>\n<p>Energie Tigra+ Men est un produit con\u00e7u par Forte Pharma pour augmenter la vitalit\u00e9 sexuelle des hommes. Il utilise une formule sp\u00e9ciale combinant plusieurs extraits de plantes ayant des vertus aphrodisiaques, dont le ginseng.<\/p>\n<h3>Un stimulant sexuel, un avis<\/h3>\n<p>Nous conseillons ces comprim\u00e9s pour leurs vertus revitalisantes et stimulantes. La formule d&rsquo;Energie Tigra+ Men repose sur trois ingr\u00e9dients majeurs : le\u00a0<b>gingembre<\/b>, le kola et l&rsquo;Ume-C, un extrait de prune du Japon qui a fait l&rsquo;objet d&rsquo;une \u00e9tude scientifique.\u00a0Pour une action optimale, la formule d&rsquo;Energie Tigra+ Men associe du zinc qui contribue au maintien d&rsquo;un taux normal de testost\u00e9rone dans le sang, \u00e0 des min\u00e9raux et vitamines (B1, B3) qui contribuent \u00e0 procurer de l&rsquo;\u00e9nergie.<\/div>\n<h3 class=\"title-brand\"><span class=\"text-gray-darker\">Utilisation<\/span><\/h3>\n<div>\n<p>Prendre 2 comprim\u00e9s par jour de pr\u00e9f\u00e9rence 30 minutes avant l&rsquo;acte sexuel.<\/p>\n<p>Cure de 14 jours renouvelable.<\/p>\n<p><i>Les compl\u00e9ments alimentaires doivent \u00eatre utilis\u00e9s dans le cadre d\u2019une alimentation vari\u00e9e, \u00e9quilibr\u00e9e et d\u2019un mode de vie sain. Tenir hors de port\u00e9e des enfants. Il est d\u00e9conseill\u00e9 de d\u00e9passer la dose journali\u00e8re indiqu\u00e9e. Les personnes sous contr\u00f4le m\u00e9dical doivent demander conseil \u00e0 leur m\u00e9decin avant de prendre un compl\u00e9ment alimentaire. R\u00e9serv\u00e9 \u00e0 l\u2019adulte.<\/i><\/p>\n<\/div>\n<h3 class=\"title-brand\"><span class=\"text-gray-darker\">Composition<\/span><\/h3>\n<p>Ingr\u00e9dients : agent de charge (cellulose microcristalline), Ume-C (extrait de prune Prunus mume), extrait sec de kola (Cola nitida), extrait sec de ginseng rouge (Panax ginseng CA Meyer) &#8211; soit 10% de gins\u00e9nosides, atomisat de gingembre (Zingiber officinalis), gluconate de zinc, extrait sec de sarriette (Satureja hortensis) titr\u00e9 0,1% huile essentielle, agents d&rsquo;enrobage (HPMC-E464, colorants alimentaires E129, E110, E172-), polydextrose, talc, triglyc\u00e9rides \u00e0 cha\u00eene moyenne, extrait sec de raisin (Vitis vinifera) titr\u00e9 92% polyph\u00e9nols, vitamines (E, B3, B1), anti-agglom\u00e9rants (silice collo\u00efdale, st\u00e9arate de magn\u00e9sium), chlorure de chrome.<\/p>\n","protected":false},"excerpt":{"rendered":"<p>Energie Tigra+ Men est un produit con\u00e7u par Forte Pharma pour augmenter la vitalit\u00e9 sexuelle des hommes. Il utilise une formule sp\u00e9ciale combinant plusieurs extraits de plantes ayant des vertus aphrodisiaques, dont le ginseng.<\/p>\n","protected":false},"featured_media":24589,"comment_status":"open","ping_status":"closed","template":"","meta":[],"product_cat":[20],"product_tag":[],"class_list":{"0":"post-17263","1":"product","2":"type-product","3":"status-publish","4":"has-post-thumbnail","6":"product_cat-accessories","8":"first","9":"instock","10":"shipping-taxable","11":"product-type-simple"},"jetpack_sharing_enabled":true,"_links":{"self":[{"href":"https:\/\/para-pharmacity.tn\/index.php?rest_route=\/wp\/v2\/product\/17263","targetHints":{"allow":["GET"]}}],"collection":[{"href":"https:\/\/para-pharmacity.tn\/index.php?rest_route=\/wp\/v2\/product"}],"about":[{"href":"https:\/\/para-pharmacity.tn\/index.php?rest_route=\/wp\/v2\/types\/product"}],"replies":[{"embeddable":true,"href":"https:\/\/para-pharmacity.tn\/index.php?rest_route=%2Fwp%2Fv2%2Fcomments&post=17263"}],"version-history":[{"count":2,"href":"https:\/\/para-pharmacity.tn\/index.php?rest_route=\/wp\/v2\/product\/17263\/revisions"}],"predecessor-version":[{"id":24594,"href":"https:\/\/para-pharmacity.tn\/index.php?rest_route=\/wp\/v2\/product\/17263\/revisions\/24594"}],"wp:featuredmedia":[{"embeddable":true,"href":"https:\/\/para-pharmacity.tn\/index.php?rest_route=\/wp\/v2\/media\/24589"}],"wp:attachment":[{"href":"https:\/\/para-pharmacity.tn\/index.php?rest_route=%2Fwp%2Fv2%2Fmedia&parent=17263"}],"wp:term":[{"taxonomy":"product_cat","embeddable":true,"href":"https:\/\/para-pharmacity.tn\/index.php?rest_route=%2Fwp%2Fv2%2Fproduct_cat&post=17263"},{"taxonomy":"product_tag","embeddable":true,"href":"https:\/\/para-pharmacity.tn\/index.php?rest_route=%2Fwp%2Fv2%2Fproduct_tag&post=17263"}],"curies":[{"name":"wp","href":"https:\/\/api.w.org\/{rel}","templated":true}]}}