{"id":17262,"date":"2024-07-10T23:02:05","date_gmt":"2024-07-10T23:02:05","guid":{"rendered":"https:\/\/para-pharmacity.tn\/?product=forte-pharma-retention-d-eau-28-cp"},"modified":"2024-09-09T13:00:44","modified_gmt":"2024-09-09T13:00:44","slug":"forte-pharma-retention-d-eau-28-cp","status":"publish","type":"product","link":"https:\/\/para-pharmacity.tn\/?product=forte-pharma-retention-d-eau-28-cp","title":{"rendered":"FORTE PHARMA RETENTION D EAU 28 CP"},"content":{"rendered":"<p style=\"font-weight: 400\"><b><strong>Description :<\/strong><\/b><\/p>\n<p style=\"font-weight: 400\">Forte pharma Minceur R\u00e9tention d&rsquo;eau 28 comprim\u00e9s est une formule compl\u00e8te gr\u00e2ce \u00e0 ses actifs br\u00fbleurs les calories et limiter le stockage des graisses et draineurs.<\/p>\n<p style=\"font-weight: 400\">Eliminer l&rsquo;exc\u00e8s d&rsquo;eau et diminuer les sensations de gonflement.<\/p>\n<p style=\"font-weight: 400\">Ralentir le vieillissement cellulaire.<\/p>\n<p style=\"font-weight: 400\">&#8211; Limiter les exc\u00e8s d\u2019eau et les gonflements gr\u00e2ce \u00e0 l\u2019association d\u2019actifs de r\u00e9f\u00e9rence : fr\u00eane, queue de cerise, yam et artichaut.<\/p>\n<p style=\"font-weight: 400\">&#8211; Affiner la silhouette : la caf\u00e9ine et l\u2019association chrome-zinc aident \u00e0 br\u00fbler les calories et limiter le stockage des graisses. Parce qu\u2019apr\u00e8s 45 ans les m\u00e9canismes cellulaires ont tendance \u00e0 se ralentir, la formule de Minceur R\u00e9tention d&rsquo;Eau 45+ a \u00e9t\u00e9 enrichie en grenade et min\u00e9raux. Leurs propri\u00e9t\u00e9s anti-oxydantes limitent ce ph\u00e9nom\u00e8ne.<\/p>\n<p style=\"font-weight: 400\">Forte pharma Minceur R\u00e9tention d&rsquo;eau 45+ 28 comprim\u00e9s est une formule compl\u00e8te gr\u00e2ce \u00e0 ses actifs br\u00fbleurs les calories et limiter le stockage des graisses et draineurs. Eliminer l&rsquo;exc\u00e8s d&rsquo;eau et diminuer les sensations de gonflement. Ralentir le vieillissement cellulaire.<\/p>\n<p style=\"font-weight: 400\"><b><strong>INDICATION :<\/strong><\/b><\/p>\n<p style=\"font-weight: 400\">Gonflement, exc\u00e8s d&rsquo;eau.<\/p>\n<p style=\"font-weight: 400\"><b><strong>Mode d&#8217;emploi :<\/strong><\/b><\/p>\n<p style=\"font-weight: 400\">Prendre 2 comprim\u00e9s par jour : 1 le matin et 1 le midi avec un verre d\u2019eau. Pr\u00e9voir id\u00e9alement 1 mois de cure, \u00e0 renouveler si n\u00e9cessaire.<\/p>\n<p style=\"font-weight: 400\"><b><strong>Composition\u00a0:<\/strong><\/b><\/p>\n<p style=\"font-weight: 400\">Cellulose Microcristalline, Phosphate Diclacique, Croscarmellose Sodique, Extrait Sec de Caf\u00e9 Vert, de Fr\u00eane, Yam, Caf\u00e9ine, Talc, Dioxyde de Silicium, St\u00e9arate de Magn\u00e9sium, Citrates de Potassium, De Zinc, Acide St\u00e9arique, Colorant : E171, E104, Extrait Sec de Cassis, Extrait Sec de Queue de Cerise, Grenade, Extrait Sec d&rsquo;Artichaut, Pr\u00e9m\u00e9lange au S\u00e9lenium, Sulfate de Mangan\u00e8se, Pr\u00e9melange au Chrome, Vitamines B6, B1, B2.<\/p>\n","protected":false},"excerpt":{"rendered":"<p style=\"font-weight: 400\">Forte pharma Minceur R\u00e9tention d&rsquo;eau 28 comprim\u00e9s est une formule compl\u00e8te gr\u00e2ce \u00e0 ses actifs br\u00fbleurs les calories et limiter le stockage des graisses et draineurs.<\/p>\n<p style=\"font-weight: 400\">Eliminer l&rsquo;exc\u00e8s d&rsquo;eau et diminuer les sensations de gonflement.<\/p>\n<p style=\"font-weight: 400\">Ralentir le vieillissement cellulaire.<\/p>\n","protected":false},"featured_media":24583,"comment_status":"open","ping_status":"closed","template":"","meta":[],"product_cat":[20],"product_tag":[],"class_list":{"0":"post-17262","1":"product","2":"type-product","3":"status-publish","4":"has-post-thumbnail","6":"product_cat-accessories","8":"first","9":"instock","10":"shipping-taxable","11":"product-type-simple"},"jetpack_sharing_enabled":true,"_links":{"self":[{"href":"https:\/\/para-pharmacity.tn\/index.php?rest_route=\/wp\/v2\/product\/17262","targetHints":{"allow":["GET"]}}],"collection":[{"href":"https:\/\/para-pharmacity.tn\/index.php?rest_route=\/wp\/v2\/product"}],"about":[{"href":"https:\/\/para-pharmacity.tn\/index.php?rest_route=\/wp\/v2\/types\/product"}],"replies":[{"embeddable":true,"href":"https:\/\/para-pharmacity.tn\/index.php?rest_route=%2Fwp%2Fv2%2Fcomments&post=17262"}],"version-history":[{"count":3,"href":"https:\/\/para-pharmacity.tn\/index.php?rest_route=\/wp\/v2\/product\/17262\/revisions"}],"predecessor-version":[{"id":24587,"href":"https:\/\/para-pharmacity.tn\/index.php?rest_route=\/wp\/v2\/product\/17262\/revisions\/24587"}],"wp:featuredmedia":[{"embeddable":true,"href":"https:\/\/para-pharmacity.tn\/index.php?rest_route=\/wp\/v2\/media\/24583"}],"wp:attachment":[{"href":"https:\/\/para-pharmacity.tn\/index.php?rest_route=%2Fwp%2Fv2%2Fmedia&parent=17262"}],"wp:term":[{"taxonomy":"product_cat","embeddable":true,"href":"https:\/\/para-pharmacity.tn\/index.php?rest_route=%2Fwp%2Fv2%2Fproduct_cat&post=17262"},{"taxonomy":"product_tag","embeddable":true,"href":"https:\/\/para-pharmacity.tn\/index.php?rest_route=%2Fwp%2Fv2%2Fproduct_tag&post=17262"}],"curies":[{"name":"wp","href":"https:\/\/api.w.org\/{rel}","templated":true}]}}