{"id":17261,"date":"2024-07-10T23:02:05","date_gmt":"2024-07-10T23:02:05","guid":{"rendered":"https:\/\/para-pharmacity.tn\/?product=forte-pharma-pack-xtraslim-700"},"modified":"2024-09-09T12:52:41","modified_gmt":"2024-09-09T12:52:41","slug":"forte-pharma-pack-xtraslim-700","status":"publish","type":"product","link":"https:\/\/para-pharmacity.tn\/?product=forte-pharma-pack-xtraslim-700","title":{"rendered":"FORTE PHARMA PACK XTRASLIM 700"},"content":{"rendered":"<div class=\"product-tabs\">\n<p class=\"tabs-title\"><strong>Description :<\/strong><\/p>\n<div class=\"std new-std\">\n<p>Vous cherchez une solution naturelle et efficace pour perdre du poids ?<br \/>\nAvec XtraSlim 700, le d\u00e9partement Recherche &amp; D\u00e9veloppement des Laboratoires Fort\u00e9 Pharma a mis au point une formule exclusive, innovante et efficace.<br \/>\nUne association synergique de 8 actifs, soigneusement s\u00e9lectionn\u00e9s :<br \/>\n4 extraits de plantes, choisis pour leur action minceur :<br \/>\n&#8211; Une association de curcuma et de wakam\u00e9(1) : le wakam\u00e9 aide \u00e0 br\u00fbler les graisses, r\u00e9duire l&rsquo;app\u00e9tit et \u00e0 contr\u00f4ler son poids.<br \/>\n&#8211; Le cassis(2) qui draine l&rsquo;organisme et facilite ainsi la perte de poids.<br \/>\n&#8211; Le konjac, connu pour ses vertus di\u00e9t\u00e9tiques.<\/p>\n<p>3 ingr\u00e9dients compl\u00e9mentaires, agissant sur le m\u00e9tabolisme des lipides, des glucides et des prot\u00e9ines :<br \/>\n&#8211; De la choline, un nutriment essentiel qui agit en synergie avec les vitamines du groupe B. La choline contribue \u00e0 un m\u00e9tabolisme lipidique normal.<br \/>\n&#8211; Du chrome, qui contribue au maintien d&rsquo;une glyc\u00e9mie normale.<br \/>\n&#8211; De la vitamine B6 qui favorise le m\u00e9tabolisme des prot\u00e9ines et contribue \u00e9galement \u00e0 r\u00e9duire la fatigue.<br \/>\n\u2022 De la vitamine B1 qui permet un bon \u00e9quilibre du syst\u00e8me nerveux, et un m\u00e9tabolisme \u00e9nerg\u00e9tique normal.<\/p>\n<p>ETUDE SCIENTIFIUE<br \/>\nQL&rsquo;efficacit\u00e9 du complexe d&rsquo;ingr\u00e9dients Wakam\u00e9-Curcuma a \u00e9t\u00e9 prouv\u00e9e par une \u00e9tude scientifique en double aveugle versus placebo, men\u00e9e sur 59 personnes pendant 28 j. ours.<\/p>\n<p>(1)Le Wakam\u00e9 contribue au m\u00e9tabolisme des graisses,, qui aide au contr\u00f4le du poids.<br \/>\n(2)Le Cassis facilite la perte de poids en compl\u00e9ment de mesures di\u00e9t\u00e9tiques.<br \/>\n(3)Etude scientifique WF\/NP 16-6422 sur le complexe d&rsquo;ingr\u00e9dients Wakam\u00e9-Curcuma, 59 personnes \u2013 28 jours.<br \/>\n(4)La choline contribue \u00e0 un m\u00e9tabolisme lipidique normal. Le chrome contribue au maintien d&rsquo;une glyc\u00e9mie normale et au m\u00e9tabolisme normal des macronutriments. La vitamine B6 contribue au m\u00e9tabolisme normal des prot\u00e9ines et du glycog\u00e8ne.<br \/>\n(5)La vitamine B1 contribue au fonctionnement normlal du syst\u00e8me nerveux et \u00e0 un m\u00e9tabolisme \u00e9nerg\u00e9tiique normal.<\/p>\n<p>LABORATOIRES FORTE PHARMA SAM,<br \/>\n41 avenue Hector Otto, le Patio Palace,<br \/>\n98 000 MONACO<\/p>\n<\/div>\n<\/div>\n<div class=\"product-tabs\">\n<p class=\"tabs-title\"><strong>Conseils d&rsquo;utilisation :<\/strong><\/p>\n<div class=\"std new-std\">\n<p>2 g\u00e9lules deux fois par jour, \u00e0 prendre lors des deux principaux repas. Programme de 1 mois, \u00e0 renouveler.<\/p>\n<\/div>\n<\/div>\n<div class=\"product-tabs\">\n<p class=\"tabs-title\"><strong>Composition :<\/strong><\/p>\n<div class=\"fm-header\">\n<p>Ingr\u00e9dients:\u00a0complexe LIPOSLIM [extraits de wakam\u00e9 (Undaria pinnatifida) (405 mg) et de curcuma (Curcuma longa) (45 mg)], enveloppe de la g\u00e9lule (g\u00e9latine, colorant : dioxyde de titane), agent de charge (carbonate de calcium), glucomannane de konjac (Amorphophallus konjac) (200 mg), choline bitartrate (82,5 mg \u00e9quivalent choline), extrait sec de feuilles de cassis (Ribes nigrum L.) (2000 mg \u00e9quivalent plantes), agent de charge (cellulose microcristalline), antiagglom\u00e9rants (dioxyde de silicium, sels de magn\u00e9sium d&rsquo;acides gras), vitamine B6 (pyridoxine), chlorure de chrome, vitamine B1 (thiamine)<\/p>\n<\/div>\n<\/div>\n","protected":false},"excerpt":{"rendered":"<p>XtraSlim 700, br\u00fbleur de graisses est une solution innovante pour vous aider \u00e0 perdre du poids.<br \/>\nXtraSlim 700 propose une formule exclusive de 8 actifs : 4 extraits de plantes choisies pour leur action minceur associ\u00e9s \u00e0 4 nutriments essentiels, pour retrouver rapidement une silhouette id\u00e9ale.<\/p>\n","protected":false},"featured_media":24581,"comment_status":"open","ping_status":"closed","template":"","meta":[],"product_cat":[20],"product_tag":[],"class_list":{"0":"post-17261","1":"product","2":"type-product","3":"status-publish","4":"has-post-thumbnail","6":"product_cat-accessories","8":"first","9":"instock","10":"shipping-taxable","11":"product-type-simple"},"jetpack_sharing_enabled":true,"_links":{"self":[{"href":"https:\/\/para-pharmacity.tn\/index.php?rest_route=\/wp\/v2\/product\/17261","targetHints":{"allow":["GET"]}}],"collection":[{"href":"https:\/\/para-pharmacity.tn\/index.php?rest_route=\/wp\/v2\/product"}],"about":[{"href":"https:\/\/para-pharmacity.tn\/index.php?rest_route=\/wp\/v2\/types\/product"}],"replies":[{"embeddable":true,"href":"https:\/\/para-pharmacity.tn\/index.php?rest_route=%2Fwp%2Fv2%2Fcomments&post=17261"}],"version-history":[{"count":2,"href":"https:\/\/para-pharmacity.tn\/index.php?rest_route=\/wp\/v2\/product\/17261\/revisions"}],"predecessor-version":[{"id":24580,"href":"https:\/\/para-pharmacity.tn\/index.php?rest_route=\/wp\/v2\/product\/17261\/revisions\/24580"}],"wp:featuredmedia":[{"embeddable":true,"href":"https:\/\/para-pharmacity.tn\/index.php?rest_route=\/wp\/v2\/media\/24581"}],"wp:attachment":[{"href":"https:\/\/para-pharmacity.tn\/index.php?rest_route=%2Fwp%2Fv2%2Fmedia&parent=17261"}],"wp:term":[{"taxonomy":"product_cat","embeddable":true,"href":"https:\/\/para-pharmacity.tn\/index.php?rest_route=%2Fwp%2Fv2%2Fproduct_cat&post=17261"},{"taxonomy":"product_tag","embeddable":true,"href":"https:\/\/para-pharmacity.tn\/index.php?rest_route=%2Fwp%2Fv2%2Fproduct_tag&post=17261"}],"curies":[{"name":"wp","href":"https:\/\/api.w.org\/{rel}","templated":true}]}}