{"id":17259,"date":"2024-07-10T23:02:04","date_gmt":"2024-07-10T23:02:04","guid":{"rendered":"https:\/\/para-pharmacity.tn\/?product=forte-pharma-minceur-24-fort-28-com"},"modified":"2024-09-09T12:32:47","modified_gmt":"2024-09-09T12:32:47","slug":"forte-pharma-minceur-24-fort-28-com","status":"publish","type":"product","link":"https:\/\/para-pharmacity.tn\/?product=forte-pharma-minceur-24-fort-28-com","title":{"rendered":"FORTE PHARMA MINCEUR 24 FORT 28 COM"},"content":{"rendered":"<p><strong>Description :<\/strong><\/p>\n<p>Le compl\u00e9ment alimentaire minceur 24 fort du laboratoire Forte Pharma est sp\u00e9cialement formul\u00e9 pour favoriser la perte du poids dans un r\u00e9gime di\u00e9t\u00e9tique. Il optimise l\u2019\u00e9limination et la combustion des graisses dans l\u2019organisme. Il permet \u00e9galement le raffermissement cutan\u00e9.<\/p>\n<p><strong>Caract\u00e9ristiques :<\/strong><\/p>\n<p>C\u2019est une association de 2 comprim\u00e9s pour obtenir une action minceur 24h\/24.<br \/>\nLa pr\u00eale contenue dans cette minceur agit en compl\u00e9ment pour faciliter les fonctions d&rsquo;\u00e9liminations.<br \/>\nLe piment favorise la br\u00fble graisse.<br \/>\nLa fonction du chrome est d&rsquo;aider \u00e0 maintenir le taux de glyc\u00e9mie normale.<br \/>\nLa vitamine B3 maintient une peau normale.<\/p>\n<p><strong>Conseils d\u2019utilisation :<\/strong><\/p>\n<p>Prendre 1 comprim\u00e9 blanc le petit-d\u00e9jeuner le jour et 1 comprim\u00e9 bleu avant le d\u00eener le soir accompagn\u00e9 d\u2019un grand verre d\u2019eau. Dur\u00e9e de prise id\u00e9ale 1 mois, \u00e0 renouveler si n\u00e9cessaire.<\/p>\n<p><strong>Pr\u00e9cautions d\u2019emploi \/ Contre-indication<\/strong><br \/>\nTenir hors de port\u00e9e des enfants.<br \/>\n\u00c0 conserver \u00e0 une temp\u00e9rature ambiante et \u00e0 l\u2019abri de la chaleur et de la lumi\u00e8re.<br \/>\n\u00c0 prendre dans le cadre d\u2019une alimentation \u00e9quilibr\u00e9e et d&rsquo;un mode de vie sain.<\/p>\n","protected":false},"excerpt":{"rendered":"<p>Le compl\u00e9ment alimentaire minceur 24 fort du laboratoire Forte Pharma est sp\u00e9cialement formul\u00e9 pour favoriser la perte du poids dans un r\u00e9gime di\u00e9t\u00e9tique. Il optimise l\u2019\u00e9limination et la combustion des graisses dans l\u2019organisme. Il permet \u00e9galement le raffermissement cutan\u00e9.<\/p>\n","protected":false},"featured_media":24572,"comment_status":"open","ping_status":"closed","template":"","meta":[],"product_cat":[20],"product_tag":[],"class_list":{"0":"post-17259","1":"product","2":"type-product","3":"status-publish","4":"has-post-thumbnail","6":"product_cat-accessories","8":"first","9":"instock","10":"shipping-taxable","11":"product-type-simple"},"jetpack_sharing_enabled":true,"_links":{"self":[{"href":"https:\/\/para-pharmacity.tn\/index.php?rest_route=\/wp\/v2\/product\/17259","targetHints":{"allow":["GET"]}}],"collection":[{"href":"https:\/\/para-pharmacity.tn\/index.php?rest_route=\/wp\/v2\/product"}],"about":[{"href":"https:\/\/para-pharmacity.tn\/index.php?rest_route=\/wp\/v2\/types\/product"}],"replies":[{"embeddable":true,"href":"https:\/\/para-pharmacity.tn\/index.php?rest_route=%2Fwp%2Fv2%2Fcomments&post=17259"}],"version-history":[{"count":2,"href":"https:\/\/para-pharmacity.tn\/index.php?rest_route=\/wp\/v2\/product\/17259\/revisions"}],"predecessor-version":[{"id":24573,"href":"https:\/\/para-pharmacity.tn\/index.php?rest_route=\/wp\/v2\/product\/17259\/revisions\/24573"}],"wp:featuredmedia":[{"embeddable":true,"href":"https:\/\/para-pharmacity.tn\/index.php?rest_route=\/wp\/v2\/media\/24572"}],"wp:attachment":[{"href":"https:\/\/para-pharmacity.tn\/index.php?rest_route=%2Fwp%2Fv2%2Fmedia&parent=17259"}],"wp:term":[{"taxonomy":"product_cat","embeddable":true,"href":"https:\/\/para-pharmacity.tn\/index.php?rest_route=%2Fwp%2Fv2%2Fproduct_cat&post=17259"},{"taxonomy":"product_tag","embeddable":true,"href":"https:\/\/para-pharmacity.tn\/index.php?rest_route=%2Fwp%2Fv2%2Fproduct_tag&post=17259"}],"curies":[{"name":"wp","href":"https:\/\/api.w.org\/{rel}","templated":true}]}}