{"id":17258,"date":"2024-07-10T23:02:04","date_gmt":"2024-07-10T23:02:04","guid":{"rendered":"https:\/\/para-pharmacity.tn\/?product=forte-pharma-lipo-redux-56-gel"},"modified":"2024-09-09T12:27:18","modified_gmt":"2024-09-09T12:27:18","slug":"forte-pharma-lipo-redux-56-gel","status":"publish","type":"product","link":"https:\/\/para-pharmacity.tn\/?product=forte-pharma-lipo-redux-56-gel","title":{"rendered":"FORTE PHARMA LIPO REDUX 56 GEL"},"content":{"rendered":"<h2>Description<\/h2>\n<p><strong>Forte Pharma Lipo Redux 900mg<\/strong>\u00a0est un compl\u00e9ment alimentaire adapt\u00e9 aux personnes dont l\u2019indice de masse corporel est compris entre 25 et 29.<\/p>\n<p>Pour calculer votre Indice de Masse Corporel, il suffit de diviser votre poids par votre taille en m au carr\u00e9.<\/p>\n<p>Par exemple, pour une personne mesurant 1,65 m et pesant 70 kg : 70 divis\u00e9 par (1,65\u00d71,65) = 25,71.l\u2019IMC est \u00e9gale \u00e0 25,71.<\/p>\n<p><strong>Liporedux 900mg<\/strong>\u00a0des laboratoires\u00a0<strong>Forte Pharma<\/strong>\u00a0aide \u00e0 perdre du poids, en s\u2019attaquant aux \u00ab mauvaises graisses \u00bb de l\u2019organisme afin de retrouver votre poids de forme.<\/p>\n<p>Avec son mode d\u2019action unique et brevet\u00e9,\u00a0<strong>Forte Pharma Liporedux 900mg<\/strong>\u00a0agit \u00e0 3 niveaux de la lipolyse pour une meilleure d\u00e9gradation des graisses, notamment les graisses visc\u00e9rales.<\/p>\n<p>Des \u00e9tudes scientifiques ont prouv\u00e9 l\u2019efficacit\u00e9 du Sin\u00e9trol, un compos\u00e9 actif hautement dos\u00e9 dans la formule \u00e0 900mg.<\/p>\n<p>Ce complexe complet contient du guarana, actif agissant sur la d\u00e9gradation des graisses et stimulant la perte de poids. Il contient \u00e9galement du zinc qui contribue au m\u00e9tabolisme normal des acides gras ainsi que du chrome qui aide au maintien d\u2019une glyc\u00e9mie normale.<\/p>\n<h2>Conseils d\u2019utilisation<\/h2>\n<p>Pour contr\u00f4ler son poids, prendre 1 g\u00e9lule 2 fois par jour pendant vos repas avec un verre d\u2019eau.<\/p>\n<p><strong>Pr\u00e9cautions d\u2019emploi de Forte Pharma Lipo Redux 56 G\u00e9lules :<\/strong><\/p>\n<p>Tenir hors de port\u00e9e des enfants. D\u00e9conseill\u00e9 aux femmes enceintes ou allaitantes et aux enfants et adolescents en croissance. Ne pas utiliser en cas d\u2019allergie \u00e0 l\u2019un des composants. Ne doit pas se substituer \u00e0 une alimentation vari\u00e9e et \u00e9quilibr\u00e9e ni \u00e0 un mode de vie sain. Ne pas d\u00e9passer la dose journali\u00e8re conseill\u00e9e. Contient de la caf\u00e9ine (36mg), d\u00e9conseill\u00e9 aux enfants et aux femmes enceintes. Ceci n\u2019est pas un m\u00e9dicament.<\/p>\n<h2>Composition<\/h2>\n<p>Sinetrol (extraits secs d\u2019orange douce, d\u2019orange sanguine, de pamplemousse, de guarana, maltodextrine) 900 mg, enveloppe de la g\u00e9lule (g\u00e9latine, colorant : dioxyde de titane), sulfate de zinc, antiagglom\u00e9rant (st\u00e9arate de magn\u00e9sium), chlorure de chrome. Pour 2 g\u00e9lules : Chrome : 25 \u00b5g soit 62.5% AJR, Zinc : 5 mg soit 50% AJR, Guarana : 250 mg dont caf\u00e9ine 36 mg AJR = Apport Journalier Recommand\u00e9<\/p>\n","protected":false},"excerpt":{"rendered":"<p>Forte Pharma Lipo Redux 900mg est un compl\u00e9ment alimentaire adapt\u00e9 aux personnes dont l&rsquo;indice de masse corporel est compris entre 25 et 29.<\/p>\n","protected":false},"featured_media":24569,"comment_status":"open","ping_status":"closed","template":"","meta":[],"product_cat":[20],"product_tag":[],"class_list":{"0":"post-17258","1":"product","2":"type-product","3":"status-publish","4":"has-post-thumbnail","6":"product_cat-accessories","8":"first","9":"instock","10":"shipping-taxable","11":"product-type-simple"},"jetpack_sharing_enabled":true,"_links":{"self":[{"href":"https:\/\/para-pharmacity.tn\/index.php?rest_route=\/wp\/v2\/product\/17258","targetHints":{"allow":["GET"]}}],"collection":[{"href":"https:\/\/para-pharmacity.tn\/index.php?rest_route=\/wp\/v2\/product"}],"about":[{"href":"https:\/\/para-pharmacity.tn\/index.php?rest_route=\/wp\/v2\/types\/product"}],"replies":[{"embeddable":true,"href":"https:\/\/para-pharmacity.tn\/index.php?rest_route=%2Fwp%2Fv2%2Fcomments&post=17258"}],"version-history":[{"count":2,"href":"https:\/\/para-pharmacity.tn\/index.php?rest_route=\/wp\/v2\/product\/17258\/revisions"}],"predecessor-version":[{"id":24570,"href":"https:\/\/para-pharmacity.tn\/index.php?rest_route=\/wp\/v2\/product\/17258\/revisions\/24570"}],"wp:featuredmedia":[{"embeddable":true,"href":"https:\/\/para-pharmacity.tn\/index.php?rest_route=\/wp\/v2\/media\/24569"}],"wp:attachment":[{"href":"https:\/\/para-pharmacity.tn\/index.php?rest_route=%2Fwp%2Fv2%2Fmedia&parent=17258"}],"wp:term":[{"taxonomy":"product_cat","embeddable":true,"href":"https:\/\/para-pharmacity.tn\/index.php?rest_route=%2Fwp%2Fv2%2Fproduct_cat&post=17258"},{"taxonomy":"product_tag","embeddable":true,"href":"https:\/\/para-pharmacity.tn\/index.php?rest_route=%2Fwp%2Fv2%2Fproduct_tag&post=17258"}],"curies":[{"name":"wp","href":"https:\/\/api.w.org\/{rel}","templated":true}]}}