{"id":17257,"date":"2024-07-10T23:02:04","date_gmt":"2024-07-10T23:02:04","guid":{"rendered":"https:\/\/para-pharmacity.tn\/?product=forte-pharma-forte-stress-24h-15pcs"},"modified":"2024-09-09T12:22:33","modified_gmt":"2024-09-09T12:22:33","slug":"forte-pharma-forte-stress-24h-15pcs","status":"publish","type":"product","link":"https:\/\/para-pharmacity.tn\/?product=forte-pharma-forte-stress-24h-15pcs","title":{"rendered":"FORTE PHARMA FORTE STRESS 24H 15PCS"},"content":{"rendered":"<p><b>FORTE PHARMA FORT\u00c9 STRESS 24H &#8211; 15 Comprimes<\/b><\/p>\n<p>FORTE PHARMA FORT\u00c9 STRESS 24H permet de vous aider \u00e0 r\u00e9duire votre fatigue et augmenter votre r\u00e9sistance au stress passager.<\/p>\n<p>Ses comprim\u00e9s bicouches \u00e0 double lib\u00e9ration vous procureront un effet imm\u00e9diat puis prolong\u00e9 pour des journ\u00e9es plus sereines.<\/p>\n<p>Fort\u00e9 Stress 24h vous propose une formule compl\u00e8te et innovante pour augmenter votre r\u00e9sistance au stress passager et vous aider \u00e0 vivre vos journ\u00e9es plus sereinement.<\/p>\n<p>Une composition id\u00e9ale pour des journ\u00e9es plus sereines :<\/p>\n<ul>\n<li>Du Magn\u00e9sium marin, de la vitamine B6 contre la fatigue, associ\u00e9s \u00e0 de la L-th\u00e9anine ;<\/li>\n<li>Un complexe synergique de 3 plantes : Schisandra, Rhodiola et Ashwagandha contre le stress.<\/li>\n<li>De nombreuses autres vitamines essentielles au bon fonctionnement de votre organisme.<\/li>\n<\/ul>\n<p>Gr\u00e2ce \u00e0 sa technologie innovante et son comprim\u00e9 bicouche, Fort\u00e9 Stress 24h poss\u00e8de une double action :<\/p>\n<ul>\n<li>Un effet imm\u00e9diat pour d\u00e9marrer la journ\u00e9e sereinement gr\u00e2ce \u00e0 la lib\u00e9ration instantan\u00e9e du magn\u00e9sium marin et de la vitamine B6 ;<\/li>\n<li>Un effet prolong\u00e9 tout au long de la journ\u00e9e gr\u00e2ce \u00e0 la lib\u00e9ration progressive du complexe synergique de 3 plantes.<\/li>\n<\/ul>\n<p><span style=\"color: #000000\"><b><u>Composition :\u00a0<\/u><\/b><\/span><\/p>\n<p>Ingr\u00e9dients par dose journali\u00e8re : stabilisants (hydroxypropylm\u00e9thylcellulose, copolym\u00e8re d\u2019ac\u00e9tate de vinyle et\u00a0 de\u00a0 polyvinylpyrrolidone, hydroxypropylcellulose, sels de magn\u00e9sium d\u2019acides\u00a0 gras),\u00a0 extrait sec\u00a0 de\u00a0 Schisandra\u00a0 (Schisandra chinensis\u00a0 (Turcz.)\u00a0 Baill.)\u00a0 (200), oxyde\u00a0 de\u00a0 magn\u00e9sium\u00a0 marin, extrait\u00a0 sec\u00a0 de\u00a0 Rhodiola\u00a0 rosea (Sedum roseum (L.) Scop.)\u00a0 (100), extrait sec de th\u00e9 vert (Camellia sinensis\u00a0 (L.)\u00a0 Kuntze)\u00a0 (100)\u00a0 titr\u00e9\u00a0 en L-th\u00e9anine,\u00a0 sec\u00a0 extrait d\u2019Ashwagandha\u00a0 [Withania somnifera Dunal (Physalis somnifera\u00a0 L.)]\u00a0 (50),\u00a0 anti-agglom\u00e9rant (dioxyde\u00a0 de\u00a0 silicium),\u00a0 vitamine B3\u00a0 (nicotinamide),\u00a0 vitamine\u00a0 B5 (D-pantoth\u00e9nate\u00a0 de\u00a0 calcium), agents\u00a0 d\u2019enrobage\u00a0 (hydroxypropylm\u00e9thylcellulose, cellulose microcristalline,\u00a0 acide\u00a0 st\u00e9arique), vitamine\u00a0 B6\u00a0 (chlorhydrate\u00a0 de pyridoxine),\u00a0 vitamine\u00a0 B2 (riboflavine), colorant (oxyde de fer), vitamines B1 (chlorhydrate de thiamine)\u00a0 et\u00a0 B9\u00a0 (acide\u00a0 folique).<\/p>\n<div><\/div>\n<p><span style=\"color: #000000\"><b><u>Conseils d&rsquo;utilisation :\u00a0<\/u><\/b><\/span><\/p>\n<ul>\n<li>1 comprim\u00e9 de forte stress\u00a01 fois pas jour. Le matin avec un verre d&rsquo;eau pendant 15 jours<\/li>\n<li>Un compl\u00e9ment alimentaire ne doit pas se substituer \u00e0 une alimentation vari\u00e9e et \u00e9quilibr\u00e9e et \u00e0 un mode de vie sain.<\/li>\n<li>Ne pas d\u00e9passer la dose journali\u00e8re conseill\u00e9e.<\/li>\n<li>Tenir hors de la port\u00e9e des jeunes enfants.<\/li>\n<li>D\u00e9conseill\u00e9 aux femmes enceintes ou qui allaitent et aux enfants de moins de 12 ans sans avis m\u00e9dical.<\/li>\n<li>Demandez conseil \u00e0 un professionnel de sant\u00e9 en cas de traitement m\u00e9dical.<\/li>\n<li>Ce compl\u00e9ment alimentaire n\u2019est pas un m\u00e9dicament.<\/li>\n<li>Consultez votre m\u00e9decin ou votre pharmacien en cas d\u2019usage concomitant d\u2019anticoagulants.<\/li>\n<li>A conserver \u00e0 une temp\u00e9rature inf\u00e9rieure \u00e0 25\u00b0C et \u00e0 l\u2019abri de l\u2019humidit\u00e9 dans son emballage herm\u00e9tiquement ferm\u00e9.<\/li>\n<\/ul>\n<div><\/div>\n","protected":false},"excerpt":{"rendered":"<p style=\"font-weight: 400\">Fort\u00e9 Stress 24h est la solution id\u00e9ale pour vous aider \u00e0 r\u00e9duire votre fatigue et augmenter votre r\u00e9sistance au stress passager.<\/p>\n<p style=\"font-weight: 400\">Ses comprim\u00e9s bicouches \u00e0 double lib\u00e9ration vous procureront un effet imm\u00e9diat puis prolong\u00e9 pour des journ\u00e9es plus sereines.<\/p>\n","protected":false},"featured_media":24563,"comment_status":"open","ping_status":"closed","template":"","meta":[],"product_cat":[20],"product_tag":[],"class_list":{"0":"post-17257","1":"product","2":"type-product","3":"status-publish","4":"has-post-thumbnail","6":"product_cat-accessories","8":"first","9":"instock","10":"shipping-taxable","11":"product-type-simple"},"jetpack_sharing_enabled":true,"_links":{"self":[{"href":"https:\/\/para-pharmacity.tn\/index.php?rest_route=\/wp\/v2\/product\/17257","targetHints":{"allow":["GET"]}}],"collection":[{"href":"https:\/\/para-pharmacity.tn\/index.php?rest_route=\/wp\/v2\/product"}],"about":[{"href":"https:\/\/para-pharmacity.tn\/index.php?rest_route=\/wp\/v2\/types\/product"}],"replies":[{"embeddable":true,"href":"https:\/\/para-pharmacity.tn\/index.php?rest_route=%2Fwp%2Fv2%2Fcomments&post=17257"}],"version-history":[{"count":2,"href":"https:\/\/para-pharmacity.tn\/index.php?rest_route=\/wp\/v2\/product\/17257\/revisions"}],"predecessor-version":[{"id":24567,"href":"https:\/\/para-pharmacity.tn\/index.php?rest_route=\/wp\/v2\/product\/17257\/revisions\/24567"}],"wp:featuredmedia":[{"embeddable":true,"href":"https:\/\/para-pharmacity.tn\/index.php?rest_route=\/wp\/v2\/media\/24563"}],"wp:attachment":[{"href":"https:\/\/para-pharmacity.tn\/index.php?rest_route=%2Fwp%2Fv2%2Fmedia&parent=17257"}],"wp:term":[{"taxonomy":"product_cat","embeddable":true,"href":"https:\/\/para-pharmacity.tn\/index.php?rest_route=%2Fwp%2Fv2%2Fproduct_cat&post=17257"},{"taxonomy":"product_tag","embeddable":true,"href":"https:\/\/para-pharmacity.tn\/index.php?rest_route=%2Fwp%2Fv2%2Fproduct_tag&post=17257"}],"curies":[{"name":"wp","href":"https:\/\/api.w.org\/{rel}","templated":true}]}}