{"id":17255,"date":"2024-07-10T23:02:03","date_gmt":"2024-07-10T23:02:03","guid":{"rendered":"https:\/\/para-pharmacity.tn\/?product=forte-pharma-expert-hyaluronic-30-c"},"modified":"2024-09-09T10:39:10","modified_gmt":"2024-09-09T10:39:10","slug":"forte-pharma-expert-hyaluronic-30-c","status":"publish","type":"product","link":"https:\/\/para-pharmacity.tn\/?product=forte-pharma-expert-hyaluronic-30-c","title":{"rendered":"FORTE PHARMA EXPERT HYALURONIC 30 C"},"content":{"rendered":"<p>Avec sa formule hautement dos\u00e9e, notre\u00a0<strong>Expert Hyaluronique Intense<\/strong>\u00a0est votre nouvel alli\u00e9 pour\u00a0<strong>hydrater et revitaliser votre peau<\/strong>\u00a0gr\u00e2ce aux vitamines et s\u00e9l\u00e9nium*. Cette formule anti-\u00e2ge, sp\u00e9cialement con\u00e7ue pour repulper votre peau, saura lui redonner tout son \u00e9clat !<\/p>\n<h3><strong>Tout ce qu\u2019il faut pour la beaut\u00e9 de votre peau :<\/strong><\/h3>\n<p>&#8211; De l\u2019<strong>Acide Hyaluronique<\/strong>\u00a0hautement dos\u00e9<br \/>\n&#8211; Des\u00a0<strong>Vitamines A, C et E<\/strong>\u00a0pour une peau saine et en bonne sant\u00e9<br \/>\n&#8211; Du S\u00e9l\u00e9nium pour contribuer \u00e0 prot\u00e9ger les cellules contre le stress oxydatif<\/p>\n<p><strong>Expert Hyaluronique Intense<\/strong>\u00a0contient 300mg d\u2019<strong>Acide Hyaluronique<\/strong>, il est\u00a0<strong>2 fois plus dos\u00e9\u00a0<\/strong>en acide hyaluronique que notre ancienne formule !<\/p>\n<p>Notre produit participe donc \u00e0 prot\u00e9ger votre peau du vieillissement pr\u00e9matur\u00e9\u00a0et la vitamine A contribue au maintien d\u2019une peau normale donc a une bonne hydratation. L\u2019id\u00e9al pour retrouver une\u00a0<strong>peau \u00e9lastique et \u00e9clatante<\/strong>\u00a0!<\/p>\n<div class=\"tab-content-inner-2\">\n<p><em>*La vitamine A contribue au maintien d&rsquo;une peau normale. Les vitamines C et E et le s\u00e9l\u00e9nium contribuent \u00e0 prot\u00e9ger les cellules contre le stress oxydatif. La vitamine C\u00a0pour assurer la fonction normale de la peau.<\/em><\/p>\n<h2>Conseil d\u2019Utilisation:<\/h2>\n<div class=\"tabcontent\">\n<div>\n<div id=\"type_info_prio_6_1\">Prendre une g\u00e9lule d\u2019Expert Hyaluronic le matin avec un verre d\u2019eau. Cure de 1 mois renouvelable.<\/div>\n<div><span class=\"bold\">Indication<\/span>\u00a0:\u00a0<span id=\"type_info_prio_6_2_1\">Combler, repulper les rides et hydrater la peau.<\/span><\/div>\n<\/div>\n<\/div>\n<\/div>\n","protected":false},"excerpt":{"rendered":"<p>Le compl\u00e9ment alimentaire Fort\u00e9 Pharma Expert Hyaluronic contient 150 mg d\u2019Acide hyaluronique et 100 mg de collag\u00e8ne matin, pour aider \u00e0 combler, repulper et hydrater la peau. Il offre une action anti-\u00e2ge globale \u00e0 la peau.<\/p>\n","protected":false},"featured_media":24557,"comment_status":"open","ping_status":"closed","template":"","meta":[],"product_cat":[20],"product_tag":[],"class_list":{"0":"post-17255","1":"product","2":"type-product","3":"status-publish","4":"has-post-thumbnail","6":"product_cat-accessories","8":"first","9":"instock","10":"shipping-taxable","11":"product-type-simple"},"jetpack_sharing_enabled":true,"_links":{"self":[{"href":"https:\/\/para-pharmacity.tn\/index.php?rest_route=\/wp\/v2\/product\/17255","targetHints":{"allow":["GET"]}}],"collection":[{"href":"https:\/\/para-pharmacity.tn\/index.php?rest_route=\/wp\/v2\/product"}],"about":[{"href":"https:\/\/para-pharmacity.tn\/index.php?rest_route=\/wp\/v2\/types\/product"}],"replies":[{"embeddable":true,"href":"https:\/\/para-pharmacity.tn\/index.php?rest_route=%2Fwp%2Fv2%2Fcomments&post=17255"}],"version-history":[{"count":2,"href":"https:\/\/para-pharmacity.tn\/index.php?rest_route=\/wp\/v2\/product\/17255\/revisions"}],"predecessor-version":[{"id":24561,"href":"https:\/\/para-pharmacity.tn\/index.php?rest_route=\/wp\/v2\/product\/17255\/revisions\/24561"}],"wp:featuredmedia":[{"embeddable":true,"href":"https:\/\/para-pharmacity.tn\/index.php?rest_route=\/wp\/v2\/media\/24557"}],"wp:attachment":[{"href":"https:\/\/para-pharmacity.tn\/index.php?rest_route=%2Fwp%2Fv2%2Fmedia&parent=17255"}],"wp:term":[{"taxonomy":"product_cat","embeddable":true,"href":"https:\/\/para-pharmacity.tn\/index.php?rest_route=%2Fwp%2Fv2%2Fproduct_cat&post=17255"},{"taxonomy":"product_tag","embeddable":true,"href":"https:\/\/para-pharmacity.tn\/index.php?rest_route=%2Fwp%2Fv2%2Fproduct_tag&post=17255"}],"curies":[{"name":"wp","href":"https:\/\/api.w.org\/{rel}","templated":true}]}}