{"id":17253,"date":"2024-07-10T23:02:02","date_gmt":"2024-07-10T23:02:02","guid":{"rendered":"https:\/\/para-pharmacity.tn\/?product=forte-pharma-expert-collagene-int-14-st"},"modified":"2024-09-09T10:24:43","modified_gmt":"2024-09-09T10:24:43","slug":"forte-pharma-expert-collagene-int-14-st","status":"publish","type":"product","link":"https:\/\/para-pharmacity.tn\/?product=forte-pharma-expert-collagene-int-14-st","title":{"rendered":"FORTE PHARMA EXPERT COLLAGENE INT 14 ST"},"content":{"rendered":"<p><strong>Description :<\/strong><\/p>\n<p>FORT\u00c9 PHARMA<br \/>\nExpert collag\u00e8ne<br \/>\nAction anti-\u00e2ge absolue<br \/>\nPour corriger les rides(1) avec le collag\u00e8ne et l&rsquo;\u00e9lastine<br \/>\nPour retarder le vieillissement cutan\u00e9(2) avec ACE s\u00e9l\u00e9nium et la grenade<br \/>\nPour les rides install\u00e9es<br \/>\nCompl\u00e9ment alimentaire<br \/>\n14 stick<\/p>\n<p>Expert Collag\u00e8ne corrige les rides, raffermit et prot\u00e8ge la peau en un seul geste.<\/p>\n<p>Simple \u00e0 utiliser, un seul stick par jour d\u2019Expert Collag\u00e8ne vous apporte 2000 mg de Collactive\u2122, un collag\u00e8ne marin de haute qualit\u00e9 dont l&rsquo;efficacit\u00e9 a \u00e9t\u00e9 prouv\u00e9e lors d\u2019une \u00e9tude scientifique*. Associ\u00e9 aux oligopeptides d\u2019\u00e9lastine marine, ce complexe anti-\u00e2ge aide votre peau \u00e0 garder un aspect lisse et affermi(1) d\u00e8s le premier mois*.<\/p>\n<p>Expert Collag\u00e8ne prot\u00e8ge aussi votre peau du vieillissement cutan\u00e9(2) gr\u00e2ce \u00e0 un complexe anti-oxydant puissant compos\u00e9 des vitamines A, C, E, du S\u00e9l\u00e9nium(1) et de Grenade.<\/p>\n<p>(1)La vitamine A contribue au maintien d&rsquo;une peau normale.<br \/>\n(2)Les vitamines C et E et le s\u00e9l\u00e9nium contribuent \u00e0 prot\u00e9ger les cellules contre le stress oxydatif.<\/p>\n<div class=\"product-tabs\">\n<p class=\"tabs-title\"><strong>Conseils d&rsquo;utilisation :<\/strong><\/p>\n<div class=\"std new-std\">\n<div class=\"notice cms\">\n<p>Chaque matin, verser le contenu d\u2019un stick dans un verre puis ajouter de l\u2019eau et m\u00e9langer.\u00a0Format de 20 jours \u00e0 renouveler si n\u00e9cessaire.<br \/>\nPour un r\u00e9sultat optimal sur votre peau, Expert Collag\u00e8ne peut \u00eatre associ\u00e9 \u00e0 Expert Hyaluronic.<\/p>\n<\/div>\n<\/div>\n<\/div>\n<p class=\"tabs-title\"><strong>Composition :<\/strong><\/p>\n<p>Ingr\u00e9dients:\u00a0Collactive\u2122 (prot\u00e9ines de collag\u00e8ne (2000 mg), prot\u00e9ines d\u2019\u00e9lastine (130 mg) \u2013\u00a0<strong>Poisson<\/strong>)(2130 mg), agent de charge (maltodextrine de ma\u00efs), acidifiants (acide citrique, acide malique), poudre de jus de grenade (<em>Punicagranatum L.<\/em>) (150 mg), vitamine C (acide L-ascorbique), colorant caramel, ar\u00f4me maracuja, antiagglom\u00e9rant (dioxyde de silicium), vitamine E (ac\u00e9tate DL- alpha-tocoph\u00e9rol), levure de s\u00e9l\u00e9nium, \u00e9dulcorants (ac\u00e9sulfame de potassium, sucralose), vitamine A (ac\u00e9tate de r\u00e9tinol).<\/p>\n","protected":false},"excerpt":{"rendered":"<div data-product-title=\"\">\n<div id=\"product-description-short-5092\" class=\"product-description\">\n<p>Expert Collag\u00e8ne corrige les rides, raffermit et prot\u00e8ge la peau en un seul geste.<\/p>\n<\/div>\n<div class=\"product-actions\">\n<div class=\"product-variants\"><\/div>\n<section class=\"product-discounts\"><\/section>\n<div class=\"product-add-to-cart\"><\/div>\n<\/div>\n<\/div>\n","protected":false},"featured_media":24550,"comment_status":"open","ping_status":"closed","template":"","meta":[],"product_cat":[20],"product_tag":[],"class_list":{"0":"post-17253","1":"product","2":"type-product","3":"status-publish","4":"has-post-thumbnail","6":"product_cat-accessories","8":"first","9":"instock","10":"shipping-taxable","11":"product-type-simple"},"jetpack_sharing_enabled":true,"_links":{"self":[{"href":"https:\/\/para-pharmacity.tn\/index.php?rest_route=\/wp\/v2\/product\/17253","targetHints":{"allow":["GET"]}}],"collection":[{"href":"https:\/\/para-pharmacity.tn\/index.php?rest_route=\/wp\/v2\/product"}],"about":[{"href":"https:\/\/para-pharmacity.tn\/index.php?rest_route=\/wp\/v2\/types\/product"}],"replies":[{"embeddable":true,"href":"https:\/\/para-pharmacity.tn\/index.php?rest_route=%2Fwp%2Fv2%2Fcomments&post=17253"}],"version-history":[{"count":2,"href":"https:\/\/para-pharmacity.tn\/index.php?rest_route=\/wp\/v2\/product\/17253\/revisions"}],"predecessor-version":[{"id":24547,"href":"https:\/\/para-pharmacity.tn\/index.php?rest_route=\/wp\/v2\/product\/17253\/revisions\/24547"}],"wp:featuredmedia":[{"embeddable":true,"href":"https:\/\/para-pharmacity.tn\/index.php?rest_route=\/wp\/v2\/media\/24550"}],"wp:attachment":[{"href":"https:\/\/para-pharmacity.tn\/index.php?rest_route=%2Fwp%2Fv2%2Fmedia&parent=17253"}],"wp:term":[{"taxonomy":"product_cat","embeddable":true,"href":"https:\/\/para-pharmacity.tn\/index.php?rest_route=%2Fwp%2Fv2%2Fproduct_cat&post=17253"},{"taxonomy":"product_tag","embeddable":true,"href":"https:\/\/para-pharmacity.tn\/index.php?rest_route=%2Fwp%2Fv2%2Fproduct_tag&post=17253"}],"curies":[{"name":"wp","href":"https:\/\/api.w.org\/{rel}","templated":true}]}}