{"id":17252,"date":"2024-07-10T23:02:02","date_gmt":"2024-07-10T23:02:02","guid":{"rendered":"https:\/\/para-pharmacity.tn\/?product=forte-pharma-expert-cheveux-28-cp"},"modified":"2024-09-09T09:57:08","modified_gmt":"2024-09-09T09:57:08","slug":"forte-pharma-expert-cheveux-28-cp","status":"publish","type":"product","link":"https:\/\/para-pharmacity.tn\/?product=forte-pharma-expert-cheveux-28-cp","title":{"rendered":"FORTE PHARMA EXPERT CHEVEUX 28 CP"},"content":{"rendered":"<div class=\"product-tabs\">\n<div class=\"title-border\">\n<p>Vous avez les cheveux plats, ternes et sans volume ?<\/p>\n<p>Notre Expert Cheveux est une association d&rsquo;ingr\u00e9dients unique pour une cure triple-action vous aidant \u00e0 redonner de la force \u00e0 vos cheveux tout en leur apportant de la vitalit\u00e9 et de la brillance.<\/p>\n<p>Sa formule compl\u00e8te agit aussi bien sur vos cheveux et vos ongles.<\/p>\n<p>&nbsp;<\/p>\n<p>Rien de plus agr\u00e9able que de sentir ses cheveux bien coiff\u00e9s, souples, brillants, plein de vitalit\u00e9 ! La fragilisation du cheveu peut \u00eatre due au stress, \u00e0 la fatigue, au d\u00e9s\u00e9quilibre alimentaire, \u00e0 des exc\u00e8s de lavages, de colorations. Durant cette p\u00e9riode, un coup de pouce avec un programme de compl\u00e9ments alimentaires peut \u00eatre une bonne solution pour fortifier vos cheveux.<\/p>\n<p>&nbsp;<\/p>\n<p>Un complexe d&rsquo;ingr\u00e9dients pour une triple action beaut\u00e9<\/p>\n<p>Notre Expert Cheveux, fort de ses 10 ans de succ\u00e8s, est une solution efficace triple action pour:<\/p>\n<p>&nbsp;<\/p>\n<p>1. Renforcer vos cheveux gr\u00e2ce au zinc qui contribue \u00e0 une synth\u00e8se prot\u00e9ique normale.<\/p>\n<p>2. Redonner du volume et toute la vitalit\u00e9 \u00e0 votre chevelure gr\u00e2ce \u00e0 la vitamine B6 qui contribue \u00e0 la synth\u00e8se normale de la cyst\u00e9ine.<\/p>\n<p>3. Renforcer l\u2019\u00e9clat, la brillance de vos cheveux gr\u00e2ce \u00e0 la vitamine B8 ou Biotine qui contribue au maintien de cheveux normaux.<\/p>\n<p>&nbsp;<\/p>\n<p>Notre Expert Cheveux agit \u00e9galement au niveau des ongles pour les aider \u00e0 \u00eatre plus beaux et plus r\u00e9sistants.<\/p>\n<p>&nbsp;<\/p>\n<p><strong>BIENFAITS<\/strong><\/p>\n<p>Une association d\u2019ingr\u00e9dients unique :<\/p>\n<p>&#8211; des Prot\u00e9ines de bl\u00e9 qui participent \u00e0 la synth\u00e8se de k\u00e9ratine<\/p>\n<p>&#8211; du Zinc et du S\u00e9l\u00e9nium qui contribuent \u00e0 la production des prot\u00e9ines du cheveu et au maintien de cheveux et d\u2019ongles normaux<\/p>\n<p>&#8211; de la Vitamine B6 qui contribue \u00e0 la synth\u00e8se normale de la cyst\u00e9ine. Cet apport constitue une source d\u2019acides amin\u00e9s soufr\u00e9s indispensable \u00e0 la construction du cheveu<\/p>\n<p>&#8211; du Fer et de la Vitamine B3 qui revitalisent la fibre capillaire en favorisant l\u2019apport optimal de nutriments au bulbe capillaire<\/p>\n<p>&#8211; des Min\u00e9raux, des Anti-oxydants dont l&rsquo;ActiSOD\u2122, un extrait de past\u00e8que sp\u00e9cifique, ainsi que des vitamines<\/p>\n<p>&nbsp;<\/p>\n<p>Enfin, la Bardane et l\u2019incontournable Levure de bi\u00e8re apportant des vitamines du groupe B (B1, B2 et B9), vitamine E, zinc et s\u00e9l\u00e9nium pour participer \u00e0 la fortification et \u00e0 la brillance des cheveux, compl\u00e8tent la formule pour des r\u00e9sultats rapides, significatifs et visibles*.<\/p>\n<p>&nbsp;<\/p>\n<p><strong>Conseils d&rsquo;utilisation:<\/strong><\/p>\n<p>Prendre 1 comprim\u00e9 par jour avec un verre d&rsquo;eau au moment des repas. Programme de 1 mois renouvelable.<\/p>\n<\/div>\n<\/div>\n","protected":false},"excerpt":{"rendered":"<p>FORT\u00c9 PHARMA<br \/>\nExpert cheveux<br \/>\nForce, vitalit\u00e9 et volume<br \/>\nEntretien de la beaut\u00e9 des cheveux et des ongles<sup>1<\/sup><br \/>\nLevure de bi\u00e8re, prot\u00e9ines de bl\u00e9, 12 vitamines et min\u00e9raux<br \/>\n3 en 1 &#8211; cheveux normaux<br \/>\nCompl\u00e9ment alimentaire<br \/>\n28 comprim\u00e9s<\/p>\n","protected":false},"featured_media":24545,"comment_status":"open","ping_status":"closed","template":"","meta":[],"product_cat":[20],"product_tag":[],"class_list":{"0":"post-17252","1":"product","2":"type-product","3":"status-publish","4":"has-post-thumbnail","6":"product_cat-accessories","8":"first","9":"instock","10":"shipping-taxable","11":"product-type-simple"},"jetpack_sharing_enabled":true,"_links":{"self":[{"href":"https:\/\/para-pharmacity.tn\/index.php?rest_route=\/wp\/v2\/product\/17252","targetHints":{"allow":["GET"]}}],"collection":[{"href":"https:\/\/para-pharmacity.tn\/index.php?rest_route=\/wp\/v2\/product"}],"about":[{"href":"https:\/\/para-pharmacity.tn\/index.php?rest_route=\/wp\/v2\/types\/product"}],"replies":[{"embeddable":true,"href":"https:\/\/para-pharmacity.tn\/index.php?rest_route=%2Fwp%2Fv2%2Fcomments&post=17252"}],"version-history":[{"count":2,"href":"https:\/\/para-pharmacity.tn\/index.php?rest_route=\/wp\/v2\/product\/17252\/revisions"}],"predecessor-version":[{"id":24546,"href":"https:\/\/para-pharmacity.tn\/index.php?rest_route=\/wp\/v2\/product\/17252\/revisions\/24546"}],"wp:featuredmedia":[{"embeddable":true,"href":"https:\/\/para-pharmacity.tn\/index.php?rest_route=\/wp\/v2\/media\/24545"}],"wp:attachment":[{"href":"https:\/\/para-pharmacity.tn\/index.php?rest_route=%2Fwp%2Fv2%2Fmedia&parent=17252"}],"wp:term":[{"taxonomy":"product_cat","embeddable":true,"href":"https:\/\/para-pharmacity.tn\/index.php?rest_route=%2Fwp%2Fv2%2Fproduct_cat&post=17252"},{"taxonomy":"product_tag","embeddable":true,"href":"https:\/\/para-pharmacity.tn\/index.php?rest_route=%2Fwp%2Fv2%2Fproduct_tag&post=17252"}],"curies":[{"name":"wp","href":"https:\/\/api.w.org\/{rel}","templated":true}]}}