{"id":17249,"date":"2024-07-10T23:02:01","date_gmt":"2024-07-10T23:02:01","guid":{"rendered":"https:\/\/para-pharmacity.tn\/?product=forte-pharma-calori-light-60-gel"},"modified":"2024-09-09T09:34:44","modified_gmt":"2024-09-09T09:34:44","slug":"forte-pharma-calori-light-60-gel","status":"publish","type":"product","link":"https:\/\/para-pharmacity.tn\/?product=forte-pharma-calori-light-60-gel","title":{"rendered":"FORTE PHARMA CALORI LIGHT 60 GEL"},"content":{"rendered":"<div id=\"content-wrapper\">\n<section id=\"main\">\n<div class=\"tabs\">\n<div id=\"tab-content\" class=\"tab-content\">\n<div id=\"description\" class=\"tab-pane fade in active\" role=\"tabpanel\">\n<div class=\"product-description\">\n<h2>Description<\/h2>\n<div class=\"text-description-content full\">\n<div>\n<div>CaloriLight est une aide-minceur destin\u00e9e aux gourmand(e)s qui souhaitent garder la ligne ou \u00e0 tous ceux qui font r\u00e9guli\u00e8rement des repas d&rsquo;affaire ou de f\u00eates.<br \/>\nSes actifs d&rsquo;origine naturelle permettent de :<\/div>\n<div>&#8211; capter directement les graisses et les sucres des aliments en favorisant leur \u00e9limination ;<\/div>\n<div>&#8211; ralentir l&rsquo;assimilation des sucres et le stockage des graisses.<\/div>\n<div><\/div>\n<div><strong>Principes actifs :<\/strong><\/div>\n<div>A base de fibrocaptol, une association exclusive de fibres d&rsquo;orange et de cacao, au meilleur pouvoir lipo-absorbant, pour capter les graisses et les sucres de votre alimentation et favoriser leur \u00e9limination.<\/div>\n<div>Une formule 100% d&rsquo;origine naturelle.<\/div>\n<h2>Conseils d\u2019utilisation<strong><br \/>\n<\/strong><\/h2>\n<div>Prendre 2 g\u00e9lules au cours du repas \u00e0 all\u00e9ger (1, 2 ou 3 fois par jour).<br \/>\nEn fonction de la corpulence de la personne et de la richesse des repas, il est possible d&rsquo;aller jusqu&rsquo;\u00e0 4 g\u00e9lules par prise unique.<\/div>\n<div>CaloriLight peut \u00e9galement \u00eatre pris en continu.<\/div>\n<div>En mini-blisters pratiques et nomades, pour \u00eatre emport\u00e9s partout.<\/div>\n<div>\nUn compl\u00e9ment alimentaire ne doit pas se substituer \u00e0 une alimentation vari\u00e9e et \u00e9quilibr\u00e9e et \u00e0 un mode de vie sain. Se conformer aux conseils d\u2019utilisation. Ne pas d\u00e9passer la dose journali\u00e8re recommand\u00e9e.<\/div>\n<div>D\u00e9conseill\u00e9 aux femmes enceintes ou qui allaitent et aux enfants de moins de 8 ans sans avis m\u00e9dical.<\/div>\n<div>Tenir hors de port\u00e9e des jeunes enfants.<\/div>\n<div>Ne contient aucun ingr\u00e9dient d&rsquo;origine animale, sans gluten, sans OGM et sans g\u00e9latine.<\/div>\n<div>Ce compl\u00e9ment alimentaire n&rsquo;est pas un m\u00e9dicament.<\/div>\n<\/div>\n<\/div>\n<\/div>\n<\/div>\n<\/div>\n<\/div>\n<\/section>\n<\/div>\n","protected":false},"excerpt":{"rendered":"<p>CaloriLight est une aide-minceur destin\u00e9e aux gourmand(e)s qui souhaitent garder la ligne ou \u00e0 tous ceux qui font r\u00e9guli\u00e8rement des repas d&rsquo;affaire ou de f\u00eates.<\/p>\n","protected":false},"featured_media":24532,"comment_status":"open","ping_status":"closed","template":"","meta":[],"product_cat":[20],"product_tag":[],"class_list":{"0":"post-17249","1":"product","2":"type-product","3":"status-publish","4":"has-post-thumbnail","6":"product_cat-accessories","8":"first","9":"instock","10":"shipping-taxable","11":"product-type-simple"},"jetpack_sharing_enabled":true,"_links":{"self":[{"href":"https:\/\/para-pharmacity.tn\/index.php?rest_route=\/wp\/v2\/product\/17249","targetHints":{"allow":["GET"]}}],"collection":[{"href":"https:\/\/para-pharmacity.tn\/index.php?rest_route=\/wp\/v2\/product"}],"about":[{"href":"https:\/\/para-pharmacity.tn\/index.php?rest_route=\/wp\/v2\/types\/product"}],"replies":[{"embeddable":true,"href":"https:\/\/para-pharmacity.tn\/index.php?rest_route=%2Fwp%2Fv2%2Fcomments&post=17249"}],"version-history":[{"count":2,"href":"https:\/\/para-pharmacity.tn\/index.php?rest_route=\/wp\/v2\/product\/17249\/revisions"}],"predecessor-version":[{"id":24535,"href":"https:\/\/para-pharmacity.tn\/index.php?rest_route=\/wp\/v2\/product\/17249\/revisions\/24535"}],"wp:featuredmedia":[{"embeddable":true,"href":"https:\/\/para-pharmacity.tn\/index.php?rest_route=\/wp\/v2\/media\/24532"}],"wp:attachment":[{"href":"https:\/\/para-pharmacity.tn\/index.php?rest_route=%2Fwp%2Fv2%2Fmedia&parent=17249"}],"wp:term":[{"taxonomy":"product_cat","embeddable":true,"href":"https:\/\/para-pharmacity.tn\/index.php?rest_route=%2Fwp%2Fv2%2Fproduct_cat&post=17249"},{"taxonomy":"product_tag","embeddable":true,"href":"https:\/\/para-pharmacity.tn\/index.php?rest_route=%2Fwp%2Fv2%2Fproduct_tag&post=17249"}],"curies":[{"name":"wp","href":"https:\/\/api.w.org\/{rel}","templated":true}]}}