{"id":17248,"date":"2024-07-10T23:02:01","date_gmt":"2024-07-10T23:02:01","guid":{"rendered":"https:\/\/para-pharmacity.tn\/?product=forte-pharma-calori-light-30-gel"},"modified":"2024-09-09T09:30:20","modified_gmt":"2024-09-09T09:30:20","slug":"forte-pharma-calori-light-30-gel","status":"publish","type":"product","link":"https:\/\/para-pharmacity.tn\/?product=forte-pharma-calori-light-30-gel","title":{"rendered":"FORTE PHARMA CALORI LIGHT 30 GEL"},"content":{"rendered":"<p><b>FORTE PHARMA\u00a0<\/b><strong>CaloriLight<\/strong>\u00a0<strong>GELULES<\/strong><\/p>\n<p>CaloriLight est un compl\u00e9ment alimentaire naturel, bas\u00e9 sur une formule de FIBROCAPTOL\u00a0 une association exclusive de fibres d&rsquo;orange et de cacao au fort pouvoir lipo-absorbant. Ses actifs d&rsquo;origine naturelle peuvent aider \u00e0 :<\/p>\n<ul>\n<li>pouvoir de capture des graisses<\/li>\n<li>ralentissement de la digestion<\/li>\n<li>diminution de la glyc\u00e9mie<\/li>\n<li>ralentissement de l\u2019assimilation des sucres<\/li>\n<li>effet sati\u00e9tant<\/li>\n<\/ul>\n<div><\/div>\n<p><span style=\"color: #000000\"><strong><u>Conseil d&rsquo;utilisation\u00a0<\/u>:<\/strong><\/span><\/p>\n<ul>\n<li>Prendre 2 g\u00e9lules au cours du repas que vous souhaitez all\u00e9ger.<\/li>\n<li>En fonction de la corpulence de la personne et de la richesse du repas programm\u00e9\u00a0Il est recommand\u00e9 de prendre jusqu&rsquo;\u00e0 4 g\u00e9lules en une seule prise au cours du repas.<\/li>\n<li><strong>NB:<\/strong>\u00a0il faut pas depasser les\u00a0 6 g\u00e9lules maximum par jour.<\/li>\n<li>Un compl\u00e9ment alimentaire ne doit pas se substituer \u00e0 une alimentation vari\u00e9e et \u00e9quilibr\u00e9e et \u00e0 un mode de vie sain.<\/li>\n<li>Ne pas d\u00e9passer la dose journali\u00e8re recommand\u00e9e.<\/li>\n<li>D\u00e9conseill\u00e9 aux femmes enceintes ou qui allaitent et aux enfants de moins de 12 ans sans avis m\u00e9dical.<\/li>\n<li>Tenir hors de port\u00e9e des jeunes enfants.<\/li>\n<li>Ce compl\u00e9ment alimentaire n\u2019est pas un m\u00e9dicament.<\/li>\n<li>L\u2019amincissement durable ne peut \u00eatre obtenu que dans le cadre d\u2019une hygi\u00e8ne alimentaire contr\u00f4l\u00e9e.<\/li>\n<li>A conserver dans un endroit frais et sec<\/li>\n<\/ul>\n<p><span style=\"color: #000000\"><strong><u>Composition\u00a0<\/u>:<\/strong><\/span><\/p>\n<p>Fibres d&rsquo;orange (Citrus aurantium dulcis), fibres de cacao (Theobroma cacao),colorants (E171, E102, E132)],g\u00e9lule [g\u00e9latine], antiagglom\u00e9rants (dioxyde de silicium, sels de magn\u00e9sium d&rsquo;acides gras<\/p>\n","protected":false},"excerpt":{"rendered":"<p>CaloriLight, \u00e0 base de fibres d&rsquo;orange et de cacao, aide \u00e0 capter jusqu&rsquo;\u00e0 50% des graisses et \u00e0 all\u00e9ger les repas. Prenez 2 \u00e0 4 g\u00e9lules pendant le repas \u00e0 all\u00e9ger.<\/p>\n","protected":false},"featured_media":24532,"comment_status":"open","ping_status":"closed","template":"","meta":[],"product_cat":[20],"product_tag":[],"class_list":{"0":"post-17248","1":"product","2":"type-product","3":"status-publish","4":"has-post-thumbnail","6":"product_cat-accessories","8":"first","9":"instock","10":"shipping-taxable","11":"product-type-simple"},"jetpack_sharing_enabled":true,"_links":{"self":[{"href":"https:\/\/para-pharmacity.tn\/index.php?rest_route=\/wp\/v2\/product\/17248","targetHints":{"allow":["GET"]}}],"collection":[{"href":"https:\/\/para-pharmacity.tn\/index.php?rest_route=\/wp\/v2\/product"}],"about":[{"href":"https:\/\/para-pharmacity.tn\/index.php?rest_route=\/wp\/v2\/types\/product"}],"replies":[{"embeddable":true,"href":"https:\/\/para-pharmacity.tn\/index.php?rest_route=%2Fwp%2Fv2%2Fcomments&post=17248"}],"version-history":[{"count":2,"href":"https:\/\/para-pharmacity.tn\/index.php?rest_route=\/wp\/v2\/product\/17248\/revisions"}],"predecessor-version":[{"id":24533,"href":"https:\/\/para-pharmacity.tn\/index.php?rest_route=\/wp\/v2\/product\/17248\/revisions\/24533"}],"wp:featuredmedia":[{"embeddable":true,"href":"https:\/\/para-pharmacity.tn\/index.php?rest_route=\/wp\/v2\/media\/24532"}],"wp:attachment":[{"href":"https:\/\/para-pharmacity.tn\/index.php?rest_route=%2Fwp%2Fv2%2Fmedia&parent=17248"}],"wp:term":[{"taxonomy":"product_cat","embeddable":true,"href":"https:\/\/para-pharmacity.tn\/index.php?rest_route=%2Fwp%2Fv2%2Fproduct_cat&post=17248"},{"taxonomy":"product_tag","embeddable":true,"href":"https:\/\/para-pharmacity.tn\/index.php?rest_route=%2Fwp%2Fv2%2Fproduct_tag&post=17248"}],"curies":[{"name":"wp","href":"https:\/\/api.w.org\/{rel}","templated":true}]}}