{"id":17243,"date":"2024-07-10T23:01:59","date_gmt":"2024-07-10T23:01:59","guid":{"rendered":"https:\/\/para-pharmacity.tn\/?product=floxia-solution-micellaire-purifiante"},"modified":"2024-09-06T13:57:44","modified_gmt":"2024-09-06T13:57:44","slug":"floxia-solution-micellaire-purifiante","status":"publish","type":"product","link":"https:\/\/para-pharmacity.tn\/?product=floxia-solution-micellaire-purifiante","title":{"rendered":"FLOXIA SOLUTION MICELLAIRE PURIFIANTE"},"content":{"rendered":"<h4><strong>Description :\u00a0<\/strong><\/h4>\n<p><strong>Cette eau micellaire :<\/strong><\/p>\n<p>\u00e9limine les traces de maquillage du visage et des yeux.<\/p>\n<p>nettoie la peau des impuret\u00e9s et de l\u2019exc\u00e8s de s\u00e9bum..<\/p>\n<p>r\u00e9duit les imperfections cutan\u00e9es (acn\u00e9, points noirs, pores dilat\u00e9s, etc.).<\/p>\n<p>est un tonique pour la peau.<\/p>\n<p>lisse le grain de peau pour un effet mat incroyable.<\/p>\n<p>Matin et soir, r\u00e9veillez votre visage avec l\u2019Eau Micellaire Purifiante. Pens\u00e9e pour apaiser et prendre soin des peaux \u00e0 tendance acn\u00e9ique, la solution micellaire d\u00e9maquillante aide \u00e0 r\u00e9duire les boutons et les points noirs.<\/p>\n<p>Les micelles pr\u00e9sentes dans la formule sont douces et non agressives pour l\u2019\u00e9piderme. Nettoyez votre peau sans l\u2019ass\u00e9cher ou la d\u00e9shydrater.<\/p>\n<h4><strong>Conseils d&rsquo;utilisation\u00a0:\u00a0<\/strong><\/h4>\n<p>Utilisez l\u2019Eau Micellaire Purifiante matin et soir.<\/p>\n<p>Le matin, r\u00e9veillez votre visage avec un peu d\u2019Eau Micellaire. Sur un coton lavable ou un disque jetable, versez une petite quantit\u00e9 de la solution micellaire nettoyante. Passez le coton sur l\u2019ensemble du visage.<\/p>\n<p>Pour les peaux mixtes et grasses, insistez sur la zone T : le front, le nez et le menton. Laissez agir quelques minutes avant de rincer.<\/p>\n","protected":false},"excerpt":{"rendered":"<p>L\u2019Eau Micellaire Purifiante est l\u2019alli\u00e9e des peaux mixtes \u00e0 grasses. Ses actifs purifiants et nettoyants \u00e9liminent toutes les impuret\u00e9s.<\/p>\n","protected":false},"featured_media":24515,"comment_status":"open","ping_status":"closed","template":"","meta":[],"product_cat":[20],"product_tag":[],"class_list":{"0":"post-17243","1":"product","2":"type-product","3":"status-publish","4":"has-post-thumbnail","6":"product_cat-accessories","8":"first","9":"instock","10":"shipping-taxable","11":"product-type-simple"},"jetpack_sharing_enabled":true,"_links":{"self":[{"href":"https:\/\/para-pharmacity.tn\/index.php?rest_route=\/wp\/v2\/product\/17243","targetHints":{"allow":["GET"]}}],"collection":[{"href":"https:\/\/para-pharmacity.tn\/index.php?rest_route=\/wp\/v2\/product"}],"about":[{"href":"https:\/\/para-pharmacity.tn\/index.php?rest_route=\/wp\/v2\/types\/product"}],"replies":[{"embeddable":true,"href":"https:\/\/para-pharmacity.tn\/index.php?rest_route=%2Fwp%2Fv2%2Fcomments&post=17243"}],"version-history":[{"count":2,"href":"https:\/\/para-pharmacity.tn\/index.php?rest_route=\/wp\/v2\/product\/17243\/revisions"}],"predecessor-version":[{"id":24517,"href":"https:\/\/para-pharmacity.tn\/index.php?rest_route=\/wp\/v2\/product\/17243\/revisions\/24517"}],"wp:featuredmedia":[{"embeddable":true,"href":"https:\/\/para-pharmacity.tn\/index.php?rest_route=\/wp\/v2\/media\/24515"}],"wp:attachment":[{"href":"https:\/\/para-pharmacity.tn\/index.php?rest_route=%2Fwp%2Fv2%2Fmedia&parent=17243"}],"wp:term":[{"taxonomy":"product_cat","embeddable":true,"href":"https:\/\/para-pharmacity.tn\/index.php?rest_route=%2Fwp%2Fv2%2Fproduct_cat&post=17243"},{"taxonomy":"product_tag","embeddable":true,"href":"https:\/\/para-pharmacity.tn\/index.php?rest_route=%2Fwp%2Fv2%2Fproduct_tag&post=17243"}],"curies":[{"name":"wp","href":"https:\/\/api.w.org\/{rel}","templated":true}]}}