{"id":17241,"date":"2024-07-10T23:01:58","date_gmt":"2024-07-10T23:01:58","guid":{"rendered":"https:\/\/para-pharmacity.tn\/?product=floxia-shamp-cheveux-nor-a-gras"},"modified":"2024-09-06T13:46:20","modified_gmt":"2024-09-06T13:46:20","slug":"floxia-shamp-cheveux-nor-a-gras","status":"publish","type":"product","link":"https:\/\/para-pharmacity.tn\/?product=floxia-shamp-cheveux-nor-a-gras","title":{"rendered":"FLOXIA SHAMP CHEVEUX NOR A GRAS"},"content":{"rendered":"<p><strong>FLOXIA\u00a0Shampooing Profondeur Energisant CHEVEUX NORMAUX A GRAS\u00a0<\/strong><\/p>\n<p>FLOXIA Shampooing Profondeur Energisant est sp\u00e9cialement formul\u00e9 pour les cheveux \u00e0 tendance grasse. Il associe des mol\u00e9cules anti microbiennes et hydratantes pour le traitement des d\u00e9mangeaisons.<\/p>\n<p>FLOXIA Shampooing Profondeur Energisant CHEVEUX NORMAUX A GRAS permet de r\u00e9guler\u00a0l\u2019exc\u00e8s de s\u00e9bum tout en purifiant et stimulant vos cheveux.<\/p>\n<p><b><u>Composition :\u00a0<\/u><\/b><\/p>\n<ul>\n<li>Le Zinc est un actif merveilleux pour la beaut\u00e9 des cheveux. Il apporte \u00e0 la fibre capillaire tout ce dont elle a besoin. Le Zinc :<\/li>\n<li>Purifie le cuir chevelu et \u00e9limine les pellicules,<\/li>\n<li>R\u00e9gule les cheveux \u00e0 probl\u00e8mes (pellicules grasses ou s\u00e8ches, d\u00e9mangeaisons du cuir chevelu, rougeurs, etc.),<\/li>\n<li>Assainit le cheveu gr\u00e2ce \u00e0 ses pouvoirs antibact\u00e9riens et anti-inflammatoires.<\/li>\n<\/ul>\n<p>Les cheveux sont brillants et en meilleure forme. Plus besoin de les dompter ! Avec le Shampooing Profondeur \u00c9nergisant, vos cheveux sont souples et se coiffent facilement. Ils sont doux, sains et soyeux. Le r\u00eave !<\/p>\n<ul>\n<li>La provitamine B5, ou Panth\u00e9nol, a des propri\u00e9t\u00e9s hydratantes int\u00e9ressantes pour prendre soin des cheveux. Un cheveu hydrat\u00e9 est un cheveu en bonne sant\u00e9 ! Ajout\u00e9 \u00e0 sa routine de soin capillaire, il renforce et apporte de la brillance \u00e0 la chevelure. Il fait du bien \u00e0 tous les types de cheveux, qu\u2019ils soient raides, boucl\u00e9s, cr\u00e9pus ou ondul\u00e9s. Les cheveux fins gagnent en \u00e9paisseur et en force. Les cheveux \u00e9pais s\u2019affinent et gagnent en souplesse. Le Panth\u00e9nol :<\/li>\n<\/ul>\n<ul>\n<li>est un fortifiant capillaire : les cheveux sont plus r\u00e9sistants aux agressions ext\u00e9rieures<\/li>\n<li>embellit la chevelure : il gaine les cheveux, ne les alourdit pas et les d\u00e9m\u00eale lors du lavage<\/li>\n<li>active la pousse des cheveux : il est parfait pour booster la croissance du cheveu et a des vertus capillaires anti-chute<\/li>\n<li>apaise les cuirs chevelus irrit\u00e9s : il soulage les d\u00e9mangeaisons<\/li>\n<\/ul>\n<p>Qu\u2019attendez-vous pour laver vos cheveux avec le shampoing Profondeur \u00c9nergisant ? Ce soin des cheveux associe le Zinc et le Panth\u00e9nol pour sublimer et prendre soin de votre belle chevelure !<\/p>\n<p><span style=\"color: #000000\"><u><strong>Conseil d&rsquo;utilisation:<\/strong><\/u><\/span><\/p>\n<ul>\n<li>Il est indiqu\u00e9 de mouiller vos\u00a0cheveux, appliquer par la suite FLOXIA Shampooing Profondeur Energisant CHEVEUX NORMAUX A GRAS et faites mousser.<\/li>\n<li>Nettoyer les cheveux et le cuir chevelu, puis rincer.<\/li>\n<li>Il est conseill\u00e9 d&rsquo;\u00e9viter tout\u00a0contact avec les yeux.<\/li>\n<\/ul>\n","protected":false},"excerpt":{"rendered":"<p>Ce shampoing est un soin purifiant pour les cheveux gras. Sa formule permet \u00e0 la fois d&rsquo;hydrater les cheveux et de r\u00e9guler la production de s\u00e9bum du cuir chevelu.<\/p>\n","protected":false},"featured_media":24510,"comment_status":"open","ping_status":"closed","template":"","meta":[],"product_cat":[20],"product_tag":[],"class_list":{"0":"post-17241","1":"product","2":"type-product","3":"status-publish","4":"has-post-thumbnail","6":"product_cat-accessories","8":"first","9":"instock","10":"shipping-taxable","11":"product-type-simple"},"jetpack_sharing_enabled":true,"_links":{"self":[{"href":"https:\/\/para-pharmacity.tn\/index.php?rest_route=\/wp\/v2\/product\/17241","targetHints":{"allow":["GET"]}}],"collection":[{"href":"https:\/\/para-pharmacity.tn\/index.php?rest_route=\/wp\/v2\/product"}],"about":[{"href":"https:\/\/para-pharmacity.tn\/index.php?rest_route=\/wp\/v2\/types\/product"}],"replies":[{"embeddable":true,"href":"https:\/\/para-pharmacity.tn\/index.php?rest_route=%2Fwp%2Fv2%2Fcomments&post=17241"}],"version-history":[{"count":2,"href":"https:\/\/para-pharmacity.tn\/index.php?rest_route=\/wp\/v2\/product\/17241\/revisions"}],"predecessor-version":[{"id":24513,"href":"https:\/\/para-pharmacity.tn\/index.php?rest_route=\/wp\/v2\/product\/17241\/revisions\/24513"}],"wp:featuredmedia":[{"embeddable":true,"href":"https:\/\/para-pharmacity.tn\/index.php?rest_route=\/wp\/v2\/media\/24510"}],"wp:attachment":[{"href":"https:\/\/para-pharmacity.tn\/index.php?rest_route=%2Fwp%2Fv2%2Fmedia&parent=17241"}],"wp:term":[{"taxonomy":"product_cat","embeddable":true,"href":"https:\/\/para-pharmacity.tn\/index.php?rest_route=%2Fwp%2Fv2%2Fproduct_cat&post=17241"},{"taxonomy":"product_tag","embeddable":true,"href":"https:\/\/para-pharmacity.tn\/index.php?rest_route=%2Fwp%2Fv2%2Fproduct_tag&post=17241"}],"curies":[{"name":"wp","href":"https:\/\/api.w.org\/{rel}","templated":true}]}}