{"id":17239,"date":"2024-07-10T23:01:56","date_gmt":"2024-07-10T23:01:56","guid":{"rendered":"https:\/\/para-pharmacity.tn\/?product=floxia-serum-capillaire-50ml"},"modified":"2024-09-06T13:32:42","modified_gmt":"2024-09-06T13:32:42","slug":"floxia-serum-capillaire-50ml","status":"publish","type":"product","link":"https:\/\/para-pharmacity.tn\/?product=floxia-serum-capillaire-50ml","title":{"rendered":"FLOXIA SERUM CAPILLAIRE 50ML"},"content":{"rendered":"<div class=\"tabs\">\n<div id=\"tab-content\" class=\"tab-content\">\n<div id=\"description\" class=\"tab-pane fade in active\" role=\"tabpanel\">\n<div class=\"product-description\">\n<p>Le S\u00e9rum Capillaire Floxia, contenu dans un flacon de 50 ml, est remarquable pour sa composition riche en deux principaux actifs : PROCAPIL et les PROT\u00c9INES DE SOJA HYDROLYS\u00c9ES.<\/p>\n<p>PROCAPIL : Cette formulation repose sur trois composants cl\u00e9s :<\/p>\n<p>L&rsquo;acide ol\u00e9ano\u00efque : il r\u00e9duit les niveaux de DHT (dihydrotestost\u00e9rone), tout en inhibant l&rsquo;enzyme 5 alpha-r\u00e9ductase.<\/p>\n<p>L&rsquo;apig\u00e9nine : il favorise une meilleure circulation sanguine au niveau des follicules capillaires.<\/p>\n<p>Le complexe Biotinyl (Vit H)-GHK : un matrikine vitamin\u00e9, qui contribue \u00e0 restaurer la qualit\u00e9 des follicules et renforce leur capacit\u00e9 d&rsquo;ancrage.<\/p>\n<p>PROT\u00c9INES DE SOJA HYDROLYS\u00c9ES : Ces prot\u00e9ines cationiques hydrolys\u00e9es se caract\u00e9risent par leur composition en acides amin\u00e9s particuli\u00e8re. Elles renferment des peptides bioactifs, pr\u00e9sentent une forte adh\u00e9rence \u00e0 la k\u00e9ratine des cheveux et s&rsquo;int\u00e8grent parfaitement dans la structure \u00e9pidermique. Ces prot\u00e9ines agissent en restructurant et en renfor\u00e7ant les cheveux de l&rsquo;int\u00e9rieur.<\/p>\n<p><strong>Conseils d&rsquo;utilisation :<\/strong><\/p>\n<p>Fixez la canule sur le flacon.<\/p>\n<p>Appliquez le S\u00e9rum Floxia matin et soir.<\/p>\n<p>Ne pas rincer.<\/p>\n<p>Pour des r\u00e9sultats optimaux, il est recommand\u00e9 d&rsquo;utiliser le produit pendant au moins 3 mois, ou selon les indications de votre professionnel de sant\u00e9 capillaire.<\/p>\n<p><strong>Ce s\u00e9rum est particuli\u00e8rement con\u00e7u pour les types de cheveux suivants :<\/strong><\/p>\n<p>Cassants et fragiles<\/p>\n<p>Fins<\/p>\n<p>Ternes<\/p>\n<p>Clairsem\u00e9s<\/p>\n<p>Il est une solution cibl\u00e9e pour am\u00e9liorer la sant\u00e9 et l&rsquo;apparence des cheveux, en agissant sur leur structure et leur ancrage, tout en stimulant la croissance.<\/p>\n<\/div>\n<\/div>\n<\/div>\n<\/div>\n<div id=\"product-comments-list-header\">\n<div class=\"comments-nb\"><\/div>\n<\/div>\n","protected":false},"excerpt":{"rendered":"<p>S\u00e9rum revitalisant anti chute. Le s\u00e9rum capillaire Floxia aide \u00e0 augmenter l&rsquo;ancrage et la densit\u00e9 et ralentir sa chute.<\/p>\n","protected":false},"featured_media":24506,"comment_status":"open","ping_status":"closed","template":"","meta":[],"product_cat":[20],"product_tag":[],"class_list":{"0":"post-17239","1":"product","2":"type-product","3":"status-publish","4":"has-post-thumbnail","6":"product_cat-accessories","8":"first","9":"instock","10":"shipping-taxable","11":"product-type-simple"},"jetpack_sharing_enabled":true,"_links":{"self":[{"href":"https:\/\/para-pharmacity.tn\/index.php?rest_route=\/wp\/v2\/product\/17239","targetHints":{"allow":["GET"]}}],"collection":[{"href":"https:\/\/para-pharmacity.tn\/index.php?rest_route=\/wp\/v2\/product"}],"about":[{"href":"https:\/\/para-pharmacity.tn\/index.php?rest_route=\/wp\/v2\/types\/product"}],"replies":[{"embeddable":true,"href":"https:\/\/para-pharmacity.tn\/index.php?rest_route=%2Fwp%2Fv2%2Fcomments&post=17239"}],"version-history":[{"count":2,"href":"https:\/\/para-pharmacity.tn\/index.php?rest_route=\/wp\/v2\/product\/17239\/revisions"}],"predecessor-version":[{"id":24508,"href":"https:\/\/para-pharmacity.tn\/index.php?rest_route=\/wp\/v2\/product\/17239\/revisions\/24508"}],"wp:featuredmedia":[{"embeddable":true,"href":"https:\/\/para-pharmacity.tn\/index.php?rest_route=\/wp\/v2\/media\/24506"}],"wp:attachment":[{"href":"https:\/\/para-pharmacity.tn\/index.php?rest_route=%2Fwp%2Fv2%2Fmedia&parent=17239"}],"wp:term":[{"taxonomy":"product_cat","embeddable":true,"href":"https:\/\/para-pharmacity.tn\/index.php?rest_route=%2Fwp%2Fv2%2Fproduct_cat&post=17239"},{"taxonomy":"product_tag","embeddable":true,"href":"https:\/\/para-pharmacity.tn\/index.php?rest_route=%2Fwp%2Fv2%2Fproduct_tag&post=17239"}],"curies":[{"name":"wp","href":"https:\/\/api.w.org\/{rel}","templated":true}]}}