{"id":17238,"date":"2024-07-10T23:01:56","date_gmt":"2024-07-10T23:01:56","guid":{"rendered":"https:\/\/para-pharmacity.tn\/?product=floxia-savon-peaux-seches-sativa"},"modified":"2024-09-05T16:35:55","modified_gmt":"2024-09-05T16:35:55","slug":"floxia-savon-peaux-seches-sativa","status":"publish","type":"product","link":"https:\/\/para-pharmacity.tn\/?product=floxia-savon-peaux-seches-sativa","title":{"rendered":"FLOXIA SAVON PEAUX SECHES SATIVA"},"content":{"rendered":"<h3>Floxia SAVON DERMOCOSM\u00c9TIQUE EXFOLIANT PEAU SECHE 125g :<\/h3>\n<p>Ce savon agit comme adoucissant cutan\u00e9 et aide \u00e0 garder la peau lisse, souple et douce.<\/p>\n<p>Sa combinaison unique, associant lait d\u2019avoine et sodium PCA, favorise la stimulation cellulaire, permettant ainsi une meilleure r\u00e9g\u00e9n\u00e9ration et hydratation de la peau<\/p>\n<p>Sodium PCA (Nalidone):\u00a0Assure, restaure et maintien un \u00e9tat d\u2019hydratation<\/p>\n<p>Avoine collo\u00efdale:\u00a0R\u00e9duit les irritations et les rougeurs de la peau dues \u00e0 l\u2019abrasion<\/p>\n<p>Soulage les d\u00e9mangeaisons pendant le traitement ecz\u00e9ma, de psoriasis.<\/p>\n<p>R\u00e9tablit l\u2019\u00e9quilibre du pH et pr\u00e9serve l\u2019acidit\u00e9 naturelle de la peau, prot\u00e9geant ainsi contre le dess\u00e8chement et infections.<\/p>\n<p>Forme une film sur la peau pour conf\u00e9rer protection et hydratation<\/p>\n<h3>Conseils d\u2019utilisation :<\/h3>\n<p>Appliquer sur une peau pr\u00e9alablement humidifi\u00e9e.<\/p>\n<p>Faire mousser puis rincer.<\/p>\n","protected":false},"excerpt":{"rendered":"<div id=\"product-description-short-673\" class=\"product-description-short\">\n<p>Floxia Savon Exfoliant \u00a0Nourrissant peau s\u00e8che, ce savon agit comme adoucissant cutan\u00e9 et aide \u00e0 garder la peau lisse, souple et douce.<\/p>\n<\/div>\n","protected":false},"featured_media":24502,"comment_status":"open","ping_status":"closed","template":"","meta":[],"product_cat":[20],"product_tag":[],"class_list":{"0":"post-17238","1":"product","2":"type-product","3":"status-publish","4":"has-post-thumbnail","6":"product_cat-accessories","8":"first","9":"instock","10":"shipping-taxable","11":"product-type-simple"},"jetpack_sharing_enabled":true,"_links":{"self":[{"href":"https:\/\/para-pharmacity.tn\/index.php?rest_route=\/wp\/v2\/product\/17238","targetHints":{"allow":["GET"]}}],"collection":[{"href":"https:\/\/para-pharmacity.tn\/index.php?rest_route=\/wp\/v2\/product"}],"about":[{"href":"https:\/\/para-pharmacity.tn\/index.php?rest_route=\/wp\/v2\/types\/product"}],"replies":[{"embeddable":true,"href":"https:\/\/para-pharmacity.tn\/index.php?rest_route=%2Fwp%2Fv2%2Fcomments&post=17238"}],"version-history":[{"count":2,"href":"https:\/\/para-pharmacity.tn\/index.php?rest_route=\/wp\/v2\/product\/17238\/revisions"}],"predecessor-version":[{"id":24503,"href":"https:\/\/para-pharmacity.tn\/index.php?rest_route=\/wp\/v2\/product\/17238\/revisions\/24503"}],"wp:featuredmedia":[{"embeddable":true,"href":"https:\/\/para-pharmacity.tn\/index.php?rest_route=\/wp\/v2\/media\/24502"}],"wp:attachment":[{"href":"https:\/\/para-pharmacity.tn\/index.php?rest_route=%2Fwp%2Fv2%2Fmedia&parent=17238"}],"wp:term":[{"taxonomy":"product_cat","embeddable":true,"href":"https:\/\/para-pharmacity.tn\/index.php?rest_route=%2Fwp%2Fv2%2Fproduct_cat&post=17238"},{"taxonomy":"product_tag","embeddable":true,"href":"https:\/\/para-pharmacity.tn\/index.php?rest_route=%2Fwp%2Fv2%2Fproduct_tag&post=17238"}],"curies":[{"name":"wp","href":"https:\/\/api.w.org\/{rel}","templated":true}]}}