{"id":17237,"date":"2024-07-10T23:01:55","date_gmt":"2024-07-10T23:01:55","guid":{"rendered":"https:\/\/para-pharmacity.tn\/?product=floxia-savon-peaux-grasses-regulato"},"modified":"2024-09-05T16:31:09","modified_gmt":"2024-09-05T16:31:09","slug":"floxia-savon-peaux-grasses-regulato","status":"publish","type":"product","link":"https:\/\/para-pharmacity.tn\/?product=floxia-savon-peaux-grasses-regulato","title":{"rendered":"FLOXIA SAVON PEAUX GRASSES REGULATO"},"content":{"rendered":"<p><b>\u00a0Ce savon pour peau grasse :<\/b><\/p>\n<ul>\n<li>Exfolie en douceur.<\/li>\n<li>R\u00e9duit les imperfections.<\/li>\n<li>R\u00e9g\u00e9n\u00e8re l\u2019\u00e9piderme.<\/li>\n<li>Eclaircit le teint et lutte contre les taches brunes.<\/li>\n<\/ul>\n<p>Retrouvez une peau de b\u00e9b\u00e9 gr\u00e2ce \u00e0 la quadruple action du savon exfoliant.<\/p>\n<p>Il nettoie la peau et retire toutes les impuret\u00e9s. Il effectue un peeling doux pour am\u00e9liorer le renouvellement cellulaire. Il purifie la peau et traite les imperfections de l\u2019int\u00e9rieur.<\/p>\n<p>Enfin, le savon exfoliant aux algues rouges am\u00e9liore l\u2019hydratation et la cicatrisation de la peau. Il r\u00e9g\u00e9n\u00e8re les tissus cutan\u00e9s l\u00e9s\u00e9s et ab\u00eem\u00e9s.<\/p>\n<p><b>ConseilS d&rsquo;utilisation :<\/b><\/p>\n<p>Utilisez ce savon une fois par jour sur une peau humide. Le matin avant d\u2019appliquer sa routine de soins du visage ou le soir apr\u00e8s le d\u00e9maquillage, lavez votre \u00e9piderme avec le savon exfoliant.<\/p>\n","protected":false},"excerpt":{"rendered":"<p>Le savon Floxia pr\u00e9sente une quadruple action gommage, nettoyante, revigorante et purifiante gr\u00e2ce \u00e0 l\u2019action combin\u00e9e d\u2019un extrait d\u2019algue, chondrus crispus et d\u2019un actif antibact\u00e9rien.<\/p>\n","protected":false},"featured_media":24497,"comment_status":"open","ping_status":"closed","template":"","meta":[],"product_cat":[20],"product_tag":[],"class_list":{"0":"post-17237","1":"product","2":"type-product","3":"status-publish","4":"has-post-thumbnail","6":"product_cat-accessories","8":"first","9":"instock","10":"shipping-taxable","11":"product-type-simple"},"jetpack_sharing_enabled":true,"_links":{"self":[{"href":"https:\/\/para-pharmacity.tn\/index.php?rest_route=\/wp\/v2\/product\/17237","targetHints":{"allow":["GET"]}}],"collection":[{"href":"https:\/\/para-pharmacity.tn\/index.php?rest_route=\/wp\/v2\/product"}],"about":[{"href":"https:\/\/para-pharmacity.tn\/index.php?rest_route=\/wp\/v2\/types\/product"}],"replies":[{"embeddable":true,"href":"https:\/\/para-pharmacity.tn\/index.php?rest_route=%2Fwp%2Fv2%2Fcomments&post=17237"}],"version-history":[{"count":2,"href":"https:\/\/para-pharmacity.tn\/index.php?rest_route=\/wp\/v2\/product\/17237\/revisions"}],"predecessor-version":[{"id":24500,"href":"https:\/\/para-pharmacity.tn\/index.php?rest_route=\/wp\/v2\/product\/17237\/revisions\/24500"}],"wp:featuredmedia":[{"embeddable":true,"href":"https:\/\/para-pharmacity.tn\/index.php?rest_route=\/wp\/v2\/media\/24497"}],"wp:attachment":[{"href":"https:\/\/para-pharmacity.tn\/index.php?rest_route=%2Fwp%2Fv2%2Fmedia&parent=17237"}],"wp:term":[{"taxonomy":"product_cat","embeddable":true,"href":"https:\/\/para-pharmacity.tn\/index.php?rest_route=%2Fwp%2Fv2%2Fproduct_cat&post=17237"},{"taxonomy":"product_tag","embeddable":true,"href":"https:\/\/para-pharmacity.tn\/index.php?rest_route=%2Fwp%2Fv2%2Fproduct_tag&post=17237"}],"curies":[{"name":"wp","href":"https:\/\/api.w.org\/{rel}","templated":true}]}}