{"id":17235,"date":"2024-07-10T23:01:55","date_gmt":"2024-07-10T23:01:55","guid":{"rendered":"https:\/\/para-pharmacity.tn\/?product=floxia-mousse-purifiante-peau-seche"},"modified":"2024-09-05T16:16:03","modified_gmt":"2024-09-05T16:16:03","slug":"floxia-mousse-purifiante-peau-seche","status":"publish","type":"product","link":"https:\/\/para-pharmacity.tn\/?product=floxia-mousse-purifiante-peau-seche","title":{"rendered":"FLOXIA MOUSSE PURIFIANTE PEAU SECHE"},"content":{"rendered":"<p>Mousse Nettoyante Purifiante sans savon : nettoie, purifie et r\u00e9gule les peaux s\u00e8ches et sensibles<\/p>\n<p>La Mousse Nettoyante Purifiante d\u00e9maquille et nettoie l\u2019\u00e9piderme en profondeur. Sa composition sans savon est beaucoup moins agressive tout en conservant une bonne efficacit\u00e9.<\/p>\n<p>La Mousse Purifiante visage \u00e9limine les impuret\u00e9s et prend soin des peaux s\u00e8ches et sensibles sans les agresser.<\/p>\n<p>En bref, cette Mousse Nettoyante Purifiante :<\/p>\n<ul>\n<li>Lib\u00e8re la peau des impuret\u00e9s ;<\/li>\n<li>Retire les traces de maquillage, m\u00eame waterproof ;<\/li>\n<li>Hydrate l\u2019\u00e9piderme en profondeur ;<\/li>\n<li>Purifie et att\u00e9nue les irritations, les rougeurs ainsi que les d\u00e9mangeaisons.<\/li>\n<\/ul>\n<p>D\u00e9couvrez enfin un soin lavant qui ne cause pas de tiraillements ou d\u2019inconforts cutan\u00e9s. La Mousse Purifiante Sans Savon est con\u00e7ue pour d\u00e9sincruster les pores et apaiser les peaux tr\u00e8s s\u00e8ches.<\/p>\n<p>La Mousse Nettoyante Purifiante apporte de l\u2019hydratation \u00e0 la peau d\u00e9shydrat\u00e9e et s\u00e8che. Le teint terne est plus frais et lumineux. Les rides et ridules de d\u00e9shydratation s\u2019estompent. Les rougeurs s\u2019att\u00e9nuent. Le grain de peau s\u2019affine. Les pores sont lisses.<\/p>\n<p>C\u2019est le moment de prendre soin de votre peau tr\u00e8s s\u00e8che et sensible ! Lavez votre visage avec la Mousse Purifiante Sans Savon et redonnez un coup d\u2019\u00e9clat \u00e0 votre peau.<\/p>\n<h2>Actifs :<\/h2>\n<p>Neutrazen\u2122, Extrait de graine d\u2019avoine, Sodium PCA, Glyc\u00e9rine<\/p>\n<h2>Conseils d&rsquo;utilisation :<\/h2>\n<p><em><strong>Comment laver son visage avec la Mousse Purifiante Sans Savon ?<\/strong><\/em><\/p>\n<p>Appliquez 1 \u00e0 2 pressions de mousse sur la main. Faites mousser entre vos doigts et appliquez sur la peau humide du visage.<\/p>\n<p>Puis, effectuez un massage doux et relaxant pour activer la microcirculation sanguine.<\/p>\n<p>Enfin, rincez la mousse nettoyante \u00e0 l\u2019eau claire. En cas de contact avec les yeux, rincez abondamment.<\/p>\n<p><em><strong>Sur quelles parties du corps utiliser la mousse nettoyante ?<\/strong><\/em><\/p>\n<p>Ce soin lavant sans savon pour peaux s\u00e8ches et sensibles nettoie principalement la peau du visage. Ce nettoyant doux n\u2019agresse pas les zones les plus fragiles de l\u2019\u00e9piderme.<\/p>\n<p><strong><em>Quand utiliser la mousse nettoyante sans savon ?<\/em><\/strong><\/p>\n<p>Vous pouvez laver votre visage matin et soir avec la Mousse Purifiante Sans Savon, ou une seule fois par jour selon vos besoins. Son action hydratante et apaisante n\u2019agresse pas l\u2019\u00e9piderme.<\/p>\n<p>Au contraire, pour calmer le feu du rasoir, les br\u00fblures d\u2019un coup de soleil ou la rugosit\u00e9 d\u2019une peau tr\u00e8s s\u00e8che, appliquez un peu de mousse pour nettoyer, r\u00e9guler et calmer l\u2019irritation.<\/p>\n<p><em><strong>Sur quel type de peau ?<\/strong><\/em><\/p>\n<p>La Mousse Purifiante Sans Savon convient \u00e0 tous les types de peau. Elle peut \u00eatre appliqu\u00e9e sur :<\/p>\n<ul>\n<li>Peaux s\u00e8ches,<\/li>\n<li>Peaux sensibles,<\/li>\n<li>Peaux r\u00e9actives,<\/li>\n<li>Peaux normales,<\/li>\n<li>Peaux fragiles,<\/li>\n<li>Peaux ab\u00eem\u00e9es,<\/li>\n<li>Peaux ternes,<\/li>\n<li>Peaux agress\u00e9es,<\/li>\n<li>Peaux allergiques,<\/li>\n<li>Peaux sujettes aux rougeurs, d\u00e9mangeaisons et inconforts cutan\u00e9s,<\/li>\n<li>Peaux irrit\u00e9es,<\/li>\n<li>Peaux br\u00fbl\u00e9es,<\/li>\n<li>Peaux d\u00e9shydrat\u00e9es,<\/li>\n<li>Peaux squameuses.<\/li>\n<\/ul>\n","protected":false},"excerpt":{"rendered":"<p><strong>Mousse Puri\ufb01ante Sans Savon :\u00a0\u00a0<\/strong>nettoie, purifie et r\u00e9gule les peaux s\u00e8ches et sensibles<\/p>\n","protected":false},"featured_media":24488,"comment_status":"open","ping_status":"closed","template":"","meta":[],"product_cat":[20],"product_tag":[],"class_list":{"0":"post-17235","1":"product","2":"type-product","3":"status-publish","4":"has-post-thumbnail","6":"product_cat-accessories","8":"first","9":"instock","10":"shipping-taxable","11":"product-type-simple"},"jetpack_sharing_enabled":true,"_links":{"self":[{"href":"https:\/\/para-pharmacity.tn\/index.php?rest_route=\/wp\/v2\/product\/17235","targetHints":{"allow":["GET"]}}],"collection":[{"href":"https:\/\/para-pharmacity.tn\/index.php?rest_route=\/wp\/v2\/product"}],"about":[{"href":"https:\/\/para-pharmacity.tn\/index.php?rest_route=\/wp\/v2\/types\/product"}],"replies":[{"embeddable":true,"href":"https:\/\/para-pharmacity.tn\/index.php?rest_route=%2Fwp%2Fv2%2Fcomments&post=17235"}],"version-history":[{"count":2,"href":"https:\/\/para-pharmacity.tn\/index.php?rest_route=\/wp\/v2\/product\/17235\/revisions"}],"predecessor-version":[{"id":24491,"href":"https:\/\/para-pharmacity.tn\/index.php?rest_route=\/wp\/v2\/product\/17235\/revisions\/24491"}],"wp:featuredmedia":[{"embeddable":true,"href":"https:\/\/para-pharmacity.tn\/index.php?rest_route=\/wp\/v2\/media\/24488"}],"wp:attachment":[{"href":"https:\/\/para-pharmacity.tn\/index.php?rest_route=%2Fwp%2Fv2%2Fmedia&parent=17235"}],"wp:term":[{"taxonomy":"product_cat","embeddable":true,"href":"https:\/\/para-pharmacity.tn\/index.php?rest_route=%2Fwp%2Fv2%2Fproduct_cat&post=17235"},{"taxonomy":"product_tag","embeddable":true,"href":"https:\/\/para-pharmacity.tn\/index.php?rest_route=%2Fwp%2Fv2%2Fproduct_tag&post=17235"}],"curies":[{"name":"wp","href":"https:\/\/api.w.org\/{rel}","templated":true}]}}