{"id":17234,"date":"2024-07-10T23:01:55","date_gmt":"2024-07-10T23:01:55","guid":{"rendered":"https:\/\/para-pharmacity.tn\/?product=floxia-micro-emulsion-eclaircissant"},"modified":"2024-09-05T16:07:57","modified_gmt":"2024-09-05T16:07:57","slug":"floxia-micro-emulsion-eclaircissant","status":"publish","type":"product","link":"https:\/\/para-pharmacity.tn\/?product=floxia-micro-emulsion-eclaircissant","title":{"rendered":"FLOXIA MICRO EMULSION ECLAIRCISSANT"},"content":{"rendered":"<h4><span style=\"color: #70ad47\">Description\u00a0:<\/span><\/h4>\n<p>La Micro \u00c9mulsion Contr\u00f4le Taches et Teint r\u00e9gule la production de m\u00e9lanine et enl\u00e8ve les<strong>\u00a0taches brunes<\/strong>. Ce soin du visage lutte contre l\u2019hyperpigmentation des peaux matures ou r\u00e9actives. Il r\u00e9duit les marques de pigmentation cutan\u00e9e pour un<strong>\u00a0teint unifi\u00e9<\/strong>\u00a0et lumineux, sans taches pigmentaires. La cr\u00e8me de jour et de nuit Contr\u00f4le Taches et Teint\u00a0:<\/p>\n<ul>\n<li><b>Att\u00e9nue les taches brunes,<\/b><\/li>\n<li><b>Unifie le teint,<\/b><\/li>\n<li><b>\u00c9claircit la peau (effet anti-taches garanti),<\/b><\/li>\n<li><b>Lisse le grain de peau,<\/b><\/li>\n<li><b>Am\u00e9liore la cicatrisation,<\/b><\/li>\n<li><b>Ralentit le vieillissement cutan\u00e9.<\/b><\/li>\n<\/ul>\n<p>Avec la Micro-\u00c9mulsion Contr\u00f4le Tache et Teint, la peau du visage est \u00e9clatante. Ce<strong>\u00a0soin anti-taches<\/strong>\u00a0vous aide \u00e0 retrouver confiance en vous et en votre peau !<\/p>\n<p>Pour des r\u00e9sultats efficaces, les dermatologues conseillent l\u2019application de ce soin traitant pendant 3 mois au minimum.<\/p>\n<hr \/>\n<h4><span style=\"color: #70ad47\">Conseils d\u2019utilisation\u00a0:<\/span><\/h4>\n<p>Appliquez la Micro \u00c9mulsion Contr\u00f4le Taches et Teint deux fois par jour\u00a0: le\u00a0<strong>matin<\/strong>\u00a0avant le maquillage et le\u00a0<strong>soir<\/strong>\u00a0sur une peau propre et s\u00e8che. Versez une noisette de la cr\u00e8me sur vos doigts et r\u00e9partissez le soin sur l\u2019ensemble du visage et du cou. Appuyez avec la pulpe de vos doigts sur la peau pour bien faire p\u00e9n\u00e9trer le soin.<\/p>\n<p>La micro \u00e9mulsion peut \u00eatre utilis\u00e9e comme<strong>\u00a0soin traitant<\/strong>\u00a0sur les zones hyperpigment\u00e9es du visage et du corps. Ces zones sont isol\u00e9es et couvertes de taches fonc\u00e9es, brunes ou rouges.<\/p>\n<h3>La cr\u00e8me contr\u00f4le Taches et Teint, pour quel type de peau\u00a0?<\/h3>\n<p>Tous les types de peaux tol\u00e8rent la Micro \u00c9mulsion Contr\u00f4le Taches et Teint de Floxia. Mais la cr\u00e8me sera d\u2019autant plus adapt\u00e9e pour\u00a0:<\/p>\n<ul>\n<li>Les\u00a0<strong>peaux matures,<\/strong><\/li>\n<li>Les\u00a0<strong>peaux r\u00e9actives,<\/strong><\/li>\n<li>Les\u00a0<strong>peaux sensibles \u00e0 tr\u00e8s sensibles,<\/strong><\/li>\n<li>Les\u00a0<strong>peaux s\u00e8ches et d\u00e9shydrat\u00e9es,<\/strong><\/li>\n<li>Les<strong>\u00a0peaux \u00e0 imperfection,<\/strong><\/li>\n<li>Les\u00a0<strong>peaux enflamm\u00e9es.<\/strong><\/li>\n<\/ul>\n<h3>Sur quelles parties du corps appliquer le soin anti-taches ?<\/h3>\n<p>La\u00a0<strong>cr\u00e8me anti-taches<\/strong>\u00a0Floxia s\u2019applique sur l\u2019ensemble du\u00a0<strong>visage,<\/strong>\u00a0sur le\u00a0<strong>cou<\/strong>\u00a0et sur les\u00a0<b>mains<\/b>. Elle est efficace pour tous les d\u00e9fauts pigmentaires visibles sur l\u2019\u00e9piderme. Elle agit contre les effets n\u00e9fastes du soleil sur la peau, contre les taches brunes dues au vieillissement cutan\u00e9 et contre l\u2019hyperpigmentation li\u00e9e \u00e0 une r\u00e9action inflammatoire.<\/p>\n<p>Si votre peau est r\u00e9active et peine \u00e0 cicatriser sans laisser de marques rouges, appliquez un peu de la Micro \u00c9mulsion contr\u00f4le Taches et Teint sur la plaie. Effectuez cette routine jusqu\u2019\u00e0 observer une\u00a0<strong>r\u00e9duction de l\u2019inflammation cutan\u00e9e<\/strong>. Au fur et \u00e0 mesure des applications, les rougeurs s\u2019att\u00e9nuent (r\u00e9sultat visible apr\u00e8s 3 mois d\u2019utilisation).<\/p>\n<p>En cas de contact de la cr\u00e8me avec les yeux ou la bouche, rincez abondamment \u00e0 l\u2019eau claire.<\/p>\n<h3>Combien de temps utiliser la cr\u00e8me Contr\u00f4le Taches et Teint de Floxia\u00a0?<\/h3>\n<p>Les dermatologues conseillent l\u2019<strong>utilisation biquotidienne<\/strong>\u00a0de la Micro \u00c9mulsion Taches et Teint pendant\u00a0<strong>3 mois<\/strong>\u00a0au minimum. Poursuivez son application jusqu\u2019\u00e0 obtenir le r\u00e9sultat souhait\u00e9. Si les taches ne partent pas et ne subissent aucune att\u00e9nuation visible, contactez un dermatologue.<\/p>\n<h3>Texture<\/h3>\n<p>Le soin Micro \u00c9mulsion Contr\u00f4le T\u00e2che et Teint a une\u00a0<strong>texture cr\u00e8me<\/strong>\u00a0onctueuse. Elle ne colle pas ni ne laisse aucun film gras sur la peau. Elle ne fait pas briller la peau et peut s\u2019utiliser le matin avant son maquillage et le soir comme cr\u00e8me de nuit.<\/p>\n","protected":false},"excerpt":{"rendered":"<p>\u00c9mulsion contr\u00f4le Taches et Teint : enl\u00e8ve les taches brunes et lutte contre l\u2019hyperpigmentation<\/p>\n","protected":false},"featured_media":24484,"comment_status":"open","ping_status":"closed","template":"","meta":[],"product_cat":[20],"product_tag":[],"class_list":{"0":"post-17234","1":"product","2":"type-product","3":"status-publish","4":"has-post-thumbnail","6":"product_cat-accessories","8":"first","9":"instock","10":"shipping-taxable","11":"product-type-simple"},"jetpack_sharing_enabled":true,"_links":{"self":[{"href":"https:\/\/para-pharmacity.tn\/index.php?rest_route=\/wp\/v2\/product\/17234","targetHints":{"allow":["GET"]}}],"collection":[{"href":"https:\/\/para-pharmacity.tn\/index.php?rest_route=\/wp\/v2\/product"}],"about":[{"href":"https:\/\/para-pharmacity.tn\/index.php?rest_route=\/wp\/v2\/types\/product"}],"replies":[{"embeddable":true,"href":"https:\/\/para-pharmacity.tn\/index.php?rest_route=%2Fwp%2Fv2%2Fcomments&post=17234"}],"version-history":[{"count":2,"href":"https:\/\/para-pharmacity.tn\/index.php?rest_route=\/wp\/v2\/product\/17234\/revisions"}],"predecessor-version":[{"id":24486,"href":"https:\/\/para-pharmacity.tn\/index.php?rest_route=\/wp\/v2\/product\/17234\/revisions\/24486"}],"wp:featuredmedia":[{"embeddable":true,"href":"https:\/\/para-pharmacity.tn\/index.php?rest_route=\/wp\/v2\/media\/24484"}],"wp:attachment":[{"href":"https:\/\/para-pharmacity.tn\/index.php?rest_route=%2Fwp%2Fv2%2Fmedia&parent=17234"}],"wp:term":[{"taxonomy":"product_cat","embeddable":true,"href":"https:\/\/para-pharmacity.tn\/index.php?rest_route=%2Fwp%2Fv2%2Fproduct_cat&post=17234"},{"taxonomy":"product_tag","embeddable":true,"href":"https:\/\/para-pharmacity.tn\/index.php?rest_route=%2Fwp%2Fv2%2Fproduct_tag&post=17234"}],"curies":[{"name":"wp","href":"https:\/\/api.w.org\/{rel}","templated":true}]}}