{"id":17233,"date":"2024-07-10T23:01:54","date_gmt":"2024-07-10T23:01:54","guid":{"rendered":"https:\/\/para-pharmacity.tn\/?product=floxia-lait-unifiant-hydratant-500m"},"modified":"2024-09-05T16:02:25","modified_gmt":"2024-09-05T16:02:25","slug":"floxia-lait-unifiant-hydratant-500m","status":"publish","type":"product","link":"https:\/\/para-pharmacity.tn\/?product=floxia-lait-unifiant-hydratant-500m","title":{"rendered":"FLOXIA LAIT UNIFIANT HYDRATANT 500M"},"content":{"rendered":"<h4><span style=\"color: #70ad47\">Description\u00a0:<\/span><\/h4>\n<ul>\n<li><strong>Hydrate toute la journ\u00e9e<\/strong><\/li>\n<li><strong>Efficace contre l\u2019hyperpigmentation et l\u2019inflammation de la peau<\/strong><\/li>\n<li><strong>Apaise, prot\u00e8ge et r\u00e9pare les peaux normales \u00e0 tr\u00e8s s\u00e8ches<\/strong><\/li>\n<\/ul>\n<p>La peau tiraille, les mains et le corps sont secs, des rougeurs apparaissent\u2026 C\u2019est le moment de d\u00e9gainer le\u00a0<strong>Lait Unifiant Hydratant<\/strong>\u00a0corps et main. Enrichi en Actiwhite\u2122, ce lait a un effet \u00e9claircissant et\u00a0<strong>anti taches<\/strong>. Il apaise les\u00a0<strong>peaux s\u00e8ches<\/strong>\u00a0et d\u00e9shydrat\u00e9es et att\u00e9nue l\u2019hyperpigmentation.<\/p>\n<p>Toute la famille peut profiter longtemps de son action\u00a0<strong>unifiante<\/strong>\u00a0et\u00a0<strong>hydratante.\u00a0<\/strong>\u00a0L\u2019\u00e9piderme est plus souple, nourri et hydrat\u00e9 toute la journ\u00e9e. Vous retrouvez le confort d\u2019une peau lisse et douce. Le lait soulage les irritations et le dess\u00e8chement cutan\u00e9.<\/p>\n<p>En hiver comme en \u00e9t\u00e9, le Lait Unifiant Hydratant est un indispensable des belles peaux. Prenez soin de votre corps et de vos mains et redonnez-leur l\u2019\u00e9clat qu\u2019ils m\u00e9ritent !<\/p>\n<hr \/>\n<h4><span style=\"color: #70ad47\">Conseils d\u2019utilisation\u00a0:<\/span><\/h4>\n<p><b>Le Lait Unifiant Hydratant, pour quel type de peau ?<\/b>Le Lait Unifiant Hydratant soulage, r\u00e9pare et prot\u00e8ge les peaux normales \u00e0 tr\u00e8s s\u00e8ches. Il am\u00e9liore le grain de peau des \u00e9pidermes l\u00e9s\u00e9s et agress\u00e9s (imperfections, pores dilat\u00e9s, cicatrices, rougeurs) et lisse les rides des peaux matures.<\/p>\n<p>Sa haute tol\u00e9rance convient aux peaux sensibles et tr\u00e8s sensibles. Les peaux d\u00e9shydrat\u00e9es, en manque d\u2019hydratation, trouveront \u00e9galement leur bonheur avec ce lait pour corps et mains tr\u00e8s complet.<\/p>\n<p><b>Sur quelles zones du corps l\u2019appliquer ?<\/b>Le Lait Unifiant Hydratant se destine \u00e0 la r\u00e9g\u00e9n\u00e9ration et \u00e0 l\u2019hydratation de la peau du corps et des mains.<\/p>\n<p><b>Utilisation<\/b>Appliquez le lait Unifiant Hydratant aussi souvent que n\u00e9cessaire. Sur une peau propre et s\u00e8che, faites couler le lait sur vos doigts et \u00e9talez-le g\u00e9n\u00e9reusement sur votre corps et vos mains. Sa texture l\u00e9g\u00e8re et non grasse p\u00e9n\u00e8tre rapidement l\u2019\u00e9piderme et le nourrit en profondeur.<\/p>\n<p>\u00c9vitez le contour des yeux. En cas de contact, rincez abondamment \u00e0 l\u2019eau claire.<\/p>\n<p>Utilisez le Lait Unifiant Hydratant dans votre routine de soin matin et soir. Le lait prot\u00e8ge l\u2019\u00e9piderme le jour et restaure la barri\u00e8re cutan\u00e9e la nuit. La peau est plus belle jour apr\u00e8s jour.<\/p>\n<p><b>Texture<\/b>Le lait Unifiant Hydratant a une texture soyeuse et onctueuse, couleur cr\u00e8me. Elle ne colle pas la peau et ne laisse pas de film gras. Le lait p\u00e9n\u00e8tre la peau rapidement et ne bouche pas les pores.<\/p>\n","protected":false},"excerpt":{"rendered":"<p>Le Lait Unifiant Hydratant Floxia hydrate et prot\u00e8ge les peaux s\u00e8ches. Enrichi en Actiwhite, il att\u00e9nue les taches brunes et rougeurs, apaise les irritations, et restaure la barri\u00e8re cutan\u00e9e, offrant une peau plus lumineuse et homog\u00e8ne.<\/p>\n","protected":false},"featured_media":24481,"comment_status":"open","ping_status":"closed","template":"","meta":[],"product_cat":[20],"product_tag":[],"class_list":{"0":"post-17233","1":"product","2":"type-product","3":"status-publish","4":"has-post-thumbnail","6":"product_cat-accessories","8":"first","9":"instock","10":"shipping-taxable","11":"product-type-simple"},"jetpack_sharing_enabled":true,"_links":{"self":[{"href":"https:\/\/para-pharmacity.tn\/index.php?rest_route=\/wp\/v2\/product\/17233","targetHints":{"allow":["GET"]}}],"collection":[{"href":"https:\/\/para-pharmacity.tn\/index.php?rest_route=\/wp\/v2\/product"}],"about":[{"href":"https:\/\/para-pharmacity.tn\/index.php?rest_route=\/wp\/v2\/types\/product"}],"replies":[{"embeddable":true,"href":"https:\/\/para-pharmacity.tn\/index.php?rest_route=%2Fwp%2Fv2%2Fcomments&post=17233"}],"version-history":[{"count":2,"href":"https:\/\/para-pharmacity.tn\/index.php?rest_route=\/wp\/v2\/product\/17233\/revisions"}],"predecessor-version":[{"id":24482,"href":"https:\/\/para-pharmacity.tn\/index.php?rest_route=\/wp\/v2\/product\/17233\/revisions\/24482"}],"wp:featuredmedia":[{"embeddable":true,"href":"https:\/\/para-pharmacity.tn\/index.php?rest_route=\/wp\/v2\/media\/24481"}],"wp:attachment":[{"href":"https:\/\/para-pharmacity.tn\/index.php?rest_route=%2Fwp%2Fv2%2Fmedia&parent=17233"}],"wp:term":[{"taxonomy":"product_cat","embeddable":true,"href":"https:\/\/para-pharmacity.tn\/index.php?rest_route=%2Fwp%2Fv2%2Fproduct_cat&post=17233"},{"taxonomy":"product_tag","embeddable":true,"href":"https:\/\/para-pharmacity.tn\/index.php?rest_route=%2Fwp%2Fv2%2Fproduct_tag&post=17233"}],"curies":[{"name":"wp","href":"https:\/\/api.w.org\/{rel}","templated":true}]}}