{"id":17231,"date":"2024-07-10T23:01:54","date_gmt":"2024-07-10T23:01:54","guid":{"rendered":"https:\/\/para-pharmacity.tn\/?product=floxia-gel-regulateur"},"modified":"2024-09-05T13:47:07","modified_gmt":"2024-09-05T13:47:07","slug":"floxia-gel-regulateur","status":"publish","type":"product","link":"https:\/\/para-pharmacity.tn\/?product=floxia-gel-regulateur","title":{"rendered":"FLOXIA GEL REGULATEUR"},"content":{"rendered":"<h4><span style=\"color: #70ad47\">Description\u00a0:<\/span><\/h4>\n<p>Le Gel R\u00e9gulateur anti-imperfections veut du bien votre peau ! Ce soin correcteur r\u00e9gule l\u2019exc\u00e8s de s\u00e9bum, purifie l\u2019\u00e9piderme et am\u00e9liore le grain de peau.<\/p>\n<p>Ses propri\u00e9t\u00e9s s\u00e9bor\u00e9gulatrices et purifiantes \u00e9liminent les impuret\u00e9s qui bouchent les pores.<\/p>\n<p>Le Gel R\u00e9gulateur pour peaux mixtes \u00e0 grasses :<\/p>\n<ul>\n<li><strong>r\u00e9duit les imperfections (points noirs, boutons d\u2019acn\u00e9)<\/strong><\/li>\n<li><strong>r\u00e9gule les zones de brillance des peaux grasses<\/strong><\/li>\n<li><strong>r\u00e9gule l\u2019exc\u00e8s de s\u00e9bum<\/strong><\/li>\n<li><strong>matifie le teint<\/strong><\/li>\n<\/ul>\n<p>Sa formule enrichie en acide salicylique, en zinc et en huile essentielle de lavande vraie aide \u00e0 prendre soin des\u00a0<strong>peaux acn\u00e9iques<\/strong>.<\/p>\n<p>Dites adieu \u00e0 vos imperfections ! Utilisez ce\u00a0<strong>soin du visage<\/strong>\u00a0matin et soir pour retrouver un teint frais et lumineux.<\/p>\n<p>Le Gel R\u00e9gulateur peut s\u2019appliquer comme un s\u00e9rum, avant sa cr\u00e8me de nuit ou de jour.<\/p>\n<p>Tout le plaisir d\u2019un visage doux sans boutons ni brillances est possible avec le Gel R\u00e9gulateur anti-imperfections !<\/p>\n<hr \/>\n<h4><span style=\"color: #70ad47\">Conseils d\u2019utilisation\u00a0:<\/span><\/h4>\n<p><b>Comment utiliser le Gel R\u00e9gulateur ?<\/b>Le Gel R\u00e9gulateur anti-imperfections s\u2019utilise matin et soir pour des r\u00e9sultats visibles. Il peut remplacer un s\u00e9rum et s\u2019appliquer avant sa cr\u00e8me de jour ou de nuit. Il peut s\u2019utiliser comme un soin du visage seul et remplacer toutes vos cr\u00e8mes.<\/p>\n<p>Le gel correcteur anti-acn\u00e9 s\u2019applique sur la peau du visage et du cou. Il peut \u00e9ventuellement s\u2019appliquer sur la peau des jambes pour lutter contre les poils incarn\u00e9s.<\/p>\n<p>Appliquez une petite quantit\u00e9 du gel sur une peau propre et s\u00e8che. Ce produit s\u2019int\u00e8gre parfaitement dans votre routine beaut\u00e9 pour une peau pure et parfaite.<\/p>\n<p><b>Pour quel type de peau ?<\/b>Le Gel R\u00e9gulateur peut s\u2019utiliser sur tous les types de peau. Son action sera plus efficace sur les :<\/p>\n<ul>\n<li>peaux acn\u00e9iques<\/li>\n<li>peaux sensibles<\/li>\n<li>peaux s\u00e8ches<\/li>\n<li>peaux mixtes<\/li>\n<li>peaux grasses<\/li>\n<li>peaux stress\u00e9es<\/li>\n<li>peaux matures<\/li>\n<li>peaux ternes<\/li>\n<li>peaux rugueuses<\/li>\n<\/ul>\n","protected":false},"excerpt":{"rendered":"<p>Gel R\u00e9gulateur : gel correcteur, soin anti-imperfections pour peaux mixtes \u00e0 grasses<\/p>\n","protected":false},"featured_media":24472,"comment_status":"open","ping_status":"closed","template":"","meta":[],"product_cat":[20],"product_tag":[],"class_list":{"0":"post-17231","1":"product","2":"type-product","3":"status-publish","4":"has-post-thumbnail","6":"product_cat-accessories","8":"first","9":"instock","10":"shipping-taxable","11":"product-type-simple"},"jetpack_sharing_enabled":true,"_links":{"self":[{"href":"https:\/\/para-pharmacity.tn\/index.php?rest_route=\/wp\/v2\/product\/17231","targetHints":{"allow":["GET"]}}],"collection":[{"href":"https:\/\/para-pharmacity.tn\/index.php?rest_route=\/wp\/v2\/product"}],"about":[{"href":"https:\/\/para-pharmacity.tn\/index.php?rest_route=\/wp\/v2\/types\/product"}],"replies":[{"embeddable":true,"href":"https:\/\/para-pharmacity.tn\/index.php?rest_route=%2Fwp%2Fv2%2Fcomments&post=17231"}],"version-history":[{"count":2,"href":"https:\/\/para-pharmacity.tn\/index.php?rest_route=\/wp\/v2\/product\/17231\/revisions"}],"predecessor-version":[{"id":24471,"href":"https:\/\/para-pharmacity.tn\/index.php?rest_route=\/wp\/v2\/product\/17231\/revisions\/24471"}],"wp:featuredmedia":[{"embeddable":true,"href":"https:\/\/para-pharmacity.tn\/index.php?rest_route=\/wp\/v2\/media\/24472"}],"wp:attachment":[{"href":"https:\/\/para-pharmacity.tn\/index.php?rest_route=%2Fwp%2Fv2%2Fmedia&parent=17231"}],"wp:term":[{"taxonomy":"product_cat","embeddable":true,"href":"https:\/\/para-pharmacity.tn\/index.php?rest_route=%2Fwp%2Fv2%2Fproduct_cat&post=17231"},{"taxonomy":"product_tag","embeddable":true,"href":"https:\/\/para-pharmacity.tn\/index.php?rest_route=%2Fwp%2Fv2%2Fproduct_tag&post=17231"}],"curies":[{"name":"wp","href":"https:\/\/api.w.org\/{rel}","templated":true}]}}