{"id":17230,"date":"2024-07-10T23:01:54","date_gmt":"2024-07-10T23:01:54","guid":{"rendered":"https:\/\/para-pharmacity.tn\/?product=floxia-gel-purifiant"},"modified":"2024-09-05T13:37:22","modified_gmt":"2024-09-05T13:37:22","slug":"floxia-gel-purifiant","status":"publish","type":"product","link":"https:\/\/para-pharmacity.tn\/?product=floxia-gel-purifiant","title":{"rendered":"FLOXIA GEL PURIFIANT"},"content":{"rendered":"<h4><strong>Description :\u00a0<\/strong><\/h4>\n<p>Il nettoie d\u00e9licatement l\u2019\u00e9piderme, enl\u00e8ve impuret\u00e9s et exc\u00e8s de s\u00e9bum, tout en respectant l\u2019\u00e9quilibre de la peau, gr\u00e2ce \u00e0 l\u2019action conjugu\u00e9e de plusieurs actifs s\u00e9lectionn\u00e9s tels qu&rsquo;un complexe d&rsquo;AHA, d&rsquo;allanto\u00efne et d&rsquo;huile de th\u00e9 vert.<\/p>\n<p>Le gel purifiant :<\/p>\n<ul>\n<li>nettoie la peau en douceur.<\/li>\n<\/ul>\n<ul>\n<li>r\u00e9gule l\u2019exc\u00e8s de s\u00e9bum.<\/li>\n<\/ul>\n<ul>\n<li>est un soin anti-imperfections.<\/li>\n<\/ul>\n<ul>\n<li>\u00e9limine les peaux mortes.<\/li>\n<\/ul>\n<ul>\n<li>am\u00e9liore la r\u00e9g\u00e9n\u00e9ration cellulaire.<\/li>\n<\/ul>\n<ul>\n<li>hydrate l\u2019\u00e9piderme.<\/li>\n<\/ul>\n<p>C\u2019est le moment de vraiment chouchouter votre peau. Appliquez une petite quantit\u00e9 du gel nettoyant purifiant sur votre visage et apportez-lui tous les soins dont il a besoin.<\/p>\n<p>La formule du savon nettoyant purifiant est enrichie en th\u00e9 vert assainissant, en acide AHA exfoliant et en racine de bardane anti-acn\u00e9 et anti-inflammatoire.<\/p>\n<p>Un grain de peau lisse et sans boutons, c\u2019est possible ! Tout ce que vous avez \u00e0 faire, c\u2019est ajouter le Gel Purifiant dans votre routine beaut\u00e9. D\u00e8s la premi\u00e8re application, votre peau est r\u00e9veill\u00e9e, hydrat\u00e9e et illumin\u00e9e.<\/p>\n<p><strong>Conseils d\u2019utilisations<\/strong><\/p>\n<p>Appliquer matin et soir.<\/p>\n<p>Faire mousser, puis rincer soigneusement.<\/p>\n<p>Eviter le contact avec les yeux.<\/p>\n","protected":false},"excerpt":{"rendered":"<p>Le Gel Nettoyant Purifiant est un vrai bonheur pour la peau. En plus de lui apporter de la fra\u00eecheur, il traite ses imperfections et la d\u00e9barrasse de ses impuret\u00e9s.<\/p>\n","protected":false},"featured_media":24468,"comment_status":"open","ping_status":"closed","template":"","meta":[],"product_cat":[20],"product_tag":[],"class_list":{"0":"post-17230","1":"product","2":"type-product","3":"status-publish","4":"has-post-thumbnail","6":"product_cat-accessories","8":"first","9":"instock","10":"shipping-taxable","11":"product-type-simple"},"jetpack_sharing_enabled":true,"_links":{"self":[{"href":"https:\/\/para-pharmacity.tn\/index.php?rest_route=\/wp\/v2\/product\/17230","targetHints":{"allow":["GET"]}}],"collection":[{"href":"https:\/\/para-pharmacity.tn\/index.php?rest_route=\/wp\/v2\/product"}],"about":[{"href":"https:\/\/para-pharmacity.tn\/index.php?rest_route=\/wp\/v2\/types\/product"}],"replies":[{"embeddable":true,"href":"https:\/\/para-pharmacity.tn\/index.php?rest_route=%2Fwp%2Fv2%2Fcomments&post=17230"}],"version-history":[{"count":2,"href":"https:\/\/para-pharmacity.tn\/index.php?rest_route=\/wp\/v2\/product\/17230\/revisions"}],"predecessor-version":[{"id":24470,"href":"https:\/\/para-pharmacity.tn\/index.php?rest_route=\/wp\/v2\/product\/17230\/revisions\/24470"}],"wp:featuredmedia":[{"embeddable":true,"href":"https:\/\/para-pharmacity.tn\/index.php?rest_route=\/wp\/v2\/media\/24468"}],"wp:attachment":[{"href":"https:\/\/para-pharmacity.tn\/index.php?rest_route=%2Fwp%2Fv2%2Fmedia&parent=17230"}],"wp:term":[{"taxonomy":"product_cat","embeddable":true,"href":"https:\/\/para-pharmacity.tn\/index.php?rest_route=%2Fwp%2Fv2%2Fproduct_cat&post=17230"},{"taxonomy":"product_tag","embeddable":true,"href":"https:\/\/para-pharmacity.tn\/index.php?rest_route=%2Fwp%2Fv2%2Fproduct_tag&post=17230"}],"curies":[{"name":"wp","href":"https:\/\/api.w.org\/{rel}","templated":true}]}}