{"id":17229,"date":"2024-07-10T23:01:53","date_gmt":"2024-07-10T23:01:53","guid":{"rendered":"https:\/\/para-pharmacity.tn\/?product=floxia-gel-nettoyant-peau-douceur"},"modified":"2024-09-05T13:26:06","modified_gmt":"2024-09-05T13:26:06","slug":"floxia-gel-nettoyant-peau-douceur","status":"publish","type":"product","link":"https:\/\/para-pharmacity.tn\/?product=floxia-gel-nettoyant-peau-douceur","title":{"rendered":"FLOXIA GEL NETTOYANT PEAU DOUCEUR"},"content":{"rendered":"<h4><span style=\"color: #70ad47\">Description\u00a0:<\/span><\/h4>\n<p>Le Gel Nettoyant Doux est un v\u00e9ritable baume apaisant et r\u00e9parateur pour les\u00a0<strong>peaux sensibles<\/strong>. Enrichi \u00e0 l\u2019aloe vera, ce<strong>\u00a0gel nettoyant<\/strong>\u00a0\u00e9limine les impuret\u00e9s et calme les inconforts cutan\u00e9s.<\/p>\n<p>Att\u00e9nuez vos rougeurs, soulagez les tiraillements et redonnez de l\u2019\u00e9clat \u00e0 votre visage gr\u00e2ce au Gel Douceur pour peaux agress\u00e9es.<\/p>\n<p>Le Gel Douceur\u00a0:<\/p>\n<ul>\n<li><strong>nettoie en douceur, sans agresser l\u2019\u00e9piderme<\/strong><\/li>\n<li><strong>apaise les irritations et les d\u00e9mangeaisons<\/strong><\/li>\n<li><strong>att\u00e9nue les rougeurs<\/strong><\/li>\n<li><strong>adoucit la peau du visage, du corps et des mains<\/strong><\/li>\n<li><strong>hydrate en profondeur<\/strong><\/li>\n<\/ul>\n<p>Le gel nettoyant doux r\u00e9pare les tissus cutan\u00e9s l\u00e9s\u00e9s et fragilis\u00e9s par les agressions ext\u00e9rieures. Froid, soleil, pollution\u2026 Le gel rafra\u00eechissant prend soin des peaux sensibles et ab\u00eem\u00e9es. Son pouvoir hydratant maintient l\u2019\u00e9lasticit\u00e9 de l\u2019\u00e9piderme et illumine le teint.<\/p>\n<p>Gr\u00e2ce \u00e0 l\u2019Aloe Vera, un actif v\u00e9g\u00e9tal incroyable pour le soin de la peau, le Gel Douceur\u00a0<strong>att\u00e9nue les imperfections<\/strong>\u00a0(rougeurs, boutons, pores dilat\u00e9s, cicatrices, etc. ) et am\u00e9liore la r\u00e9g\u00e9n\u00e9ration cellulaire.<\/p>\n<p>Les peaux sensibles et fragiles ont besoin de douceur. Octroyez-vous un moment de d\u00e9tente avec le\u00a0<strong>soin nettoyant Gel Douceur<\/strong>. Lavez votre peau r\u00e9active sans la d\u00e9s\u00e9quilibrer.<\/p>\n<hr \/>\n<h4><span style=\"color: #70ad47\">Conseils d\u2019utilisation\u00a0:<\/span><\/h4>\n<p><b>Se laver le visage avec le gel nettoyant Douceur, mode d\u2019emploi<\/b>Appliquez une petite quantit\u00e9 du gel nettoyant doux sur vos doigts. Sur une peau humide, effectuez des mouvements circulaires. Accordez-vous un massage bien m\u00e9rit\u00e9 pour d\u00e9sincruster et \u00e9liminer toutes les impuret\u00e9s qui bouchent les pores.<\/p>\n<p>Ce gel nettoyant moussant apaise imm\u00e9diatement la peau. Rincez \u00e0 l\u2019eau claire. Ce soin cutan\u00e9 peut \u00e9galement s\u2019utiliser comme gel lavant apr\u00e8s-soleil afin de calmer et de traiter les br\u00fblures des coups de soleil.<\/p>\n<p>Utilisez ce gel nettoyant doux matin et soir.<\/p>\n<p><b>Sur quelles parties du corps utiliser le gel nettoyant doux ?<\/b>Le gel nettoyant doux lave la peau du visage, du corps et des mains. Ce gel tout-en-un nettoie l\u2019ensemble du corps, ce qui en fait un soin pour peaux agress\u00e9es \u00e9cologique et \u00e9conomique.<\/p>\n<p>N\u2019utilisez qu\u2019un seul gel nettoyant pour dorloter votre peau.<\/p>\n<p><b>Pour quel type de peau ?<\/b>Le Gel Douceur convient \u00e0 tous les types de peau. N\u00e9anmoins, il est vivement conseill\u00e9 pour nettoyer et prendre soin des :<\/p>\n<ul>\n<li>peaux sensibles<\/li>\n<li>peaux ab\u00eem\u00e9es<\/li>\n<li>peaux fragiles<\/li>\n<li>peaux r\u00e9actives<\/li>\n<li>peaux \u00e0 imperfections<\/li>\n<li>peaux allergiques<\/li>\n<li>peaux s\u00e8ches<\/li>\n<li>peaux matures<\/li>\n<li>peaux d\u00e9shydrat\u00e9es<\/li>\n<li>peaux atopiques<\/li>\n<li>peaux irrit\u00e9es<\/li>\n<li>peaux desquam\u00e9es<\/li>\n<li>peaux ternes<\/li>\n<li>peaux distendues<\/li>\n<li>peaux mixtes<\/li>\n<\/ul>\n<p>Ce soin nettoyant peut s\u2019appliquer en soin apr\u00e8s-rasage. Apr\u00e8s une \u00e9pilation, lavez la peau du corps avec le Gel Douceur pour calmer l\u2019\u00e9piderme.<\/p>\n","protected":false},"excerpt":{"rendered":"<div id=\"product-description-short-4248\" class=\"description-short\">\n<p>Gel Nettoyant Doux : nettoie, apaise et r\u00e9pare les peaux sensibles et agress\u00e9es<\/p>\n<\/div>\n","protected":false},"featured_media":24464,"comment_status":"open","ping_status":"closed","template":"","meta":[],"product_cat":[20],"product_tag":[],"class_list":{"0":"post-17229","1":"product","2":"type-product","3":"status-publish","4":"has-post-thumbnail","6":"product_cat-accessories","8":"first","9":"instock","10":"shipping-taxable","11":"product-type-simple"},"jetpack_sharing_enabled":true,"_links":{"self":[{"href":"https:\/\/para-pharmacity.tn\/index.php?rest_route=\/wp\/v2\/product\/17229","targetHints":{"allow":["GET"]}}],"collection":[{"href":"https:\/\/para-pharmacity.tn\/index.php?rest_route=\/wp\/v2\/product"}],"about":[{"href":"https:\/\/para-pharmacity.tn\/index.php?rest_route=\/wp\/v2\/types\/product"}],"replies":[{"embeddable":true,"href":"https:\/\/para-pharmacity.tn\/index.php?rest_route=%2Fwp%2Fv2%2Fcomments&post=17229"}],"version-history":[{"count":2,"href":"https:\/\/para-pharmacity.tn\/index.php?rest_route=\/wp\/v2\/product\/17229\/revisions"}],"predecessor-version":[{"id":24466,"href":"https:\/\/para-pharmacity.tn\/index.php?rest_route=\/wp\/v2\/product\/17229\/revisions\/24466"}],"wp:featuredmedia":[{"embeddable":true,"href":"https:\/\/para-pharmacity.tn\/index.php?rest_route=\/wp\/v2\/media\/24464"}],"wp:attachment":[{"href":"https:\/\/para-pharmacity.tn\/index.php?rest_route=%2Fwp%2Fv2%2Fmedia&parent=17229"}],"wp:term":[{"taxonomy":"product_cat","embeddable":true,"href":"https:\/\/para-pharmacity.tn\/index.php?rest_route=%2Fwp%2Fv2%2Fproduct_cat&post=17229"},{"taxonomy":"product_tag","embeddable":true,"href":"https:\/\/para-pharmacity.tn\/index.php?rest_route=%2Fwp%2Fv2%2Fproduct_tag&post=17229"}],"curies":[{"name":"wp","href":"https:\/\/api.w.org\/{rel}","templated":true}]}}